{"id":10351,"date":"2016-09-14T22:05:21","date_gmt":"2016-09-14T20:05:21","guid":{"rendered":"http:\/\/klubmamgdynia.pl\/index.php\/produkt\/frikolino-pl-zestaw-grzechotka-gryzak-kolorowa-sensoryczna-4szt\/"},"modified":"2026-05-17T22:02:40","modified_gmt":"2026-05-17T20:02:40","slug":"frikolino-pl-zestaw-grzechotka-gryzak-kolorowa-sensoryczna-4szt","status":"publish","type":"product","link":"http:\/\/klubmamgdynia.pl\/index.php\/produkt\/frikolino-pl-zestaw-grzechotka-gryzak-kolorowa-sensoryczna-4szt\/","title":{"rendered":"Frikolino.Pl Zestaw Grzechotka Gryzak Kolorowa Sensoryczna 4Szt"},"content":{"rendered":"<p>ZESTAW GRZECHOTKA GRYZAK KOLOROWA SENSORYCZNA 4SZTWymiary: 26 x 20 x 5 cmKod EAN: 5902719794902Kod towaru: G4902<\/p>\n<h2>Frikolino.Pl Zestaw Grzechotka Gryzak Kolorowa Sensoryczna 4Szt Frikolino.pl<\/h2>\n<p>gotowe zaproszenia na urodziny do wydrukowania, quizy \u015bwi\u0105teczne bo\u017ce narodzenie, milena, m\u00f3j przyjaciel mi\u015b scenariusz zaj\u0119\u0107 w przedszkolu, gloria imi\u0119, ozdoby wielkanocne kt\u00f3re mog\u0105 zrobi\u0107 dzieci<\/p>\n<p><a href=\"https:\/\/komornikjust.pl\/komornik-tarnowo-podgorne.html\">licytacje komornicze tarnowo podg\u00f3rne<\/a><\/p>\n<p>&nbsp;<\/p>\n","protected":false},"excerpt":{"rendered":"<p>ZESTAW GRZECHOTKA GRYZAK KOLOROWA SENSORYCZNA 4SZTWymiary: 26 x 20 x 5 cmKod EAN: 5902719794902Kod towaru: G4902 Frikolino.Pl Zestaw Grzechotka Gryzak Kolorowa Sensoryczna 4Szt Frikolino.pl gotowe zaproszenia na urodziny do wydrukowania, quizy \u015bwi\u0105teczne bo\u017ce narodzenie, milena, m\u00f3j przyjaciel mi\u015b scenariusz zaj\u0119\u0107 w przedszkolu, gloria imi\u0119, ozdoby wielkanocne kt\u00f3re mog\u0105 zrobi\u0107 dzieci licytacje komornicze tarnowo podg\u00f3rne &nbsp;<\/p>\n","protected":false},"featured_media":10352,"comment_status":"closed","ping_status":"open","template":"","meta":[],"product_cat":[119,63],"product_tag":[674,594,684],"class_list":["post-10351","product","type-product","status-publish","has-post-thumbnail","hentry","product_cat-frikolino-pl","product_cat-grzechotki-i-gryzaki","product_tag-miasto-dzieci","product_tag-podchwytliwe-zagadki-dla-dzieci","product_tag-prezent-dla-dziewczynki-na-roczek"],"_links":{"self":[{"href":"http:\/\/klubmamgdynia.pl\/index.php\/wp-json\/wp\/v2\/product\/10351","targetHints":{"allow":["GET"]}}],"collection":[{"href":"http:\/\/klubmamgdynia.pl\/index.php\/wp-json\/wp\/v2\/product"}],"about":[{"href":"http:\/\/klubmamgdynia.pl\/index.php\/wp-json\/wp\/v2\/types\/product"}],"replies":[{"embeddable":true,"href":"http:\/\/klubmamgdynia.pl\/index.php\/wp-json\/wp\/v2\/comments?post=10351"}],"wp:featuredmedia":[{"embeddable":true,"href":"http:\/\/klubmamgdynia.pl\/index.php\/wp-json\/wp\/v2\/media\/10352"}],"wp:attachment":[{"href":"http:\/\/klubmamgdynia.pl\/index.php\/wp-json\/wp\/v2\/media?parent=10351"}],"wp:term":[{"taxonomy":"product_cat","embeddable":true,"href":"http:\/\/klubmamgdynia.pl\/index.php\/wp-json\/wp\/v2\/product_cat?post=10351"},{"taxonomy":"product_tag","embeddable":true,"href":"http:\/\/klubmamgdynia.pl\/index.php\/wp-json\/wp\/v2\/product_tag?post=10351"}],"curies":[{"name":"wp","href":"https:\/\/api.w.org\/{rel}","templated":true}]}}