{"id":10353,"date":"2024-08-12T18:43:10","date_gmt":"2024-08-12T16:43:10","guid":{"rendered":"http:\/\/klubmamgdynia.pl\/?post_type=product&#038;p=10353"},"modified":"2026-04-05T00:05:57","modified_gmt":"2026-04-04T22:05:57","slug":"kidwell-axel-titanium-gray","status":"publish","type":"product","link":"http:\/\/klubmamgdynia.pl\/index.php\/produkt\/kidwell-axel-titanium-gray\/","title":{"rendered":"Kidwell Axel Titanium Gray"},"content":{"rendered":"<p>Rowerek tr\u00f3jko\u0142owy Kidwell Axel Sk\u0142adany Obracany<\/p>\n<h2>Kidwell Axel Titanium Gray Derform<\/h2>\n<p>zabawy z 7 latkiem, ferie zimowe 2022 warszawa, prezent dla 7 latki, mia, dzieci z bullerbyn quiz, dla nastolatk\u00f3w prezenty, niezapomniany prezent na roczek, domki z rolek po papierze toaletowym, motto dla nauczyciela, miko\u0142ajek quiz, kolorowanki na dzie\u0144 babci, rysunki \u0142atwe, \u015bwi\u0119ty przemys\u0142aw, flagi pa\u0144stw quiz<\/p>\n<p>yyyyy<\/p>\n<p>&nbsp;<\/p>\n","protected":false},"excerpt":{"rendered":"<p>Rowerek tr\u00f3jko\u0142owy Kidwell Axel Sk\u0142adany Obracany Kidwell Axel Titanium Gray Derform zabawy z 7 latkiem, ferie zimowe 2022 warszawa, prezent dla 7 latki, mia, dzieci z bullerbyn quiz, dla nastolatk\u00f3w prezenty, niezapomniany prezent na roczek, domki z rolek po papierze toaletowym, motto dla nauczyciela, miko\u0142ajek quiz, kolorowanki na dzie\u0144 babci, rysunki \u0142atwe, \u015bwi\u0119ty przemys\u0142aw, flagi [&hellip;]<\/p>\n","protected":false},"featured_media":10354,"comment_status":"closed","ping_status":"open","template":"","meta":[],"product_cat":[1021,464],"product_tag":[765,593,730,786,620,823],"class_list":["post-10353","product","type-product","status-publish","has-post-thumbnail","hentry","product_cat-derform","product_cat-rowerki-trojkolowe","product_tag-atrakcje-dla-dzieci-warszawa","product_tag-jak-narysowac-konia","product_tag-karyna","product_tag-prezent-na-1-urodziny","product_tag-quiz-opowiesci-z-narnii","product_tag-zagadki-dla-dzieci-7-lat"],"_links":{"self":[{"href":"http:\/\/klubmamgdynia.pl\/index.php\/wp-json\/wp\/v2\/product\/10353","targetHints":{"allow":["GET"]}}],"collection":[{"href":"http:\/\/klubmamgdynia.pl\/index.php\/wp-json\/wp\/v2\/product"}],"about":[{"href":"http:\/\/klubmamgdynia.pl\/index.php\/wp-json\/wp\/v2\/types\/product"}],"replies":[{"embeddable":true,"href":"http:\/\/klubmamgdynia.pl\/index.php\/wp-json\/wp\/v2\/comments?post=10353"}],"wp:featuredmedia":[{"embeddable":true,"href":"http:\/\/klubmamgdynia.pl\/index.php\/wp-json\/wp\/v2\/media\/10354"}],"wp:attachment":[{"href":"http:\/\/klubmamgdynia.pl\/index.php\/wp-json\/wp\/v2\/media?parent=10353"}],"wp:term":[{"taxonomy":"product_cat","embeddable":true,"href":"http:\/\/klubmamgdynia.pl\/index.php\/wp-json\/wp\/v2\/product_cat?post=10353"},{"taxonomy":"product_tag","embeddable":true,"href":"http:\/\/klubmamgdynia.pl\/index.php\/wp-json\/wp\/v2\/product_tag?post=10353"}],"curies":[{"name":"wp","href":"https:\/\/api.w.org\/{rel}","templated":true}]}}