{"id":10355,"date":"2018-12-03T12:22:39","date_gmt":"2018-12-03T11:22:39","guid":{"rendered":"http:\/\/klubmamgdynia.pl\/index.php\/produkt\/bino-notes-magnetyczny-zwierzeta-z-klipsem\/"},"modified":"2026-04-03T19:58:41","modified_gmt":"2026-04-03T17:58:41","slug":"bino-notes-magnetyczny-zwierzeta-z-klipsem","status":"publish","type":"product","link":"http:\/\/klubmamgdynia.pl\/index.php\/produkt\/bino-notes-magnetyczny-zwierzeta-z-klipsem\/","title":{"rendered":"Bino Notes Magnetyczny Zwierz\u0119ta Z Klipsem"},"content":{"rendered":"<h2>Bino Notes Magnetyczny Zwierz\u0119ta Z Klipsem BINO<\/h2>\n<p>pokemon kolorowanki do druku, harry potter kolorowanka, kiedy dzieci chodza na halloween, kolorowanki lego friends, wy\u015bcig but\u00f3w, test z narnii, afryka\u0144skie imiona, dzie\u0144 pluszowego misia, prezent dla dziecka 1 rok, bajka terapeutyczna o z\u0142o\u015bci pdf, film o \u015bwi\u0119tach dla dzieci, co kupi\u0107 dziewczynce na roczek, kolorowanka super zings, maski karnawa\u0142owe do druku, kolorowanka kotek do druku, karaluchy pod poduchy a szczypawki, zawiedziona przyja\u017a\u0144 cytaty, kolorowanki wakacyjne<\/p>\n<p>yyyyy<\/p>\n<p>&nbsp;<\/p>\n","protected":false},"excerpt":{"rendered":"<p>Bino Notes Magnetyczny Zwierz\u0119ta Z Klipsem BINO pokemon kolorowanki do druku, harry potter kolorowanka, kiedy dzieci chodza na halloween, kolorowanki lego friends, wy\u015bcig but\u00f3w, test z narnii, afryka\u0144skie imiona, dzie\u0144 pluszowego misia, prezent dla dziecka 1 rok, bajka terapeutyczna o z\u0142o\u015bci pdf, film o \u015bwi\u0119tach dla dzieci, co kupi\u0107 dziewczynce na roczek, kolorowanka super zings, [&hellip;]<\/p>\n","protected":false},"featured_media":10356,"comment_status":"closed","ping_status":"open","template":"","meta":[],"product_cat":[322,21],"product_tag":[774,770,641],"class_list":["post-10355","product","type-product","status-publish","has-post-thumbnail","hentry","product_cat-bino","product_cat-zabawki-plastyczne","product_tag-prezent-na-roczek-nie-zabawka","product_tag-samolot-z-papieru","product_tag-trudne-zagadki-logiczne"],"_links":{"self":[{"href":"http:\/\/klubmamgdynia.pl\/index.php\/wp-json\/wp\/v2\/product\/10355","targetHints":{"allow":["GET"]}}],"collection":[{"href":"http:\/\/klubmamgdynia.pl\/index.php\/wp-json\/wp\/v2\/product"}],"about":[{"href":"http:\/\/klubmamgdynia.pl\/index.php\/wp-json\/wp\/v2\/types\/product"}],"replies":[{"embeddable":true,"href":"http:\/\/klubmamgdynia.pl\/index.php\/wp-json\/wp\/v2\/comments?post=10355"}],"wp:featuredmedia":[{"embeddable":true,"href":"http:\/\/klubmamgdynia.pl\/index.php\/wp-json\/wp\/v2\/media\/10356"}],"wp:attachment":[{"href":"http:\/\/klubmamgdynia.pl\/index.php\/wp-json\/wp\/v2\/media?parent=10355"}],"wp:term":[{"taxonomy":"product_cat","embeddable":true,"href":"http:\/\/klubmamgdynia.pl\/index.php\/wp-json\/wp\/v2\/product_cat?post=10355"},{"taxonomy":"product_tag","embeddable":true,"href":"http:\/\/klubmamgdynia.pl\/index.php\/wp-json\/wp\/v2\/product_tag?post=10355"}],"curies":[{"name":"wp","href":"https:\/\/api.w.org\/{rel}","templated":true}]}}