{"id":10357,"date":"2012-05-15T07:43:07","date_gmt":"2012-05-15T05:43:07","guid":{"rendered":"http:\/\/klubmamgdynia.pl\/index.php\/produkt\/mirage-zestaw-kreatywny-mustang\/"},"modified":"2026-04-29T07:26:27","modified_gmt":"2026-04-29T05:26:27","slug":"mirage-zestaw-kreatywny-mustang","status":"publish","type":"product","link":"http:\/\/klubmamgdynia.pl\/index.php\/produkt\/mirage-zestaw-kreatywny-mustang\/","title":{"rendered":"Mirage Zestaw Kreatywny Mustang"},"content":{"rendered":"<p>Zestaw kreatywny &#8211; MustangStw\u00f3rz niepowtarzaln\u0105 dekoracj\u0119. Odkryj malowanie na nowo i to w wymiarze 3D. Nowa linia zestaw\u00f3w kreatywnych to mo\u017cliwo\u015b\u0107 stworzenia w\u0142asnej, niepowtarzalnej galerii ulubionych zwierz\u0105t.Mirage Hobby zaprezentowa\u0142 now\u0105 lini\u0119 produkt\u00f3w, kt\u00f3ra znacz\u0105co odr\u00f3\u017cnia si\u0119 od dotychczasowego portfolio firmy. Zestawy kreatywne do samodzielnego pomalowania, to unikalna seria do samodzielnego pomalowania, na kt\u00f3r\u0105 warto zwr\u00f3ci\u0107 uwag\u0119 zwielu powod\u00f3w. Przedstawiamy te najwa\u017cniejsze:Wyj\u0105tkowa tematyka &#8211; Zestawy kreatywne od Mirage Hobby proponuj\u0105 kolekcj\u0119 obrazk\u00f3w, kt\u00f3rych bohaterami s\u0105 konkretne rasy zwierz\u0105t. realistyczne odzwierciedlenie danej rasy psa, kota, konia, czy futrzaka, wyr\u00f3\u017cnia t\u0119 seri\u0119 na tle innych zestaw\u00f3w do samodzielnego malowania. Kolekcja obejmuje 4 serie po 8 wzor\u00f3w. Np. w serii koni znajdziemy konia: andaluzyjskiego, angielskiego, arabskiego, breto\u0144skiego, Holszty\u0144skiego, Quoter Horse, Mustanga, Trake\u0144skiego. W serii ps\u00f3w nie zabrak\u0142o cho\u0107by yorka.Obrazki 3D &#8211; Obrazek pupila w Zestawach Kreatywnych Mirage Hobby, to wypuk\u0142a wyt\u0142oczka 3d. To r\u00f3wnie\u017c unikalna cecha tego produktu, wyr\u00f3\u017cniaj\u0105ca go na rynku. Poniewa\u017c jest ona wykonana z plastiku, mo\u017cliwe jest umycie obrazka ciep\u0142a wod\u0105 zmyd\u0142em i powt\u00f3rne jego pomalowanie, dzi\u0119ki temu mo\u017cna poprawia\u0107 i dopracowywa\u0107 swoje dzie\u0142o do uzyskania po\u017c\u0105danego efektu.Propozycja dla m\u0142odszych i starszych artyst\u00f3w &#8211; Zestawy kreatywne to przygotowane do malowania obrazki pupili, jednak\u017ce dok\u0142adne odwzorowanie ras zwierz\u0105t sprawia, i\u017c jest ona na nieco wy\u017cszym poziomie, dlatego te\u017c mo\u017ce by\u0107 interesuj\u0105ca dla starszych dzieci, jak r\u00f3wnie\u017c dla doros\u0142ych.EAN:  5901461630063Gwarancja:  24 miesi\u0105ceKod dostawcy:  63006Nr katalogowy:  63006Marka:  BrakObszar:  Do malowania\/dekorowaniaRodzaj:  Ozdoby do pokojuWymagania wiekowe:  od 9 latP\u0142e\u0107:  Dziewczynki i ch\u0142opcyKolor:  WielokolorowyAkcesoria w zestawie:  &#8211; 1 wypuk\u0142y plastikowy obrazek przedstawiaj\u0105cy portret pupila- 6 farb akrylowych- P\u0119dzelek- Ramka do postawienia lub powieszenia- Schemat mieszania zawartych kolor\u00f3w w celu uzyskania innych barwWaga:  150 gPozosta\u0142e parametry:  Wymiary opakowania: 22,5 x 20 x 3 cm<\/p>\n<h2>Mirage Zestaw Kreatywny Mustang Mirage<\/h2>\n<p>mi\u0142osz imi\u0119, rzadkie imiona \u017ce\u0144skie, testy z lektury zemsta, dyplomy dla przedszkolak\u00f3w do wydrukowania, bruno, malowanki \u015bwi\u0105teczne, zagadki o przyborach szkolnych, choinko pi\u0119kna jak las tekst, kolorowanka pies, zagadki logiczne i odpowiedzi, prezent dla dwunastolatka, test miko\u0142ajek 25 pyta\u0144, lukrecja imie, quiz dla dzieci<\/p>\n<p>yyyyy<\/p>\n<p>&nbsp;<\/p>\n","protected":false},"excerpt":{"rendered":"<p>Zestaw kreatywny &#8211; MustangStw\u00f3rz niepowtarzaln\u0105 dekoracj\u0119. Odkryj malowanie na nowo i to w wymiarze 3D. Nowa linia zestaw\u00f3w kreatywnych to mo\u017cliwo\u015b\u0107 stworzenia w\u0142asnej, niepowtarzalnej galerii ulubionych zwierz\u0105t.Mirage Hobby zaprezentowa\u0142 now\u0105 lini\u0119 produkt\u00f3w, kt\u00f3ra znacz\u0105co odr\u00f3\u017cnia si\u0119 od dotychczasowego portfolio firmy. Zestawy kreatywne do samodzielnego pomalowania, to unikalna seria do samodzielnego pomalowania, na kt\u00f3r\u0105 warto zwr\u00f3ci\u0107 [&hellip;]<\/p>\n","protected":false},"featured_media":10358,"comment_status":"closed","ping_status":"open","template":"","meta":[],"product_cat":[547,21],"product_tag":[689,678,760,873,756],"class_list":["post-10357","product","type-product","status-publish","has-post-thumbnail","hentry","product_cat-mirage","product_cat-zabawki-plastyczne","product_tag-linda","product_tag-prezent-na-roczek-dla-dziewczynki","product_tag-zagadka-matematyczna","product_tag-zagadki-z-odpowiedziami-dla-dzieci","product_tag-zaproszenie-na-urodziny-do-druku"],"_links":{"self":[{"href":"http:\/\/klubmamgdynia.pl\/index.php\/wp-json\/wp\/v2\/product\/10357","targetHints":{"allow":["GET"]}}],"collection":[{"href":"http:\/\/klubmamgdynia.pl\/index.php\/wp-json\/wp\/v2\/product"}],"about":[{"href":"http:\/\/klubmamgdynia.pl\/index.php\/wp-json\/wp\/v2\/types\/product"}],"replies":[{"embeddable":true,"href":"http:\/\/klubmamgdynia.pl\/index.php\/wp-json\/wp\/v2\/comments?post=10357"}],"wp:featuredmedia":[{"embeddable":true,"href":"http:\/\/klubmamgdynia.pl\/index.php\/wp-json\/wp\/v2\/media\/10358"}],"wp:attachment":[{"href":"http:\/\/klubmamgdynia.pl\/index.php\/wp-json\/wp\/v2\/media?parent=10357"}],"wp:term":[{"taxonomy":"product_cat","embeddable":true,"href":"http:\/\/klubmamgdynia.pl\/index.php\/wp-json\/wp\/v2\/product_cat?post=10357"},{"taxonomy":"product_tag","embeddable":true,"href":"http:\/\/klubmamgdynia.pl\/index.php\/wp-json\/wp\/v2\/product_tag?post=10357"}],"curies":[{"name":"wp","href":"https:\/\/api.w.org\/{rel}","templated":true}]}}