{"id":10359,"date":"2019-09-14T23:25:56","date_gmt":"2019-09-14T21:25:56","guid":{"rendered":"http:\/\/klubmamgdynia.pl\/index.php\/produkt\/nobo-kids-mata-wodna-dmuchana-ch193685\/"},"modified":"2026-04-04T00:52:26","modified_gmt":"2026-04-03T22:52:26","slug":"nobo-kids-mata-wodna-dmuchana-ch193685","status":"publish","type":"product","link":"http:\/\/klubmamgdynia.pl\/index.php\/produkt\/nobo-kids-mata-wodna-dmuchana-ch193685\/","title":{"rendered":"Nobo Kids Mata Wodna Dmuchana (CH193685)"},"content":{"rendered":"<p>Edukacyjna mata wodna wspomaga rozw\u00f3j cia\u0142a i umys\u0142u dziecka, zapewniaj\u0105c mu przy tym du\u017co zabawy. Ko\u0142nierz maty jest nadmuchiwany, a \u015brodek nape\u0142niany ciep\u0142\u0105 lub zimn\u0105 wod\u0105. Wewn\u0105trz maty znajduj\u0105 si\u0119 piankowe zwierz\u0105tka, kt\u00f3re poruszaj\u0105 si\u0119 pod wp\u0142ywem wody. Podczas zabawy na macie dziecko uczy si\u0119 samodzielnego utrzymywania r\u00f3wnowagi oraz poruszania si\u0119. P\u0142ywaj\u0105ce zwierz\u0105tka przyci\u0105gaj\u0105 uwag\u0119 dziecka, a kolorystyka i kszta\u0142ty wspomagaj\u0105 rozw\u00f3j wyobra\u017ani i koncentracji.Mata wodna wspomaga rozw\u00f3j:- mi\u0119\u015bni szyi, g\u0142owy, brzucha, ramion i plec\u00f3w- koordynacji wzrokowo-ruchowej- zdolno\u015bci motorycznych- wyobra\u017ani i koncentracjiMata wodna zapakowana jest w foliowy woreczek.Mata wykonana jest z tworzywa sztucznego. Nowy produkt ma sw\u00f3j specyficzny zapach kt\u00f3ry po odpakowaniu do\u015b\u0107 szybko wietrzeje. Je\u017celi chcemy przy\u015bpieszy\u0107 ten proces zalecanym i cz\u0119sto praktykowanym sposobem jest przemycie maty ciep\u0142\u0105 wod\u0105 z dodatkiem myd\u0142a dla dzieci.Odpowiedni wiek: 3 lata+Wymiary maty po roz\u0142o\u017ceniu: 55 (d\u0142.) x 45 (szer.) x 6,5 (wys.) cmWymiary maty po z\u0142o\u017ceniu: 17 (d\u0142.) x 2,5 (szer.) x 14 (wys.) cmInformacja od producenta: Nie nadaje si\u0119 dla dzieci w wieku poni\u017cej 36 miesi\u0119cy. Zawiera ma\u0142e cz\u0119\u015bci, kt\u00f3re \u0142atwo po\u0142kn\u0105\u0107 lub kt\u00f3re mog\u0105 si\u0119 dosta\u0107 do dr\u00f3g oddechowych. Niebezpiecze\u0144stwo uduszenia.<\/p>\n<h2>Nobo Kids Mata Wodna Dmuchana (CH193685) Nobo Kids<\/h2>\n<p>prezent dla rocznej dziewczynki, kolysanki tekst, peppa kolorowanka do druku, rozalia imi\u0119, kolorowanka peppa, kolorowanka lol, marcelina imi\u0119, cytat z ma\u0142ego ksi\u0119cia o przyja\u017ani, zagadki logiczne \u015bmieszne, kolorowanki pikachu, pytania do lektury asiunia, atrakcje dla dzieci mazowieckie, nietypowe imiona, prezent dla dziewczynki 7 lat, kr\u00f3tkie cytaty o mamie, kubu\u015b puchatek cytaty, pomys\u0142 na prezent dla nastolatka, warszawa z dzieckiem<\/p>\n<p>yyyyy<\/p>\n<p>&nbsp;<\/p>\n","protected":false},"excerpt":{"rendered":"<p>Edukacyjna mata wodna wspomaga rozw\u00f3j cia\u0142a i umys\u0142u dziecka, zapewniaj\u0105c mu przy tym du\u017co zabawy. Ko\u0142nierz maty jest nadmuchiwany, a \u015brodek nape\u0142niany ciep\u0142\u0105 lub zimn\u0105 wod\u0105. Wewn\u0105trz maty znajduj\u0105 si\u0119 piankowe zwierz\u0105tka, kt\u00f3re poruszaj\u0105 si\u0119 pod wp\u0142ywem wody. Podczas zabawy na macie dziecko uczy si\u0119 samodzielnego utrzymywania r\u00f3wnowagi oraz poruszania si\u0119. P\u0142ywaj\u0105ce zwierz\u0105tka przyci\u0105gaj\u0105 uwag\u0119 [&hellip;]<\/p>\n","protected":false},"featured_media":10360,"comment_status":"closed","ping_status":"open","template":"","meta":[],"product_cat":[91,963],"product_tag":[827,603,696,732,726,822,592],"class_list":["post-10359","product","type-product","status-publish","has-post-thumbnail","hentry","product_cat-nobo-kids","product_cat-pozostale-zabawki-dla-niemowlat","product_tag-bajki-dla-niemowlat","product_tag-bajki-do-czytania","product_tag-film-rodzinny-o-swietach","product_tag-prezent-dla-rocznego-chlopca","product_tag-quiz-zemsta","product_tag-wierszyki-o-wakacjach-krotkie","product_tag-zagadki-dla-dzieci"],"_links":{"self":[{"href":"http:\/\/klubmamgdynia.pl\/index.php\/wp-json\/wp\/v2\/product\/10359","targetHints":{"allow":["GET"]}}],"collection":[{"href":"http:\/\/klubmamgdynia.pl\/index.php\/wp-json\/wp\/v2\/product"}],"about":[{"href":"http:\/\/klubmamgdynia.pl\/index.php\/wp-json\/wp\/v2\/types\/product"}],"replies":[{"embeddable":true,"href":"http:\/\/klubmamgdynia.pl\/index.php\/wp-json\/wp\/v2\/comments?post=10359"}],"wp:featuredmedia":[{"embeddable":true,"href":"http:\/\/klubmamgdynia.pl\/index.php\/wp-json\/wp\/v2\/media\/10360"}],"wp:attachment":[{"href":"http:\/\/klubmamgdynia.pl\/index.php\/wp-json\/wp\/v2\/media?parent=10359"}],"wp:term":[{"taxonomy":"product_cat","embeddable":true,"href":"http:\/\/klubmamgdynia.pl\/index.php\/wp-json\/wp\/v2\/product_cat?post=10359"},{"taxonomy":"product_tag","embeddable":true,"href":"http:\/\/klubmamgdynia.pl\/index.php\/wp-json\/wp\/v2\/product_tag?post=10359"}],"curies":[{"name":"wp","href":"https:\/\/api.w.org\/{rel}","templated":true}]}}