{"id":10365,"date":"2016-04-02T17:34:30","date_gmt":"2016-04-02T15:34:30","guid":{"rendered":"http:\/\/klubmamgdynia.pl\/index.php\/produkt\/coolpack-piornik-z-wyposazeniem-jumper-2-podwojny\/"},"modified":"2026-05-17T22:29:32","modified_gmt":"2026-05-17T20:29:32","slug":"coolpack-piornik-z-wyposazeniem-jumper-2-podwojny","status":"publish","type":"product","link":"http:\/\/klubmamgdynia.pl\/index.php\/produkt\/coolpack-piornik-z-wyposazeniem-jumper-2-podwojny\/","title":{"rendered":"Coolpack Pi\u00f3rnik Z Wyposa\u017ceniem Jumper 2 Podw\u00f3jny"},"content":{"rendered":"<p>Pi\u00f3rnik Jumper 2 CoolpackPi\u00f3rnik podw\u00f3jny Jumper 2 Coolpack doskonale nada si\u0119 do szko\u0142y, jak i do przedszkola.Pozw\u00f3l swojemu dziecku mie\u0107 zawsze przy sobie przybory szkolne.Ciekawy design pi\u00f3rnika sprawi, \u017ce nikt nie przejdzie obok niego oboj\u0119tnie, a m\u0142ody u\u017cytkownik poczuje si\u0119 wyj\u0105tkowo, gdy b\u0119dzie z niego korzysta\u0142.Pi\u00f3rnik jest podw\u00f3jny, zmie\u015bci jeszcze wi\u0119cej przybor\u00f3w niezb\u0119dnych na kreatywnych lekcjach.Wytrzyma\u0142e zamki b\u0142yskawiczne pozwol\u0105 na bezpieczne przenoszenie przedmiot\u00f3w, wi\u0119c niczym nie b\u0119dziesz musia\u0142 si\u0119 przejmowa\u0107.SPECYFIKA:wysoka jako\u015b\u0107,dba\u0142o\u015b\u0107 o szczeg\u00f3\u0142yZawarto\u015b\u0107:12 Kredek o\u0142\u00f3wkowych12 Flamastr\u00f3wO\u0142\u00f3wekD\u0142ugopisLinijkaGumka do \u015bcieraniaTemper\u00f3wka<\/p>\n<h2>Coolpack Pi\u00f3rnik Z Wyposa\u017ceniem Jumper 2 Podw\u00f3jny Coolpack<\/h2>\n<p>kolorowanki ninjago, kajko i kokosz test z lektury, krzy\u017c\u00f3wki dla dzieci do druku, bajki dla niemowl\u0105t, \u0142amig\u0142\u00f3wki dla dzieci do druku, tajemniczy ogr\u00f3d test z lektury, janusz korczak cytaty, mi\u015b z filmu animowanego, proste szczere \u017cyczenia bo\u017conarodzeniowe, cytat na dzie\u0144 matki, gloria imi\u0119<\/p>\n<p>yyyyy<\/p>\n<p>&nbsp;<\/p>\n","protected":false},"excerpt":{"rendered":"<p>Pi\u00f3rnik Jumper 2 CoolpackPi\u00f3rnik podw\u00f3jny Jumper 2 Coolpack doskonale nada si\u0119 do szko\u0142y, jak i do przedszkola.Pozw\u00f3l swojemu dziecku mie\u0107 zawsze przy sobie przybory szkolne.Ciekawy design pi\u00f3rnika sprawi, \u017ce nikt nie przejdzie obok niego oboj\u0119tnie, a m\u0142ody u\u017cytkownik poczuje si\u0119 wyj\u0105tkowo, gdy b\u0119dzie z niego korzysta\u0142.Pi\u00f3rnik jest podw\u00f3jny, zmie\u015bci jeszcze wi\u0119cej przybor\u00f3w niezb\u0119dnych na kreatywnych [&hellip;]<\/p>\n","protected":false},"featured_media":10366,"comment_status":"closed","ping_status":"open","template":"","meta":[],"product_cat":[1407,976],"product_tag":[687,703,695,586,857],"class_list":["post-10365","product","type-product","status-publish","has-post-thumbnail","hentry","product_cat-coolpack","product_cat-piorniki","product_tag-podchwytliwe-zagadki-matematyczne","product_tag-prezent-dla-nastolatki","product_tag-rzadkie-imiona-zenskie","product_tag-smieszne-zagadki","product_tag-zagadki-dla-dzieci-7-8-lat"],"_links":{"self":[{"href":"http:\/\/klubmamgdynia.pl\/index.php\/wp-json\/wp\/v2\/product\/10365","targetHints":{"allow":["GET"]}}],"collection":[{"href":"http:\/\/klubmamgdynia.pl\/index.php\/wp-json\/wp\/v2\/product"}],"about":[{"href":"http:\/\/klubmamgdynia.pl\/index.php\/wp-json\/wp\/v2\/types\/product"}],"replies":[{"embeddable":true,"href":"http:\/\/klubmamgdynia.pl\/index.php\/wp-json\/wp\/v2\/comments?post=10365"}],"wp:featuredmedia":[{"embeddable":true,"href":"http:\/\/klubmamgdynia.pl\/index.php\/wp-json\/wp\/v2\/media\/10366"}],"wp:attachment":[{"href":"http:\/\/klubmamgdynia.pl\/index.php\/wp-json\/wp\/v2\/media?parent=10365"}],"wp:term":[{"taxonomy":"product_cat","embeddable":true,"href":"http:\/\/klubmamgdynia.pl\/index.php\/wp-json\/wp\/v2\/product_cat?post=10365"},{"taxonomy":"product_tag","embeddable":true,"href":"http:\/\/klubmamgdynia.pl\/index.php\/wp-json\/wp\/v2\/product_tag?post=10365"}],"curies":[{"name":"wp","href":"https:\/\/api.w.org\/{rel}","templated":true}]}}