{"id":10367,"date":"2011-02-05T06:48:59","date_gmt":"2011-02-05T05:48:59","guid":{"rendered":"http:\/\/klubmamgdynia.pl\/index.php\/produkt\/ses-creative-masa-plastyczna-zabawa-z-jednorozcem\/"},"modified":"2026-04-29T23:50:04","modified_gmt":"2026-04-29T21:50:04","slug":"ses-creative-masa-plastyczna-zabawa-z-jednorozcem","status":"publish","type":"product","link":"http:\/\/klubmamgdynia.pl\/index.php\/produkt\/ses-creative-masa-plastyczna-zabawa-z-jednorozcem\/","title":{"rendered":"Ses Creative Masa Plastyczna Zabawa Z Jednoro\u017ccem"},"content":{"rendered":"<p>Ciasto jest kolorowe, mi\u0119kkie i dzi\u0119ki szczelnemu zamkni\u0119ciu, mo\u017cna stale z niego korzysta\u0107, bo nie wysycha. Z t\u0105 ciastolin\u0105 \u015bwietna i d\u0142uga zabawa zagwarantowana. Korzystanie z ciastoliny jest bardzo bezpieczne, jej smak jest bardzo s\u0142ony co uniemo\u017cliwia zjedzenie jej dzieciom. Produkt bezglutenowy.Zestaw dzi\u0119ki kt\u00f3remu wyczarujesz kolorowe jednoro\u017cce.Zabawa z jednoro\u017ccami jest o wiele \u0142atwiejsze dzi\u0119ki piankowym figurkom, kt\u00f3re s\u0105 w tym zestawie. U\u017cyj ciastoliny do ozdobienia figurek z pianki i stw\u00f3rz w\u0142asne pi\u0119kne jednoro\u017cce. Mo\u017cesz wyko\u0144czy\u0107 swoje dzie\u0142o grzyw\u0105, ogonem, skrzyd\u0142ami i oczami z pianki.Zawarto\u015b\u0107: Ciastolina z brokatem-\u017c\u00f3\u0142ta,r\u00f3\u017cowa,niebieska Elementy piankoweKod paskowy: 8710341004323Rok wydania: 2018Kod wydawcy: 44953Oprawa: Pude\u0142ko kartonoweFormat: 20.0&#215;20.0cmG\u0142\u0119boko\u015b\u0107 (mm): 5Waga: 0.378Dzia\u0142\/Kategorie: Zabawki \/ Zabawki kreatywne \/ Masy plastyczneJ\u0119zyki: polskiWiek: 3-4 lataP\u0142e\u0107: dziewczynkaGrupa towarowa: Zabawki<\/p>\n<h2>Ses Creative Masa Plastyczna Zabawa Z Jednoro\u017ccem Ses Creative<\/h2>\n<p>zagadki podchwytliwe z odpowiedziami, prezent dla 15 latki, malowanki do druku, zagadki o zwierz\u0119tach dla dzieci, jaki prezent na roczek dla ch\u0142opca, zagadki o zwierzetach, gad\u017cety dla nastolatki, bajka do czytania, co kupi\u0107 nastolatce na \u015bwi\u0119ta, krzy\u017c\u00f3wki dla dzieci, kwiatek kwiaty do druku szablony, wzory zaprosze\u0144 zaproszenie na urodziny szablon do druku, prezent na dzie\u0144 dziecka dla nastolatk\u00f3w, pomys\u0142y na prezent na roczek, fabian, \u015bmigus dyngus lany poniedzia\u0142ek zyczenia, jazda konna dla dzieci<\/p>\n<p>yyyyy<\/p>\n<p>&nbsp;<\/p>\n","protected":false},"excerpt":{"rendered":"<p>Ciasto jest kolorowe, mi\u0119kkie i dzi\u0119ki szczelnemu zamkni\u0119ciu, mo\u017cna stale z niego korzysta\u0107, bo nie wysycha. Z t\u0105 ciastolin\u0105 \u015bwietna i d\u0142uga zabawa zagwarantowana. Korzystanie z ciastoliny jest bardzo bezpieczne, jej smak jest bardzo s\u0142ony co uniemo\u017cliwia zjedzenie jej dzieciom. Produkt bezglutenowy.Zestaw dzi\u0119ki kt\u00f3remu wyczarujesz kolorowe jednoro\u017cce.Zabawa z jednoro\u017ccami jest o wiele \u0142atwiejsze dzi\u0119ki piankowym [&hellip;]<\/p>\n","protected":false},"featured_media":10368,"comment_status":"closed","ping_status":"open","template":"","meta":[],"product_cat":[1072,21],"product_tag":[666,864,656,616,778,788],"class_list":["post-10367","product","type-product","status-publish","has-post-thumbnail","hentry","product_cat-ses-creative","product_cat-zabawki-plastyczne","product_tag-afrykanskie-imiona","product_tag-basen-warszawa","product_tag-kolorowanki-lol","product_tag-test-mikolajek-25-pytan","product_tag-zabawki-na-roczek-dla-chlopca","product_tag-zagadki-krotkie"],"_links":{"self":[{"href":"http:\/\/klubmamgdynia.pl\/index.php\/wp-json\/wp\/v2\/product\/10367","targetHints":{"allow":["GET"]}}],"collection":[{"href":"http:\/\/klubmamgdynia.pl\/index.php\/wp-json\/wp\/v2\/product"}],"about":[{"href":"http:\/\/klubmamgdynia.pl\/index.php\/wp-json\/wp\/v2\/types\/product"}],"replies":[{"embeddable":true,"href":"http:\/\/klubmamgdynia.pl\/index.php\/wp-json\/wp\/v2\/comments?post=10367"}],"wp:featuredmedia":[{"embeddable":true,"href":"http:\/\/klubmamgdynia.pl\/index.php\/wp-json\/wp\/v2\/media\/10368"}],"wp:attachment":[{"href":"http:\/\/klubmamgdynia.pl\/index.php\/wp-json\/wp\/v2\/media?parent=10367"}],"wp:term":[{"taxonomy":"product_cat","embeddable":true,"href":"http:\/\/klubmamgdynia.pl\/index.php\/wp-json\/wp\/v2\/product_cat?post=10367"},{"taxonomy":"product_tag","embeddable":true,"href":"http:\/\/klubmamgdynia.pl\/index.php\/wp-json\/wp\/v2\/product_tag?post=10367"}],"curies":[{"name":"wp","href":"https:\/\/api.w.org\/{rel}","templated":true}]}}