{"id":10369,"date":"2017-03-10T19:56:29","date_gmt":"2017-03-10T18:56:29","guid":{"rendered":"http:\/\/klubmamgdynia.pl\/index.php\/produkt\/aladine-szablon-do-pasty-3d-8x8cm-gwiazda\/"},"modified":"2026-05-17T21:23:21","modified_gmt":"2026-05-17T19:23:21","slug":"aladine-szablon-do-pasty-3d-8x8cm-gwiazda","status":"publish","type":"product","link":"http:\/\/klubmamgdynia.pl\/index.php\/produkt\/aladine-szablon-do-pasty-3d-8x8cm-gwiazda\/","title":{"rendered":"Aladine Szablon Do Pasty 3D 8X8Cm Gwiazda"},"content":{"rendered":"<p>Szablon z grubszego plastiku. Zewn\u0119trzne wymiary: 8&#215;8 cm. Niesamoprzylepny. Mo\u017cna na nim stosowa\u0107 klej do szablon\u00f3w.<\/p>\n<h2>Aladine Szablon Do Pasty 3D 8X8Cm Gwiazda Aladine<\/h2>\n<p>cytaty o dzieciach i rodzinie, zagadki matematyczne dla dzieci, test lew czarownica i stara szafa, henryk, prezent dla ch\u0142opca na roczek, t\u0119cza kolorowanka, quiz z ma\u0142ego ksi\u0119cia, kolorowanka pokemon, piesek do kolorowania, imi\u0119 marcel, super zings kolorowanki, gloria imi\u0119, hymn g\u00f3rniczy, kolorowanka dla dzieci, test z lektury ten obcy, jedzie poci\u0105g z daleka tekst, jordan co oznacza, podchwytliwe zagadki dla dzieci, kolorowanka lol do druku, kolorowanka \u015bwi\u0105teczna do wydruku<\/p>\n<p>yyyyy<\/p>\n<p>&nbsp;<\/p>\n","protected":false},"excerpt":{"rendered":"<p>Szablon z grubszego plastiku. Zewn\u0119trzne wymiary: 8&#215;8 cm. Niesamoprzylepny. Mo\u017cna na nim stosowa\u0107 klej do szablon\u00f3w. Aladine Szablon Do Pasty 3D 8X8Cm Gwiazda Aladine cytaty o dzieciach i rodzinie, zagadki matematyczne dla dzieci, test lew czarownica i stara szafa, henryk, prezent dla ch\u0142opca na roczek, t\u0119cza kolorowanka, quiz z ma\u0142ego ksi\u0119cia, kolorowanka pokemon, piesek do [&hellip;]<\/p>\n","protected":false},"featured_media":10370,"comment_status":"closed","ping_status":"open","template":"","meta":[],"product_cat":[1880,21],"product_tag":[720,695,625,860],"class_list":["post-10369","product","type-product","status-publish","has-post-thumbnail","hentry","product_cat-aladine","product_cat-zabawki-plastyczne","product_tag-malowanki","product_tag-rzadkie-imiona-zenskie","product_tag-trojmiasto-atrakcje-dla-dzieci","product_tag-zagadki-logiczne-dla-doroslych"],"_links":{"self":[{"href":"http:\/\/klubmamgdynia.pl\/index.php\/wp-json\/wp\/v2\/product\/10369","targetHints":{"allow":["GET"]}}],"collection":[{"href":"http:\/\/klubmamgdynia.pl\/index.php\/wp-json\/wp\/v2\/product"}],"about":[{"href":"http:\/\/klubmamgdynia.pl\/index.php\/wp-json\/wp\/v2\/types\/product"}],"replies":[{"embeddable":true,"href":"http:\/\/klubmamgdynia.pl\/index.php\/wp-json\/wp\/v2\/comments?post=10369"}],"wp:featuredmedia":[{"embeddable":true,"href":"http:\/\/klubmamgdynia.pl\/index.php\/wp-json\/wp\/v2\/media\/10370"}],"wp:attachment":[{"href":"http:\/\/klubmamgdynia.pl\/index.php\/wp-json\/wp\/v2\/media?parent=10369"}],"wp:term":[{"taxonomy":"product_cat","embeddable":true,"href":"http:\/\/klubmamgdynia.pl\/index.php\/wp-json\/wp\/v2\/product_cat?post=10369"},{"taxonomy":"product_tag","embeddable":true,"href":"http:\/\/klubmamgdynia.pl\/index.php\/wp-json\/wp\/v2\/product_tag?post=10369"}],"curies":[{"name":"wp","href":"https:\/\/api.w.org\/{rel}","templated":true}]}}