{"id":10371,"date":"2025-08-16T07:42:41","date_gmt":"2025-08-16T05:42:41","guid":{"rendered":"http:\/\/klubmamgdynia.pl\/?post_type=product&#038;p=10371"},"modified":"2026-05-17T22:35:22","modified_gmt":"2026-05-17T20:35:22","slug":"meri-meri-czapeczki-urodzinowe-kapelusze-abrakadabra-gxp823047","status":"publish","type":"product","link":"http:\/\/klubmamgdynia.pl\/index.php\/produkt\/meri-meri-czapeczki-urodzinowe-kapelusze-abrakadabra-gxp823047\/","title":{"rendered":"Meri Meri Czapeczki urodzinowe kapelusze Abrakadabra (GXP823047)"},"content":{"rendered":"<p>Czapeczki urodzinowe &#8211; kapelusze AbrakadabraZestaw 8 papierowych kapeluszy na gumk\u0119.Pochodz\u0105ca z Nowego Jorku marka Meri Meri to produkty inspirowane dzieci\u0119c\u0105 wyobra\u017ani\u0105 i zakorzenione w wyrafinowanym designie. Wysokiej jako\u015bci produkty o doskona\u0142ym wygl\u0105dzie od ponad 30 lat towarzysz\u0105 dzieciom i doros\u0142ym na luksusowych przyj\u0119ciach okoliczno\u015bciowych, stanowi\u0105 pi\u0119kne elementy wystroju wn\u0119trz i pobudzaj\u0105 wyobra\u017ani\u0119 podczas codziennej zabawy.<\/p>\n<h2>Meri Meri Czapeczki urodzinowe kapelusze Abrakadabra (GXP823047) Meri Meri<\/h2>\n<p>prezent dla 17 latki, rebusy i krzy\u017c\u00f3wki dla dzieci do druku, maski superbohater\u00f3w do wydrukowania, stare wiersze dla dzieci, znaczenie imiona justyna<\/p>\n<p>yyyyy<\/p>\n<p>&nbsp;<\/p>\n","protected":false},"excerpt":{"rendered":"<p>Czapeczki urodzinowe &#8211; kapelusze AbrakadabraZestaw 8 papierowych kapeluszy na gumk\u0119.Pochodz\u0105ca z Nowego Jorku marka Meri Meri to produkty inspirowane dzieci\u0119c\u0105 wyobra\u017ani\u0105 i zakorzenione w wyrafinowanym designie. Wysokiej jako\u015bci produkty o doskona\u0142ym wygl\u0105dzie od ponad 30 lat towarzysz\u0105 dzieciom i doros\u0142ym na luksusowych przyj\u0119ciach okoliczno\u015bciowych, stanowi\u0105 pi\u0119kne elementy wystroju wn\u0119trz i pobudzaj\u0105 wyobra\u017ani\u0119 podczas codziennej zabawy. [&hellip;]<\/p>\n","protected":false},"featured_media":10372,"comment_status":"closed","ping_status":"open","template":"","meta":[],"product_cat":[1902,1126],"product_tag":[854,655,876,595],"class_list":["post-10371","product","type-product","status-publish","has-post-thumbnail","hentry","product_cat-meri-meri","product_cat-ozdobne-dodatki","product_tag-cytaty-rodzina","product_tag-najlepsze-zagadki","product_tag-przyjazn","product_tag-zagadki-dla-6-latka"],"_links":{"self":[{"href":"http:\/\/klubmamgdynia.pl\/index.php\/wp-json\/wp\/v2\/product\/10371","targetHints":{"allow":["GET"]}}],"collection":[{"href":"http:\/\/klubmamgdynia.pl\/index.php\/wp-json\/wp\/v2\/product"}],"about":[{"href":"http:\/\/klubmamgdynia.pl\/index.php\/wp-json\/wp\/v2\/types\/product"}],"replies":[{"embeddable":true,"href":"http:\/\/klubmamgdynia.pl\/index.php\/wp-json\/wp\/v2\/comments?post=10371"}],"wp:featuredmedia":[{"embeddable":true,"href":"http:\/\/klubmamgdynia.pl\/index.php\/wp-json\/wp\/v2\/media\/10372"}],"wp:attachment":[{"href":"http:\/\/klubmamgdynia.pl\/index.php\/wp-json\/wp\/v2\/media?parent=10371"}],"wp:term":[{"taxonomy":"product_cat","embeddable":true,"href":"http:\/\/klubmamgdynia.pl\/index.php\/wp-json\/wp\/v2\/product_cat?post=10371"},{"taxonomy":"product_tag","embeddable":true,"href":"http:\/\/klubmamgdynia.pl\/index.php\/wp-json\/wp\/v2\/product_tag?post=10371"}],"curies":[{"name":"wp","href":"https:\/\/api.w.org\/{rel}","templated":true}]}}