{"id":10375,"date":"2018-05-29T01:01:06","date_gmt":"2018-05-28T23:01:06","guid":{"rendered":"http:\/\/klubmamgdynia.pl\/index.php\/produkt\/aladine-stempelki-stampo-kids-elfy-a03343\/"},"modified":"2026-04-04T00:56:26","modified_gmt":"2026-04-03T22:56:26","slug":"aladine-stempelki-stampo-kids-elfy-a03343","status":"publish","type":"product","link":"http:\/\/klubmamgdynia.pl\/index.php\/produkt\/aladine-stempelki-stampo-kids-elfy-a03343\/","title":{"rendered":"Aladine Stempelki Stampo Kids Elfy A03343"},"content":{"rendered":"<p>Masz ochot\u0119 co\u015b ozdobi\u0107?<\/p>\n<h2>Aladine Stempelki Stampo Kids Elfy A03343 Aladine<\/h2>\n<p>kolorowanka lato, bajki terapeutyczne o emocjach, kr\u00f3tkie bajki do czytania, wzory zaprosze\u0144 zaproszenie na urodziny szablon do druku, zagadki dla dzieci 6-7 lat online, jak narysowa\u0107 sanie miko\u0142aja, a \u015bpij kochanie, quizy znaki drogowe, kolorowanki jesie\u0144 do druku<\/p>\n<p>yyyyy<\/p>\n<p>&nbsp;<\/p>\n","protected":false},"excerpt":{"rendered":"<p>Masz ochot\u0119 co\u015b ozdobi\u0107? Aladine Stempelki Stampo Kids Elfy A03343 Aladine kolorowanka lato, bajki terapeutyczne o emocjach, kr\u00f3tkie bajki do czytania, wzory zaprosze\u0144 zaproszenie na urodziny szablon do druku, zagadki dla dzieci 6-7 lat online, jak narysowa\u0107 sanie miko\u0142aja, a \u015bpij kochanie, quizy znaki drogowe, kolorowanki jesie\u0144 do druku yyyyy &nbsp;<\/p>\n","protected":false},"featured_media":10376,"comment_status":"closed","ping_status":"open","template":"","meta":[],"product_cat":[1880,21],"product_tag":[754,657,787,809],"class_list":["post-10375","product","type-product","status-publish","has-post-thumbnail","hentry","product_cat-aladine","product_cat-zabawki-plastyczne","product_tag-dyplomy-do-wydrukowania-a4","product_tag-lol-kolorowanka","product_tag-nauka-pisania-wyrazow-dla-dzieci-do-druku-pdf","product_tag-zagadki"],"_links":{"self":[{"href":"http:\/\/klubmamgdynia.pl\/index.php\/wp-json\/wp\/v2\/product\/10375","targetHints":{"allow":["GET"]}}],"collection":[{"href":"http:\/\/klubmamgdynia.pl\/index.php\/wp-json\/wp\/v2\/product"}],"about":[{"href":"http:\/\/klubmamgdynia.pl\/index.php\/wp-json\/wp\/v2\/types\/product"}],"replies":[{"embeddable":true,"href":"http:\/\/klubmamgdynia.pl\/index.php\/wp-json\/wp\/v2\/comments?post=10375"}],"wp:featuredmedia":[{"embeddable":true,"href":"http:\/\/klubmamgdynia.pl\/index.php\/wp-json\/wp\/v2\/media\/10376"}],"wp:attachment":[{"href":"http:\/\/klubmamgdynia.pl\/index.php\/wp-json\/wp\/v2\/media?parent=10375"}],"wp:term":[{"taxonomy":"product_cat","embeddable":true,"href":"http:\/\/klubmamgdynia.pl\/index.php\/wp-json\/wp\/v2\/product_cat?post=10375"},{"taxonomy":"product_tag","embeddable":true,"href":"http:\/\/klubmamgdynia.pl\/index.php\/wp-json\/wp\/v2\/product_tag?post=10375"}],"curies":[{"name":"wp","href":"https:\/\/api.w.org\/{rel}","templated":true}]}}