{"id":10377,"date":"2018-09-22T12:08:52","date_gmt":"2018-09-22T10:08:52","guid":{"rendered":"http:\/\/klubmamgdynia.pl\/index.php\/produkt\/coolpack-campus-piornik-saszetka-szkolna-pandy\/"},"modified":"2026-04-25T01:25:20","modified_gmt":"2026-04-24T23:25:20","slug":"coolpack-campus-piornik-saszetka-szkolna-pandy","status":"publish","type":"product","link":"http:\/\/klubmamgdynia.pl\/index.php\/produkt\/coolpack-campus-piornik-saszetka-szkolna-pandy\/","title":{"rendered":"Coolpack Campus Pi\u00f3rnik Saszetka Szkolna Pandy"},"content":{"rendered":"<p>COOLPACK CAMPUS PI\u00d3RNIK SASZETKA SZKOLNA PANDYpi\u00f3rnik typu saszetkanie zawiera wyposa\u017ceniaposiada jedn\u0105 komor\u0119 zamykan\u0105 na suwakwewn\u0105trz kieszonka z siatki zamykana na suwakmateria\u0142: poliester 600Dwymiary: 5x9x23 cm<\/p>\n<h2>Coolpack Campus Pi\u00f3rnik Saszetka Szkolna Pandy Coolpack<\/h2>\n<p>quizy za darmo, wroc\u0142aw i okolice atrakcje, julian znaczenie imienia, opowie\u015b\u0107 wigilijna test z odpowiedziami, co oznacza jordan, darmowe quizy, bajki do czytania dla ch\u0142opc\u00f3w, peppa do druku, mega trudne zagadki logiczne, co oznacza imi\u0119 alan, zaproszenie na urodziny do druku pdf, krzy\u017c\u00f3wki dla dzieci do druku, felix net i nika oraz gang niewidzialnych ludzi test z odpowiedziami<\/p>\n<p>yyyyy<\/p>\n<p>&nbsp;<\/p>\n","protected":false},"excerpt":{"rendered":"<p>COOLPACK CAMPUS PI\u00d3RNIK SASZETKA SZKOLNA PANDYpi\u00f3rnik typu saszetkanie zawiera wyposa\u017ceniaposiada jedn\u0105 komor\u0119 zamykan\u0105 na suwakwewn\u0105trz kieszonka z siatki zamykana na suwakmateria\u0142: poliester 600Dwymiary: 5x9x23 cm Coolpack Campus Pi\u00f3rnik Saszetka Szkolna Pandy Coolpack quizy za darmo, wroc\u0142aw i okolice atrakcje, julian znaczenie imienia, opowie\u015b\u0107 wigilijna test z odpowiedziami, co oznacza jordan, darmowe quizy, bajki do czytania [&hellip;]<\/p>\n","protected":false},"featured_media":10378,"comment_status":"closed","ping_status":"open","template":"","meta":[],"product_cat":[1407,976],"product_tag":[655,759,856,769],"class_list":["post-10377","product","type-product","status-publish","has-post-thumbnail","hentry","product_cat-coolpack","product_cat-piorniki","product_tag-najlepsze-zagadki","product_tag-pomysly-na-prezent-dla-nastolatkow","product_tag-prezent-dla-16-latki","product_tag-psi-patrol-do-czytania"],"_links":{"self":[{"href":"http:\/\/klubmamgdynia.pl\/index.php\/wp-json\/wp\/v2\/product\/10377","targetHints":{"allow":["GET"]}}],"collection":[{"href":"http:\/\/klubmamgdynia.pl\/index.php\/wp-json\/wp\/v2\/product"}],"about":[{"href":"http:\/\/klubmamgdynia.pl\/index.php\/wp-json\/wp\/v2\/types\/product"}],"replies":[{"embeddable":true,"href":"http:\/\/klubmamgdynia.pl\/index.php\/wp-json\/wp\/v2\/comments?post=10377"}],"wp:featuredmedia":[{"embeddable":true,"href":"http:\/\/klubmamgdynia.pl\/index.php\/wp-json\/wp\/v2\/media\/10378"}],"wp:attachment":[{"href":"http:\/\/klubmamgdynia.pl\/index.php\/wp-json\/wp\/v2\/media?parent=10377"}],"wp:term":[{"taxonomy":"product_cat","embeddable":true,"href":"http:\/\/klubmamgdynia.pl\/index.php\/wp-json\/wp\/v2\/product_cat?post=10377"},{"taxonomy":"product_tag","embeddable":true,"href":"http:\/\/klubmamgdynia.pl\/index.php\/wp-json\/wp\/v2\/product_tag?post=10377"}],"curies":[{"name":"wp","href":"https:\/\/api.w.org\/{rel}","templated":true}]}}