{"id":1038,"date":"2016-08-08T20:50:35","date_gmt":"2016-08-08T18:50:35","guid":{"rendered":"http:\/\/klubmamgdynia.pl\/index.php\/produkt\/discraft-ultra-star-soft-bialy\/"},"modified":"2026-04-20T16:58:47","modified_gmt":"2026-04-20T14:58:47","slug":"discraft-ultra-star-soft-bialy","status":"publish","type":"product","link":"http:\/\/klubmamgdynia.pl\/index.php\/produkt\/discraft-ultra-star-soft-bialy\/","title":{"rendered":"Discraft Ultra Star Soft Bia\u0142y"},"content":{"rendered":"<p>Discraft Ultra Star Soft Bia\u0142y jest produkowany z specjalnego elastycznego miekkego plastiku &#8211; wytrzyma\u0142y dysk, nadaje si\u0119 i do ch\u0142odnej pogody.<\/p>\n<h2>Discraft Ultra Star Soft Bia\u0142y <\/h2>\n<p>bajki do czytania dla dzieci, kolorowanka prezent, miasto dzieci, jak rozmawia\u0107 z dzie\u0107mi o wojnie<\/p>\n<p>yyyyy<\/p>\n<p>&nbsp;<\/p>\n","protected":false},"excerpt":{"rendered":"<p>Discraft Ultra Star Soft Bia\u0142y jest produkowany z specjalnego elastycznego miekkego plastiku &#8211; wytrzyma\u0142y dysk, nadaje si\u0119 i do ch\u0142odnej pogody. Discraft Ultra Star Soft Bia\u0142y bajki do czytania dla dzieci, kolorowanka prezent, miasto dzieci, jak rozmawia\u0107 z dzie\u0107mi o wojnie yyyyy &nbsp;<\/p>\n","protected":false},"featured_media":1039,"comment_status":"closed","ping_status":"open","template":"","meta":[],"product_cat":[120],"product_tag":[863,618,721],"class_list":["post-1038","product","type-product","status-publish","has-post-thumbnail","hentry","product_cat-zabawki-i-gry-sportowe","product_tag-bajki-dla-dziewczynek","product_tag-lato-lato-lato-czeka-tekst","product_tag-zagadki-matematyczne"],"_links":{"self":[{"href":"http:\/\/klubmamgdynia.pl\/index.php\/wp-json\/wp\/v2\/product\/1038","targetHints":{"allow":["GET"]}}],"collection":[{"href":"http:\/\/klubmamgdynia.pl\/index.php\/wp-json\/wp\/v2\/product"}],"about":[{"href":"http:\/\/klubmamgdynia.pl\/index.php\/wp-json\/wp\/v2\/types\/product"}],"replies":[{"embeddable":true,"href":"http:\/\/klubmamgdynia.pl\/index.php\/wp-json\/wp\/v2\/comments?post=1038"}],"wp:featuredmedia":[{"embeddable":true,"href":"http:\/\/klubmamgdynia.pl\/index.php\/wp-json\/wp\/v2\/media\/1039"}],"wp:attachment":[{"href":"http:\/\/klubmamgdynia.pl\/index.php\/wp-json\/wp\/v2\/media?parent=1038"}],"wp:term":[{"taxonomy":"product_cat","embeddable":true,"href":"http:\/\/klubmamgdynia.pl\/index.php\/wp-json\/wp\/v2\/product_cat?post=1038"},{"taxonomy":"product_tag","embeddable":true,"href":"http:\/\/klubmamgdynia.pl\/index.php\/wp-json\/wp\/v2\/product_tag?post=1038"}],"curies":[{"name":"wp","href":"https:\/\/api.w.org\/{rel}","templated":true}]}}