{"id":10381,"date":"2025-03-30T06:26:01","date_gmt":"2025-03-30T04:26:01","guid":{"rendered":"http:\/\/klubmamgdynia.pl\/?post_type=product&#038;p=10381"},"modified":"2026-05-17T22:32:38","modified_gmt":"2026-05-17T20:32:38","slug":"aladine-stempelki-zwierzeta-muzykujace-ala85140","status":"publish","type":"product","link":"http:\/\/klubmamgdynia.pl\/index.php\/produkt\/aladine-stempelki-zwierzeta-muzykujace-ala85140\/","title":{"rendered":"Aladine Stempelki Zwierz\u0119ta Muzykuj\u0105ce (Ala85140)"},"content":{"rendered":"<p>Zestaw 11 gumowych stempelk\u00f3w z piankowymi r\u0105czkami. W zestawie dodatkowo jedna okr\u0105g\u0142a g\u0105beczka z czarnym tuszem D:7 cm. Do\u0142\u0105czony tusz z \u0142atwo\u015bci\u0105 zmywa si\u0119 ze sk\u00f3ry i spiera z ubra\u0144. Wymiary zestawu D: 10 cm, H: 10 cm. Polecane od trzeciego roku \u017cycia.<\/p>\n<h2>Aladine Stempelki Zwierz\u0119ta Muzykuj\u0105ce (Ala85140) Aladine<\/h2>\n<p>w uk\u0142adzie s\u0142onecznym, mini zoo \u015bl\u0105sk, quiz pi\u0142karski, test z lektury pies kt\u00f3ry je\u017adzi\u0142 kolej\u0105, pieski, dyplomy do druku, kolorowanki patriotyczne symbole narodowe kolorowanka, dziecko cytaty, wz\u00f3r dyplomu do pobrania, zabawy dla dzieci 9-12 lat, test dynastia mizio\u0142k\u00f3w, \u017cyczenia na lany poniedzia\u0142ek wielkanocny, kolorowanki do druku, opisy do zdj\u0119\u0107 dziecka, \u015bw przemys\u0142aw, \u0142amig\u0142\u00f3wki logiczne, basen \u015bl\u0105sk, wakacje kolorowanka, posz\u0142a ola na spacerek, kolorowanka spongebob, milosz imie<\/p>\n<p>yyyyy<\/p>\n<p>&nbsp;<\/p>\n","protected":false},"excerpt":{"rendered":"<p>Zestaw 11 gumowych stempelk\u00f3w z piankowymi r\u0105czkami. W zestawie dodatkowo jedna okr\u0105g\u0142a g\u0105beczka z czarnym tuszem D:7 cm. Do\u0142\u0105czony tusz z \u0142atwo\u015bci\u0105 zmywa si\u0119 ze sk\u00f3ry i spiera z ubra\u0144. Wymiary zestawu D: 10 cm, H: 10 cm. Polecane od trzeciego roku \u017cycia. Aladine Stempelki Zwierz\u0119ta Muzykuj\u0105ce (Ala85140) Aladine w uk\u0142adzie s\u0142onecznym, mini zoo \u015bl\u0105sk, [&hellip;]<\/p>\n","protected":false},"featured_media":10382,"comment_status":"closed","ping_status":"open","template":"","meta":[],"product_cat":[1880,21],"product_tag":[639,732,762,698],"class_list":["post-10381","product","type-product","status-publish","has-post-thumbnail","hentry","product_cat-aladine","product_cat-zabawki-plastyczne","product_tag-nela-imie","product_tag-prezent-dla-rocznego-chlopca","product_tag-trudne-zagadki-dla-dzieci","product_tag-zagadki-dla-przedszkolakow"],"_links":{"self":[{"href":"http:\/\/klubmamgdynia.pl\/index.php\/wp-json\/wp\/v2\/product\/10381","targetHints":{"allow":["GET"]}}],"collection":[{"href":"http:\/\/klubmamgdynia.pl\/index.php\/wp-json\/wp\/v2\/product"}],"about":[{"href":"http:\/\/klubmamgdynia.pl\/index.php\/wp-json\/wp\/v2\/types\/product"}],"replies":[{"embeddable":true,"href":"http:\/\/klubmamgdynia.pl\/index.php\/wp-json\/wp\/v2\/comments?post=10381"}],"wp:featuredmedia":[{"embeddable":true,"href":"http:\/\/klubmamgdynia.pl\/index.php\/wp-json\/wp\/v2\/media\/10382"}],"wp:attachment":[{"href":"http:\/\/klubmamgdynia.pl\/index.php\/wp-json\/wp\/v2\/media?parent=10381"}],"wp:term":[{"taxonomy":"product_cat","embeddable":true,"href":"http:\/\/klubmamgdynia.pl\/index.php\/wp-json\/wp\/v2\/product_cat?post=10381"},{"taxonomy":"product_tag","embeddable":true,"href":"http:\/\/klubmamgdynia.pl\/index.php\/wp-json\/wp\/v2\/product_tag?post=10381"}],"curies":[{"name":"wp","href":"https:\/\/api.w.org\/{rel}","templated":true}]}}