{"id":10383,"date":"2011-02-11T23:28:04","date_gmt":"2011-02-11T22:28:04","guid":{"rendered":"http:\/\/klubmamgdynia.pl\/index.php\/produkt\/gra-planszowa-alexander-eko-rajd-2382\/"},"modified":"2026-05-17T22:21:56","modified_gmt":"2026-05-17T20:21:56","slug":"gra-planszowa-alexander-eko-rajd-2382","status":"publish","type":"product","link":"http:\/\/klubmamgdynia.pl\/index.php\/produkt\/gra-planszowa-alexander-eko-rajd-2382\/","title":{"rendered":"Gra planszowa Alexander Eko Rajd 2382"},"content":{"rendered":"<p>Gramy Naturalnie Bez Plastiku!Seria gier stworzona z my\u015bl\u0105 o bezpiecze\u0144stwie \u015brodowiska naturalnego.Pionki oraz kostki wytworzone zosta\u0142y z drewna. W dodatku nie s\u0105 to zwyk\u0142e pionki, a w zasadzie kolorowe figurki. W Chi\u0144czyku i Labiryncie maja one form\u0119 ludzik\u00f3w, w Rajdzie samochodzik\u00f3w. Do barwienia figurek u\u017cyto przebadanych, bezpiecznych dla zdrowia i \u015brodowiska farb wodnych.W dodatku nie ma w produkcie foli, ani zewn\u0119trznej, ani tej, kt\u00f3r\u0105 tradycyjnie zabezpiecza si\u0119 pude\u0142ko, czy plansz\u0119. Stabilno\u015b\u0107 element\u00f3w wewn\u0105trz pude\u0142ka zapewnia kartonowa wypraska.Papier oraz drewno u\u017cyte w produkcji gry pochodz\u0105 ze sprawdzonych \u017ar\u00f3de\u0142, kt\u00f3re prowadz\u0105 zr\u00f3wnowa\u017can\u0105 gospodark\u0119 le\u015bn\u0105, nie przyczyniaj\u0105c si\u0119 tym samy do spadku ilo\u015bci drzew w \u015brodowisku.                            <\/p>\n<p>Eko Gra RajdEko Gra Rajd to emocjonuj\u0105ca gra typu wy\u015bcig w kt\u00f3rej gracze pr\u00f3buj\u0105 jak najszybciej dotrze\u0107 do mety. Liczba oczek wyrzuconych na kostce wskazuje o ile p\u00f3l nale\u017cy przesun\u0105\u0107 pionki po torze. W trakcie rajdu po planszy ka\u017cdego z graczy b\u0119d\u0105 spotyka\u0142y mi\u0142e lub przykre niespodzianki, kary i nagrody. Produkt nie zawiera plastiku. Wykonane z drewna kolorowe pionki w kszta\u0142cie autek oraz kostka. Elementy drewniane barwione bezpiecznymi farbami wodnymi. Niefoliowana plansza oraz pude\u0142ko. Papierowa wypraska. Papier oraz drewno u\u017cyte w produkcji gry pochodz\u0105 ze sprawdzonych \u017ar\u00f3de\u0142, kt\u00f3re prowadz\u0105 zr\u00f3wnowa\u017can\u0105 gospodark\u0119 le\u015bn\u0105, nie przyczyniaj\u0105c si\u0119 tym samy do spadku ilo\u015bci drzew w \u015brodowisku.Zawarto\u015b\u0107 opakowaniakostka, 4 pionki, plansza i instrukcja                            <\/p>\n<p>Produkty                            <\/p>\n<p>            Alexander Eko Labirynt 2383<\/p>\n<p>            Opinia od a&#8230;32022-03-10<\/p>\n<p>                Super zabawa &#8211; polecam<\/p>\n<p>            Alexander Eko  Chi\u0144czyk 2381<\/p>\n<p>            Alexander Eko Rajd 2382<\/p>\n<p>            Opinia od z&#8230;a2021-03-05<\/p>\n<p>                Zwyk\u0142a prosta plansz\u00f3wka . wyr\u00f3\u017cnia si\u0119 tym \u017ce pionkami s\u0105 \u0142adne drewniane samochodziki . Wykonanie igrafika OK . Bardzo wysoka cena jak na tak\u0105 zwyk\u0142\u0105 gr\u0119 . Cen\u0119 pewnie podwy\u017cszaj\u0105 ekologiczne materia\u0142y . Ale a\u017c o tyle ? <\/p>\n<p>            Alexander Eko  Warcaby 2380<\/p>\n<h2>Gra planszowa Alexander Eko Rajd 2382 Alexander<\/h2>\n<p>szlaczki dla dzieci, kolorowanka wakacje, quizy dla dzieci o zwierz\u0119tach, lody kolorowanka, kolorowanka europa, dziwne zagadki, \u017cyczenia na lany poniedzia\u0142ek wielkanocny, szybkie zagadki matematyczne, sta\u0142a pod \u015bniegiem, super zings do druku, warszawa atrakcje dla m\u0142odzie\u017cy, \u015bmigus dyngus lany poniedzia\u0142ek zyczenia, \u0142amig\u0142owki do druku, kolorowanka spongebob, test z lektury opowie\u015bci z narnii lew czarownica i stara szafa z odpowiedziami, auto kolorowanka, cytaty o przyja\u017ani, bajki dla dzieci do czytania, kr\u00f3tkie zagadki, zabawy dla 10 latk\u00f3w, kolorowanka spongebob<\/p>\n<p>yyyyy<\/p>\n<p>&nbsp;<\/p>\n","protected":false},"excerpt":{"rendered":"<p>Gramy Naturalnie Bez Plastiku!Seria gier stworzona z my\u015bl\u0105 o bezpiecze\u0144stwie \u015brodowiska naturalnego.Pionki oraz kostki wytworzone zosta\u0142y z drewna. W dodatku nie s\u0105 to zwyk\u0142e pionki, a w zasadzie kolorowe figurki. W Chi\u0144czyku i Labiryncie maja one form\u0119 ludzik\u00f3w, w Rajdzie samochodzik\u00f3w. Do barwienia figurek u\u017cyto przebadanych, bezpiecznych dla zdrowia i \u015brodowiska farb wodnych.W dodatku nie [&hellip;]<\/p>\n","protected":false},"featured_media":10384,"comment_status":"closed","ping_status":"open","template":"","meta":[],"product_cat":[246,235],"product_tag":[669,655,590,868,779],"class_list":["post-10383","product","type-product","status-publish","has-post-thumbnail","hentry","product_cat-alexander","product_cat-gry-planszowe","product_tag-kolorowanki","product_tag-najlepsze-zagadki","product_tag-plac-zabaw-warszawa","product_tag-quizy-dla-dzieci","product_tag-zarty-na-prima-aprilis-w-domu"],"_links":{"self":[{"href":"http:\/\/klubmamgdynia.pl\/index.php\/wp-json\/wp\/v2\/product\/10383","targetHints":{"allow":["GET"]}}],"collection":[{"href":"http:\/\/klubmamgdynia.pl\/index.php\/wp-json\/wp\/v2\/product"}],"about":[{"href":"http:\/\/klubmamgdynia.pl\/index.php\/wp-json\/wp\/v2\/types\/product"}],"replies":[{"embeddable":true,"href":"http:\/\/klubmamgdynia.pl\/index.php\/wp-json\/wp\/v2\/comments?post=10383"}],"wp:featuredmedia":[{"embeddable":true,"href":"http:\/\/klubmamgdynia.pl\/index.php\/wp-json\/wp\/v2\/media\/10384"}],"wp:attachment":[{"href":"http:\/\/klubmamgdynia.pl\/index.php\/wp-json\/wp\/v2\/media?parent=10383"}],"wp:term":[{"taxonomy":"product_cat","embeddable":true,"href":"http:\/\/klubmamgdynia.pl\/index.php\/wp-json\/wp\/v2\/product_cat?post=10383"},{"taxonomy":"product_tag","embeddable":true,"href":"http:\/\/klubmamgdynia.pl\/index.php\/wp-json\/wp\/v2\/product_tag?post=10383"}],"curies":[{"name":"wp","href":"https:\/\/api.w.org\/{rel}","templated":true}]}}