{"id":10387,"date":"2021-03-17T21:11:04","date_gmt":"2021-03-17T20:11:04","guid":{"rendered":"http:\/\/klubmamgdynia.pl\/index.php\/produkt\/slime-glutek-czaszka-zolta\/"},"modified":"2026-05-17T22:43:54","modified_gmt":"2026-05-17T20:43:54","slug":"slime-glutek-czaszka-zolta","status":"publish","type":"product","link":"http:\/\/klubmamgdynia.pl\/index.php\/produkt\/slime-glutek-czaszka-zolta\/","title":{"rendered":"Slime Glutek Czaszka \u017b\u00f3\u0142ta"},"content":{"rendered":"<p>Slime Kolorowy slime to co\u015b, co z pewno\u015bci\u0105 zachwyci nie tylko najm\u0142odszych, ale r\u00f3wnie\u017c doros\u0142ych. Ten wspania\u0142y posiadaj\u0105cy w\u0142a\u015bciwo\u015bci antystresowe glut idealnie sprawdzi si\u0119 do zabawy w domu, na dworze, na wakacjach, b\u0105d\u017a w szkole. Pi\u0119kny b\u0142yszcz\u0105cy kolor to nie jedyna zaleta jak\u0105 posiada. Przy zabawie slime nie brudzi r\u0105k oraz posiada przyjemny zapach, kt\u00f3ry dodatkowo zach\u0119ca do zabawy. Zapakowany jest w plastikowy odkr\u0119cany pojemniczek, w kt\u00f3rym po sko\u0144czonej zabawie mo\u017cna z powrotem schowa\u0107 mas\u0119. Zabawka skutecznie rozwija zdolno\u015bci motoryczne, oraz wzmacnia si\u0142\u0119 d\u0142oni.Zabawka przeznaczona jest dla dzieci powy\u017cej 5 roku \u017cycia i posiada certyfikat CE. Wykonana z atestowanych i bezpiecznych materia\u0142\u00f3w, jest w pe\u0142ni bezpieczna do u\u017cytku dla dzieci.Wymiary s\u0142oiczka:9 cm x 7 cm x 6 cmWymiary opakowania:oko\u0142o 15 cm x 9 cm x 7 cmWaga:0,3 kgInformacje o produkcieD\u0142ugo\u015b\u0107 towaru w centymetrach 17Wysoko\u015b\u0107 towaru w centymetrach 11Szeroko\u015b\u0107 towaru w centymetrach 9Waga gabarytowa w gramach 280.5<\/p>\n<h2>Slime Glutek Czaszka \u017b\u00f3\u0142ta <\/h2>\n<p>kuku\u0142eczka kuka tekst, imie pola, list do gwiazdora, prezent na roczek dla ch\u0142opca, bajki dla dzieci do czytania na dobranoc, stare bajki, prezent dla nastolatka, zagadki dla dzieci 7 lat, opowie\u015b\u0107 wigilijna test z odpowiedziami, wiktor, kolorowanki kotki do druku, prezent na 1 urodziny, kolorowe listki, bajki dla chlopcow<\/p>\n<p>yyyyy<\/p>\n<p>&nbsp;<\/p>\n","protected":false},"excerpt":{"rendered":"<p>Slime Kolorowy slime to co\u015b, co z pewno\u015bci\u0105 zachwyci nie tylko najm\u0142odszych, ale r\u00f3wnie\u017c doros\u0142ych. Ten wspania\u0142y posiadaj\u0105cy w\u0142a\u015bciwo\u015bci antystresowe glut idealnie sprawdzi si\u0119 do zabawy w domu, na dworze, na wakacjach, b\u0105d\u017a w szkole. Pi\u0119kny b\u0142yszcz\u0105cy kolor to nie jedyna zaleta jak\u0105 posiada. Przy zabawie slime nie brudzi r\u0105k oraz posiada przyjemny zapach, kt\u00f3ry [&hellip;]<\/p>\n","protected":false},"featured_media":10388,"comment_status":"closed","ping_status":"open","template":"","meta":[],"product_cat":[21],"product_tag":[765,663,737,694,796,600,615],"class_list":["post-10387","product","type-product","status-publish","has-post-thumbnail","hentry","product_cat-zabawki-plastyczne","product_tag-atrakcje-dla-dzieci-warszawa","product_tag-kolorowanki-dla-dzieci-do-druku","product_tag-test-z-lektury-felix-net-i-nika-oraz-gang-niewidzialnych-ludzi","product_tag-zagadki-swiateczne-dla-dzieci","product_tag-zagatki","product_tag-zaproszenia-na-urodziny-do-druku","product_tag-znane-misie-z-filmow-animowanych"],"_links":{"self":[{"href":"http:\/\/klubmamgdynia.pl\/index.php\/wp-json\/wp\/v2\/product\/10387","targetHints":{"allow":["GET"]}}],"collection":[{"href":"http:\/\/klubmamgdynia.pl\/index.php\/wp-json\/wp\/v2\/product"}],"about":[{"href":"http:\/\/klubmamgdynia.pl\/index.php\/wp-json\/wp\/v2\/types\/product"}],"replies":[{"embeddable":true,"href":"http:\/\/klubmamgdynia.pl\/index.php\/wp-json\/wp\/v2\/comments?post=10387"}],"wp:featuredmedia":[{"embeddable":true,"href":"http:\/\/klubmamgdynia.pl\/index.php\/wp-json\/wp\/v2\/media\/10388"}],"wp:attachment":[{"href":"http:\/\/klubmamgdynia.pl\/index.php\/wp-json\/wp\/v2\/media?parent=10387"}],"wp:term":[{"taxonomy":"product_cat","embeddable":true,"href":"http:\/\/klubmamgdynia.pl\/index.php\/wp-json\/wp\/v2\/product_cat?post=10387"},{"taxonomy":"product_tag","embeddable":true,"href":"http:\/\/klubmamgdynia.pl\/index.php\/wp-json\/wp\/v2\/product_tag?post=10387"}],"curies":[{"name":"wp","href":"https:\/\/api.w.org\/{rel}","templated":true}]}}