{"id":10389,"date":"2018-12-08T23:41:07","date_gmt":"2018-12-08T22:41:07","guid":{"rendered":"http:\/\/klubmamgdynia.pl\/index.php\/produkt\/ses-nl-ucze-sie-wycinac-mega-zestaw-z-nozyczkami-285669\/"},"modified":"2026-05-17T22:46:39","modified_gmt":"2026-05-17T20:46:39","slug":"ses-nl-ucze-sie-wycinac-mega-zestaw-z-nozyczkami-285669","status":"publish","type":"product","link":"http:\/\/klubmamgdynia.pl\/index.php\/produkt\/ses-nl-ucze-sie-wycinac-mega-zestaw-z-nozyczkami-285669\/","title":{"rendered":"Ses Nl Ucz\u0119 Si\u0119 Wycina\u0107 Mega Zestaw Z No\u017cyczkami (285669)"},"content":{"rendered":"<p>Autor:ISBN: 3+EAN: 8710341146177Wydawnictwo: SES NLWydanie: pude\u0142ko,Strony:Ucz\u0119 si\u0119 wycina\u0107 &#8211; Mega zestaw z no\u017cyczkamiNaucz si\u0119 bezpiecznie wycina\u0107 dzi\u0119ki 48 arkuszom do wycinania. No\u017cyczki nie przetn\u0105 w\u0142os\u00f3w ani tkanin.<\/p>\n<h2>Ses Nl Ucz\u0119 Si\u0119 Wycina\u0107 Mega Zestaw Z No\u017cyczkami (285669) Ses<\/h2>\n<p>alfabet kolorowanka, quizy o koniach, prezenty na roczek dla dziewczynki, dziewczynka z parku pytania i odpowiedzi, tekst ko\u0142ysanki, kuba imi\u0119, pokemon kolorowanki do druku, zabawy tematyczne przyk\u0142ady, zagadki dla m\u0142odzie\u017cy<\/p>\n<p>yyyyy<\/p>\n<p>&nbsp;<\/p>\n","protected":false},"excerpt":{"rendered":"<p>Autor:ISBN: 3+EAN: 8710341146177Wydawnictwo: SES NLWydanie: pude\u0142ko,Strony:Ucz\u0119 si\u0119 wycina\u0107 &#8211; Mega zestaw z no\u017cyczkamiNaucz si\u0119 bezpiecznie wycina\u0107 dzi\u0119ki 48 arkuszom do wycinania. No\u017cyczki nie przetn\u0105 w\u0142os\u00f3w ani tkanin. Ses Nl Ucz\u0119 Si\u0119 Wycina\u0107 Mega Zestaw Z No\u017cyczkami (285669) Ses alfabet kolorowanka, quizy o koniach, prezenty na roczek dla dziewczynki, dziewczynka z parku pytania i odpowiedzi, tekst [&hellip;]<\/p>\n","protected":false},"featured_media":10390,"comment_status":"closed","ping_status":"open","template":"","meta":[],"product_cat":[357,21],"product_tag":[718,751,782],"class_list":["post-10389","product","type-product","status-publish","has-post-thumbnail","hentry","product_cat-ses","product_cat-zabawki-plastyczne","product_tag-prezent-na-roczek-dla-chrzesniaka","product_tag-psi-patrol-kolorowanka","product_tag-zagadki-dla-dzieci-z-odpowiedziami"],"_links":{"self":[{"href":"http:\/\/klubmamgdynia.pl\/index.php\/wp-json\/wp\/v2\/product\/10389","targetHints":{"allow":["GET"]}}],"collection":[{"href":"http:\/\/klubmamgdynia.pl\/index.php\/wp-json\/wp\/v2\/product"}],"about":[{"href":"http:\/\/klubmamgdynia.pl\/index.php\/wp-json\/wp\/v2\/types\/product"}],"replies":[{"embeddable":true,"href":"http:\/\/klubmamgdynia.pl\/index.php\/wp-json\/wp\/v2\/comments?post=10389"}],"wp:featuredmedia":[{"embeddable":true,"href":"http:\/\/klubmamgdynia.pl\/index.php\/wp-json\/wp\/v2\/media\/10390"}],"wp:attachment":[{"href":"http:\/\/klubmamgdynia.pl\/index.php\/wp-json\/wp\/v2\/media?parent=10389"}],"wp:term":[{"taxonomy":"product_cat","embeddable":true,"href":"http:\/\/klubmamgdynia.pl\/index.php\/wp-json\/wp\/v2\/product_cat?post=10389"},{"taxonomy":"product_tag","embeddable":true,"href":"http:\/\/klubmamgdynia.pl\/index.php\/wp-json\/wp\/v2\/product_tag?post=10389"}],"curies":[{"name":"wp","href":"https:\/\/api.w.org\/{rel}","templated":true}]}}