{"id":10391,"date":"2011-09-13T05:21:50","date_gmt":"2011-09-13T03:21:50","guid":{"rendered":"http:\/\/klubmamgdynia.pl\/index.php\/produkt\/aladine-stemple-do-ciala-trendy-a41272\/"},"modified":"2026-05-17T22:32:41","modified_gmt":"2026-05-17T20:32:41","slug":"aladine-stemple-do-ciala-trendy-a41272","status":"publish","type":"product","link":"http:\/\/klubmamgdynia.pl\/index.php\/produkt\/aladine-stemple-do-ciala-trendy-a41272\/","title":{"rendered":"Aladine Stemple Do Cia\u0142a Trendy (A41272)"},"content":{"rendered":"<p>STEMPLE DO CIA\u0141A &#8211; TRENDYfrancuskiej firmystempelki przeznaczone dla dzieci powy\u017cej 3 roku \u017cyciaZestaw do dekoracji cia\u0142a sprawi mn\u00f3stwo rado\u015bci dziecku. \u015awietnie sprawdzi si\u0119 na urodzinach dzieci\u0119cych balach. Zestaw zawiera 13 gumowych stempelk\u00f3w z piankowymi r\u0105czkami. W zestawie dodatkowo jedna okr\u0105g\u0142a g\u0105beczka i buteleczk\u0105 z czarnym tuszem do sk\u00f3ry. Tusz jest &#8230;<\/p>\n<h2>Aladine Stemple Do Cia\u0142a Trendy (A41272) Aladine<\/h2>\n<p>zaj\u0119cia kulinarne dla dzieci pomys\u0142y, sentencje o rodzinie, quiz pi\u0142karski, quizy dla przedszkolak\u00f3w, zabawka dla rocznej dziewczynki, mi\u0142osz imi\u0119<\/p>\n<p>yyyyy<\/p>\n<p>&nbsp;<\/p>\n","protected":false},"excerpt":{"rendered":"<p>STEMPLE DO CIA\u0141A &#8211; TRENDYfrancuskiej firmystempelki przeznaczone dla dzieci powy\u017cej 3 roku \u017cyciaZestaw do dekoracji cia\u0142a sprawi mn\u00f3stwo rado\u015bci dziecku. \u015awietnie sprawdzi si\u0119 na urodzinach dzieci\u0119cych balach. Zestaw zawiera 13 gumowych stempelk\u00f3w z piankowymi r\u0105czkami. W zestawie dodatkowo jedna okr\u0105g\u0142a g\u0105beczka i buteleczk\u0105 z czarnym tuszem do sk\u00f3ry. Tusz jest &#8230; Aladine Stemple Do Cia\u0142a [&hellip;]<\/p>\n","protected":false},"featured_media":10392,"comment_status":"closed","ping_status":"open","template":"","meta":[],"product_cat":[1880,21],"product_tag":[719,644,870,591],"class_list":["post-10391","product","type-product","status-publish","has-post-thumbnail","hentry","product_cat-aladine","product_cat-zabawki-plastyczne","product_tag-dziecko-cytaty-zlote-mysli","product_tag-mia","product_tag-prezent-dla-chlopca-na-roczek","product_tag-quiz-o-minecraft"],"_links":{"self":[{"href":"http:\/\/klubmamgdynia.pl\/index.php\/wp-json\/wp\/v2\/product\/10391","targetHints":{"allow":["GET"]}}],"collection":[{"href":"http:\/\/klubmamgdynia.pl\/index.php\/wp-json\/wp\/v2\/product"}],"about":[{"href":"http:\/\/klubmamgdynia.pl\/index.php\/wp-json\/wp\/v2\/types\/product"}],"replies":[{"embeddable":true,"href":"http:\/\/klubmamgdynia.pl\/index.php\/wp-json\/wp\/v2\/comments?post=10391"}],"wp:featuredmedia":[{"embeddable":true,"href":"http:\/\/klubmamgdynia.pl\/index.php\/wp-json\/wp\/v2\/media\/10392"}],"wp:attachment":[{"href":"http:\/\/klubmamgdynia.pl\/index.php\/wp-json\/wp\/v2\/media?parent=10391"}],"wp:term":[{"taxonomy":"product_cat","embeddable":true,"href":"http:\/\/klubmamgdynia.pl\/index.php\/wp-json\/wp\/v2\/product_cat?post=10391"},{"taxonomy":"product_tag","embeddable":true,"href":"http:\/\/klubmamgdynia.pl\/index.php\/wp-json\/wp\/v2\/product_tag?post=10391"}],"curies":[{"name":"wp","href":"https:\/\/api.w.org\/{rel}","templated":true}]}}