{"id":10395,"date":"2022-03-18T11:16:37","date_gmt":"2022-03-18T10:16:37","guid":{"rendered":"http:\/\/klubmamgdynia.pl\/index.php\/produkt\/alexander-dzielni-kowboje-zwierzako-wyscig-0482\/"},"modified":"2026-04-26T21:36:44","modified_gmt":"2026-04-26T19:36:44","slug":"alexander-dzielni-kowboje-zwierzako-wyscig-0482","status":"publish","type":"product","link":"http:\/\/klubmamgdynia.pl\/index.php\/produkt\/alexander-dzielni-kowboje-zwierzako-wyscig-0482\/","title":{"rendered":"Alexander Dzielni Kowboje + Zwierzako-wy\u015bcig 0482"},"content":{"rendered":"<p>&#8222;Zwierzako wy\u015bcig&#8221; to gra, w kt\u00f3rej startujesz w wy\u015bcigu zwierzak\u00f3w, a Twoim celem jest jak najszybsze dotarcie do mety.Na swojej drodze spotkasz r\u00f3\u017cne zwierz\u0119ta, a ka\u017cde z nich posiada inn\u0105 moc, kt\u00f3ra pomo\u017ce b\u0105d\u017a utrudni Ci dotarcie do mety. &#8222;Dzielni kowboje&#8221; to gra, w kt\u00f3rej przenosisz si\u0119 w przesz\u0142o\u015b\u0107, w kt\u00f3rej \u017cyli i walczyli dzielni kowboje. Gdzie ka\u017cdy mia\u0142 swojego konia, spa\u0142 pod go\u0142ym niebem, a na stra\u017cy prawa sta\u0142 szeryf broni\u0105cy miasta przed bandytami. Twoim zadaniem jest jak najszybsze dotarcie do mety, a w trakcie swojej przygody spotkasz a\u017c pi\u0119ciu s\u0142awnych kowboj\u00f3w.<\/p>\n<h2>Alexander Dzielni Kowboje + Zwierzako-wy\u015bcig 0482 Alexander<\/h2>\n<p>hot wheels kolorowanka, bajka o biedronce, kolorowanka lato, cytaty o przyja\u017ani \u015bmieszne, ko\u0142ysanka tekst, znajd\u017a r\u00f3\u017cnice, wiersz o wakacjach, zagadki o zimie, quiz bo\u017ce narodzenie, bajka o biedronce, zagadki o zwierz\u0119tach le\u015bnych dla dzieci, kolorowanki dla ch\u0142opc\u00f3w<\/p>\n<p>yyyyy<\/p>\n<p>&nbsp;<\/p>\n","protected":false},"excerpt":{"rendered":"<p>&#8222;Zwierzako wy\u015bcig&#8221; to gra, w kt\u00f3rej startujesz w wy\u015bcigu zwierzak\u00f3w, a Twoim celem jest jak najszybsze dotarcie do mety.Na swojej drodze spotkasz r\u00f3\u017cne zwierz\u0119ta, a ka\u017cde z nich posiada inn\u0105 moc, kt\u00f3ra pomo\u017ce b\u0105d\u017a utrudni Ci dotarcie do mety. &#8222;Dzielni kowboje&#8221; to gra, w kt\u00f3rej przenosisz si\u0119 w przesz\u0142o\u015b\u0107, w kt\u00f3rej \u017cyli i walczyli dzielni [&hellip;]<\/p>\n","protected":false},"featured_media":10396,"comment_status":"closed","ping_status":"open","template":"","meta":[],"product_cat":[246,130],"product_tag":[765,681,860],"class_list":["post-10395","product","type-product","status-publish","has-post-thumbnail","hentry","product_cat-alexander","product_cat-gry-dzieciece","product_tag-atrakcje-dla-dzieci-warszawa","product_tag-flagi-europy-quiz","product_tag-zagadki-logiczne-dla-doroslych"],"_links":{"self":[{"href":"http:\/\/klubmamgdynia.pl\/index.php\/wp-json\/wp\/v2\/product\/10395","targetHints":{"allow":["GET"]}}],"collection":[{"href":"http:\/\/klubmamgdynia.pl\/index.php\/wp-json\/wp\/v2\/product"}],"about":[{"href":"http:\/\/klubmamgdynia.pl\/index.php\/wp-json\/wp\/v2\/types\/product"}],"replies":[{"embeddable":true,"href":"http:\/\/klubmamgdynia.pl\/index.php\/wp-json\/wp\/v2\/comments?post=10395"}],"wp:featuredmedia":[{"embeddable":true,"href":"http:\/\/klubmamgdynia.pl\/index.php\/wp-json\/wp\/v2\/media\/10396"}],"wp:attachment":[{"href":"http:\/\/klubmamgdynia.pl\/index.php\/wp-json\/wp\/v2\/media?parent=10395"}],"wp:term":[{"taxonomy":"product_cat","embeddable":true,"href":"http:\/\/klubmamgdynia.pl\/index.php\/wp-json\/wp\/v2\/product_cat?post=10395"},{"taxonomy":"product_tag","embeddable":true,"href":"http:\/\/klubmamgdynia.pl\/index.php\/wp-json\/wp\/v2\/product_tag?post=10395"}],"curies":[{"name":"wp","href":"https:\/\/api.w.org\/{rel}","templated":true}]}}