{"id":10397,"date":"2022-08-19T09:34:44","date_gmt":"2022-08-19T07:34:44","guid":{"rendered":"http:\/\/klubmamgdynia.pl\/index.php\/produkt\/simba-disney-maskotka-pluszak-tygrysek-42-cm-587-2674\/"},"modified":"2026-04-23T02:58:21","modified_gmt":"2026-04-23T00:58:21","slug":"simba-disney-maskotka-pluszak-tygrysek-42-cm-587-2674","status":"publish","type":"product","link":"http:\/\/klubmamgdynia.pl\/index.php\/produkt\/simba-disney-maskotka-pluszak-tygrysek-42-cm-587-2674\/","title":{"rendered":"Simba Disney Maskotka Pluszak Tygrysek 42 cm (587-2674)"},"content":{"rendered":"<p>Simba Disney Maskotka PluszakTygrysek 42 cm 587-2674Maskotka ma szyte czarne oczka, szeroki u\u015bmiech i zosta\u0142a wykonana z niezwykle mi\u0119kkiego w dotyku pluszu. Pluszowy Tygrysek ma 42 cm wysoko\u015bci, a kiedy siedzi 31.<\/p>\n<h2>Simba Disney Maskotka Pluszak Tygrysek 42 cm (587-2674) Simba<\/h2>\n<p>kolorowanki konie do druku, test magiczne drzewo czerwone krzes\u0142o, choinko pi\u0119kna jak las tekst, literki dla dzieci, warszawa dla dzieci, zabawy dla 6 latk\u00f3w<\/p>\n<p>yyyyy<\/p>\n<p>&nbsp;<\/p>\n","protected":false},"excerpt":{"rendered":"<p>Simba Disney Maskotka PluszakTygrysek 42 cm 587-2674Maskotka ma szyte czarne oczka, szeroki u\u015bmiech i zosta\u0142a wykonana z niezwykle mi\u0119kkiego w dotyku pluszu. Pluszowy Tygrysek ma 42 cm wysoko\u015bci, a kiedy siedzi 31. Simba Disney Maskotka Pluszak Tygrysek 42 cm (587-2674) Simba kolorowanki konie do druku, test magiczne drzewo czerwone krzes\u0142o, choinko pi\u0119kna jak las tekst, [&hellip;]<\/p>\n","protected":false},"featured_media":10398,"comment_status":"closed","ping_status":"open","template":"","meta":[],"product_cat":[42,279],"product_tag":[781,657,652,682,760],"class_list":["post-10397","product","type-product","status-publish","has-post-thumbnail","hentry","product_cat-maskotki","product_cat-simba","product_tag-cytaty-o-wychowaniu-dzieci","product_tag-lol-kolorowanka","product_tag-otto","product_tag-przyjazn-cytaty","product_tag-zagadka-matematyczna"],"_links":{"self":[{"href":"http:\/\/klubmamgdynia.pl\/index.php\/wp-json\/wp\/v2\/product\/10397","targetHints":{"allow":["GET"]}}],"collection":[{"href":"http:\/\/klubmamgdynia.pl\/index.php\/wp-json\/wp\/v2\/product"}],"about":[{"href":"http:\/\/klubmamgdynia.pl\/index.php\/wp-json\/wp\/v2\/types\/product"}],"replies":[{"embeddable":true,"href":"http:\/\/klubmamgdynia.pl\/index.php\/wp-json\/wp\/v2\/comments?post=10397"}],"wp:featuredmedia":[{"embeddable":true,"href":"http:\/\/klubmamgdynia.pl\/index.php\/wp-json\/wp\/v2\/media\/10398"}],"wp:attachment":[{"href":"http:\/\/klubmamgdynia.pl\/index.php\/wp-json\/wp\/v2\/media?parent=10397"}],"wp:term":[{"taxonomy":"product_cat","embeddable":true,"href":"http:\/\/klubmamgdynia.pl\/index.php\/wp-json\/wp\/v2\/product_cat?post=10397"},{"taxonomy":"product_tag","embeddable":true,"href":"http:\/\/klubmamgdynia.pl\/index.php\/wp-json\/wp\/v2\/product_tag?post=10397"}],"curies":[{"name":"wp","href":"https:\/\/api.w.org\/{rel}","templated":true}]}}