{"id":10399,"date":"2024-10-06T05:43:37","date_gmt":"2024-10-06T03:43:37","guid":{"rendered":"http:\/\/klubmamgdynia.pl\/?post_type=product&#038;p=10399"},"modified":"2026-04-07T01:42:29","modified_gmt":"2026-04-06T23:42:29","slug":"mudpuppy-magnetyczne-postacie-magiczne-ksiezniczki","status":"publish","type":"product","link":"http:\/\/klubmamgdynia.pl\/index.php\/produkt\/mudpuppy-magnetyczne-postacie-magiczne-ksiezniczki\/","title":{"rendered":"Mudpuppy Magnetyczne Postacie Magiczne Ksi\u0119\u017cniczki"},"content":{"rendered":"<p>Mudpuppy Magnetyczne Postacie Magiczne Ksi\u0119\u017cniczki                            <\/p>\n<p>Zestaw magnes\u00f3w do tworzenia postaci Magiczne ksi\u0119\u017cniczki ameryka\u0144skiej marki MUDPUPPY to wyj\u0105tkowo kreatywna zabawka dla dzieci od 4 roku \u017cycia. Na 2 dwustronnych magnetycznych (cynowych) kartach znajduj\u0105 si\u0119 t\u0142a, zwi\u0105zane z ba\u015bniowym \u017cyciem ksi\u0119\u017cniczek, np. okolice zamku czy wzg\u00f3rza przed pa\u0142acem. Mo\u017cna na nich umieszcza\u0107 wybrane magnesy (ponad 40 element\u00f3w) \u2013 dwie ksi\u0119\u017cniczki, ich fryzury, stroje i dodatki \u2013 tworz\u0105c wiele r\u00f3\u017cnych opowie\u015bci. Autork\u0105 ilustracji jest mieszkaj\u0105ca w Australii angielska graficzka Rebecca Jones. Zabawka ma por\u0119czny format, sprawdza si\u0119 w domu i w podr\u00f3\u017cy.\u00a0Zapakowana jest w estetyczne metalowe pude\u0142ko. Doskonale nadaje si\u0119 na prezent.                            <\/p>\n<p>a                            <\/p>\n<p>Zabawki magnetyczne to interesuj\u0105cy pomys\u0142 na pobudzanie dzieci\u0119cej wyobra\u017ani i rozw\u00f3j jego sprawno\u015bci manualnej. MUDPUPPY dba o to, by wielko\u015b\u0107 magnes\u00f3w by\u0142a odpowiednia dla wieku dziecka, a zestawy \u2013 kompaktowe, o ciekawej tematyce i szerokich mo\u017cliwo\u015bciach zastosowa\u0144.kategoria: zabawki magnetycznewiek: 4+liczba element\u00f3w:\u00a02 karty + 40 magnes\u00f3wmateria\u0142: cyna, magneswymiary opakowania: 16 x 22 x 2,5 cm                            <\/p>\n<p>a                            <\/p>\n<p>a                            <\/p>\n<p>Ameryka\u0144ska marka zabawek edukacyjnych MUDPUPPY powsta\u0142a w 1992 roku. Dzi\u015b jest znana na ca\u0142ym \u015bwiecie i cieszy si\u0119 powszechnym zaufaniem rodzic\u00f3w. Skupia si\u0119 na tworzeniu produkt\u00f3w, zach\u0119caj\u0105cych dzieci do tw\u00f3rczej aktywno\u015bci, a przy tym wspieraj\u0105cych ich rozw\u00f3j i stymuluj\u0105cych wyobra\u017ani\u0119. Oferta marki to g\u0142\u00f3wnie puzzle, gry, uk\u0142adanki oraz zestawy kreatywne, w tym tematyczne komplety magnes\u00f3w czy naklejek.Projekty MUDPUPPY inspirowane s\u0105 sztuk\u0105, m. in. ilustracj\u0105 dla dzieci. Marka stale wsp\u00f3\u0142pracuje ze wsp\u00f3\u0142czesnymi artystami, a jej produkty s\u0105 wci\u0105\u017c nagradzane za kreatywno\u015b\u0107, u\u017cyteczno\u015b\u0107 i innowacyjno\u015b\u0107.<\/p>\n<h2>Mudpuppy Magnetyczne Postacie Magiczne Ksi\u0119\u017cniczki Mudpuppy<\/h2>\n<p>proste zagadki logiczne, cytaty o wychowaniu i nauczaniu, prezent dla nastolatk\u00f3w 2021, zagadki i odpowiedzi, bajka o kreciku, zagadki dla dzieci 9-10 lat z odpowiedziami, prezent dla 19 latka, nauka zegara do druku, gry dla m\u0142odzie\u017cy, najlepsze zagadki, krzy\u017c\u00f3wki dla dzieci do druku, trudne zagadki logiczne z odpowiedziami, kartka walentynkowa zrobiona przez dzieci, gry dla nastolatk\u00f3w, zagadki na inteligencje, dzie\u0144 misia 2021, zaproszenie na urodziny dziecka do druku<\/p>\n<p>yyyyy<\/p>\n<p>&nbsp;<\/p>\n","protected":false},"excerpt":{"rendered":"<p>Mudpuppy Magnetyczne Postacie Magiczne Ksi\u0119\u017cniczki Zestaw magnes\u00f3w do tworzenia postaci Magiczne ksi\u0119\u017cniczki ameryka\u0144skiej marki MUDPUPPY to wyj\u0105tkowo kreatywna zabawka dla dzieci od 4 roku \u017cycia. Na 2 dwustronnych magnetycznych (cynowych) kartach znajduj\u0105 si\u0119 t\u0142a, zwi\u0105zane z ba\u015bniowym \u017cyciem ksi\u0119\u017cniczek, np. okolice zamku czy wzg\u00f3rza przed pa\u0142acem. Mo\u017cna na nich umieszcza\u0107 wybrane magnesy (ponad 40 element\u00f3w) [&hellip;]<\/p>\n","protected":false},"featured_media":10400,"comment_status":"closed","ping_status":"open","template":"","meta":[],"product_cat":[1344,90],"product_tag":[668,711,621,835,857],"class_list":["post-10399","product","type-product","status-publish","has-post-thumbnail","hentry","product_cat-mudpuppy","product_cat-puzzle","product_tag-atrakcje-dla-dzieci-wroclaw","product_tag-prezenty-dla-nastolatkow","product_tag-prezenty-roczek","product_tag-radosc-dziecka-cytaty","product_tag-zagadki-dla-dzieci-7-8-lat"],"_links":{"self":[{"href":"http:\/\/klubmamgdynia.pl\/index.php\/wp-json\/wp\/v2\/product\/10399","targetHints":{"allow":["GET"]}}],"collection":[{"href":"http:\/\/klubmamgdynia.pl\/index.php\/wp-json\/wp\/v2\/product"}],"about":[{"href":"http:\/\/klubmamgdynia.pl\/index.php\/wp-json\/wp\/v2\/types\/product"}],"replies":[{"embeddable":true,"href":"http:\/\/klubmamgdynia.pl\/index.php\/wp-json\/wp\/v2\/comments?post=10399"}],"wp:featuredmedia":[{"embeddable":true,"href":"http:\/\/klubmamgdynia.pl\/index.php\/wp-json\/wp\/v2\/media\/10400"}],"wp:attachment":[{"href":"http:\/\/klubmamgdynia.pl\/index.php\/wp-json\/wp\/v2\/media?parent=10399"}],"wp:term":[{"taxonomy":"product_cat","embeddable":true,"href":"http:\/\/klubmamgdynia.pl\/index.php\/wp-json\/wp\/v2\/product_cat?post=10399"},{"taxonomy":"product_tag","embeddable":true,"href":"http:\/\/klubmamgdynia.pl\/index.php\/wp-json\/wp\/v2\/product_tag?post=10399"}],"curies":[{"name":"wp","href":"https:\/\/api.w.org\/{rel}","templated":true}]}}