{"id":104,"date":"2020-03-13T08:36:26","date_gmt":"2020-03-13T07:36:26","guid":{"rendered":"http:\/\/klubmamgdynia.pl\/index.php\/produkt\/smily-play-lalka-bambolina-boutique-niebieska-bd1605\/"},"modified":"2026-04-30T02:58:41","modified_gmt":"2026-04-30T00:58:41","slug":"smily-play-lalka-bambolina-boutique-niebieska-bd1605","status":"publish","type":"product","link":"http:\/\/klubmamgdynia.pl\/index.php\/produkt\/smily-play-lalka-bambolina-boutique-niebieska-bd1605\/","title":{"rendered":"Smily Play Lalka Bambolina Boutique Niebieska Bd1605"},"content":{"rendered":"<p>Lalka to ulubiona zabawka niemal ka\u017cdej dziewczynki. Przedstawiamy zabawki dla dzieci wykonane tak, aby by\u0142y bezpieczne nawet dla niemowlaka, czyli pierwsz\u0105 lalk\u0119 ma\u0142ej dziewczynki! Lalka nale\u017cy do serii eleganckich, ekskluzywnych w\u0142oskich lalek Bambolina Boutique.Lalka to nieodzowny element dzieci\u0144stwa. Jest wiele zalet, jakimi wykazuj\u0105 si\u0119 tego typu zabawki. Kreatywne aktywno\u015bci, takie jak odgrywanie rodzinnych scenek, sprawiaj\u0105, \u017ce lalki pozwalaj\u0105 na rozrywk\u0119 nie tylko b\u0119d\u0105c\u0105 najlepszym sposobem na nud\u0119, ale tak\u017ce sprzyjaj\u0105c\u0105 tw\u00f3rczemu my\u015bleniu i pozwalaj\u0105c\u0105 na kreowanie w\u0142asnej wizji \u015bwiata. Co wi\u0119cej, zajmowanie si\u0119 lalk\u0105 uczy dziewczynk\u0119 wra\u017cliwo\u015bci i opieku\u0144czo\u015bci oraz pozwala jej nauczy\u0107 si\u0119 wyra\u017cania swoich uczu\u0107 i emocji.Dlaczego akurat Bambolina Boutique? Jest bezpieczna nawet dla najmniejszego dziecka \u2013 idealna r\u00f3wnie\u017c dla niemowlaka! Jest mi\u0119ciutka, przyjemna w dotyku i kolorowa. Jej ubranko zaprojektowali w\u0142oscy projektanci. Bardzo eleganckie opakowanie czyni z niej szczeg\u00f3lnie warto\u015bciowy prezent. Rozwija kreatywno\u015b\u0107 i pomys\u0142owo\u015b\u0107. Wp\u0142ywa na rozw\u00f3j umiej\u0119tno\u015bci spo\u0142ecznych.Tego typu zabawki dla niemowl\u0105t, rocznego dziecka, dwulatka czy trzylatka pozwalaj\u0105 rozwija\u0107 zmys\u0142 dotyku (r\u00f3\u017cnorodne materia\u0142y i kszta\u0142ty, ca\u0142o\u015b\u0107 idealnie dostosowana do mo\u017cliwo\u015bci malutkich r\u0105czek), wp\u0142ywaj\u0105 na motoryk\u0119 (usprawnianie d\u0142oni i st\u00f3pek), wzmacniaj\u0105 koordynacj\u0119 na polu wzrok \u2013 ruch.Bambolina Boutique \u2013 co j\u0105 wyr\u00f3\u017cnia? Lalki z tej serii to najlepsze zabawki edukacyjne dla niemowl\u0105t. Mo\u017ce bawi\u0107 si\u0119 nimi nawet bardzo ma\u0142e dziecko, gdy\u017c lalka jest zaprojektowana z my\u015bl\u0105 o bezpiecze\u0144stwie najmniejszych dzieci. Wysokiej jako\u015bci materia\u0142y i stroje, kt\u00f3re zosta\u0142y zaprojektowane przez designer\u00f3w.Lalka sprzyja rozwojowi wyobra\u017ani i kreatywnego my\u015blenia, a przy tym jest doskona\u0142ym towarzyszem malucha w pierwszych miesi\u0105cach i latach \u017cycia.<\/p>\n<h2>Smily Play Lalka Bambolina Boutique Niebieska Bd1605 Smily Play<\/h2>\n<p>fajne rzeczy dla nastolatk\u00f3w, zagadki matematyczne dla dzieci 7 lat, test znaki drogowe, kolorowanka piesek, rodzina cytaty, traktor z przyczep\u0105 kolorowanka, rymowanki o pisankach, imiona dla dzieci 2019, lucjan, rozrywka dla dzieci, co\u015b dla nastolatk\u00f3w, co kupic na roczek, zagadki na myslenie, miko\u0142ajek &#8211; test z odpowiedziami, asiunia test z lektury, mdk aleksandr\u00f3w \u0142\u00f3dzki, kolorowanki do druku dla ch\u0142opc\u00f3w, atrakcje dla dzieci tr\u00f3jmiasto, prezenty dla nastolatek<\/p>\n<p>yyyyy<\/p>\n<p>&nbsp;<\/p>\n","protected":false},"excerpt":{"rendered":"<p>Lalka to ulubiona zabawka niemal ka\u017cdej dziewczynki. Przedstawiamy zabawki dla dzieci wykonane tak, aby by\u0142y bezpieczne nawet dla niemowlaka, czyli pierwsz\u0105 lalk\u0119 ma\u0142ej dziewczynki! Lalka nale\u017cy do serii eleganckich, ekskluzywnych w\u0142oskich lalek Bambolina Boutique.Lalka to nieodzowny element dzieci\u0144stwa. Jest wiele zalet, jakimi wykazuj\u0105 si\u0119 tego typu zabawki. Kreatywne aktywno\u015bci, takie jak odgrywanie rodzinnych scenek, sprawiaj\u0105, [&hellip;]<\/p>\n","protected":false},"featured_media":105,"comment_status":"closed","ping_status":"open","template":"","meta":[],"product_cat":[65,62],"product_tag":[671,859,847,583,745],"class_list":["post-104","product","type-product","status-publish","has-post-thumbnail","hentry","product_cat-lalki","product_cat-smily-play","product_tag-cicha-noc-po-angielsku-tekst","product_tag-dobranoc-pchly-na-noc","product_tag-kolorowanki-pokemon","product_tag-kolysanki-dla-dzieci-tekst","product_tag-prezent-dla-15-latki"],"_links":{"self":[{"href":"http:\/\/klubmamgdynia.pl\/index.php\/wp-json\/wp\/v2\/product\/104","targetHints":{"allow":["GET"]}}],"collection":[{"href":"http:\/\/klubmamgdynia.pl\/index.php\/wp-json\/wp\/v2\/product"}],"about":[{"href":"http:\/\/klubmamgdynia.pl\/index.php\/wp-json\/wp\/v2\/types\/product"}],"replies":[{"embeddable":true,"href":"http:\/\/klubmamgdynia.pl\/index.php\/wp-json\/wp\/v2\/comments?post=104"}],"wp:featuredmedia":[{"embeddable":true,"href":"http:\/\/klubmamgdynia.pl\/index.php\/wp-json\/wp\/v2\/media\/105"}],"wp:attachment":[{"href":"http:\/\/klubmamgdynia.pl\/index.php\/wp-json\/wp\/v2\/media?parent=104"}],"wp:term":[{"taxonomy":"product_cat","embeddable":true,"href":"http:\/\/klubmamgdynia.pl\/index.php\/wp-json\/wp\/v2\/product_cat?post=104"},{"taxonomy":"product_tag","embeddable":true,"href":"http:\/\/klubmamgdynia.pl\/index.php\/wp-json\/wp\/v2\/product_tag?post=104"}],"curies":[{"name":"wp","href":"https:\/\/api.w.org\/{rel}","templated":true}]}}