{"id":1040,"date":"2020-09-26T11:43:53","date_gmt":"2020-09-26T09:43:53","guid":{"rendered":"http:\/\/klubmamgdynia.pl\/index.php\/produkt\/artyk-duzy-latawiec-dla-dzieci-kolorowa-buzka-emotka-98c\/"},"modified":"2026-05-17T22:29:21","modified_gmt":"2026-05-17T20:29:21","slug":"artyk-duzy-latawiec-dla-dzieci-kolorowa-buzka-emotka-98c","status":"publish","type":"product","link":"http:\/\/klubmamgdynia.pl\/index.php\/produkt\/artyk-duzy-latawiec-dla-dzieci-kolorowa-buzka-emotka-98c\/","title":{"rendered":"ARTYK DU\u017bY LATAWIEC DLA DZIECI KOLOROWA BU\u017bKA EMOTKA 98C"},"content":{"rendered":"<p>LATAWIEC DU\u017bY DLA DZIECI U\u015aMIECH KOLOROWY 95CMLatawce, to fascynuj\u0105ce zabawki, kt\u00f3re nie wymagaj\u0105 u\u017cycia baterii, kabli czy Internetu. Latawce jednolinkowe dla dzieci s\u0105 proste w obs\u0142udze i potrzebuj\u0105 jedynie wiatru, by unios\u0142y si\u0119 w powietrzu!Zapewnij zdrow\u0105 rozrywk\u0119 swojemu dziecku i pozw\u00f3l mu spo\u017cytkowa\u0107 energi\u0119 na \u015bwie\u017cym powietrzu za spraw\u0105 naszego du\u017cego latawca z U\u015aMIECHEM!BEZPIECZNA I \u0141ATWA OBS\u0141UGAPuszczanie latawca jest bezpieczn\u0105 zabaw\u0105 zapewniaj\u0105c\u0105 wiele godzin fantastycznie sp\u0119dzonego czasu. Sterowanie latawcem odbywa si\u0119 za pomoc\u0105 do\u0142\u0105czonej r\u0105czki ze sznurkiem, kt\u00f3ry \u0142\u0105czymy ze stela\u017cem. Takie rozwi\u0105zanie niweluje ryzyko owini\u0119cia sznurka wok\u00f3\u0142 palca.Warto, by w zabawie brali udzia\u0142 doro\u015bli. Nie tylko zacie\u015bni to relacje, ale tak\u017ce stworzy poczucie bezpiecze\u0144stwa. Doros\u0142y powinien pokaza\u0107 pierwsze kroki w puszczaniu latawca, a tak\u017ce pom\u00f3c w razie upadku produktu na drzewo.SOLIDNE WYKONANIELatawiec wykonany jest z wytrzyma\u0142ego materia\u0142u (poliester), kt\u00f3ry zosta\u0142a przymocowana do bambusowego stela\u017ca &#8211; tak przygotowany produkt zapewnia wysokie i pewne loty.Latawiec mo\u017ce by\u0107 u\u017cyty na pla\u017cy, na \u0142\u0105ce czy polanie- wsz\u0119dzie tam gdzie mamy woln\u0105 przestrze\u0144 i pe\u0142n\u0105 swobod\u0119 biegania.WYMIARYWymiar po roz\u0142o\u017ceniu 50 x 95 cm sprawi, \u017ce latawiec nie tylko pi\u0119knie si\u0119 b\u0119dzie prezentowa\u0142 na niebie, ale tak\u017ce z \u0142atwo\u015bci\u0105 si\u0119 uniesie i b\u0119dzie szybowa\u0142.Klasyczne, \u017cywe kolory oraz uniwersalny wz\u00f3r: U\u015aMIECH sprawdz\u0105 si\u0119 zar\u00f3wno dla dziewczynek jak i ch\u0142opc\u00f3w ju\u017c od 3 roku \u017cyciaPodstawowe informacje:- LEKKI I \u0141ATWY W STEROWANIU- WYKONANY Z WYTRZYMA\u0141EGO MATERIA\u0141U (POLIESTER)- BAMBUSOWY STELA\u017b- WYM. LATAWCA: 50 X 95 CM.- WYM. OPAKOWANIA: 9 X 77 X 2 CM.- WIEK: 3+<\/p>\n<h2>ARTYK DU\u017bY LATAWIEC DLA DZIECI KOLOROWA BU\u017bKA EMOTKA 98C Artyk<\/h2>\n<p>zaproszenia na urodziny do druku, plac zabaw pozna\u0144, nauka zegara do druku pdf, kinderbal przepisy, nauka zegara zegar do druku, wzory dyplom\u00f3w do pobrania, dobre \u017carty na prima aprilis<\/p>\n<p>yyyyy<\/p>\n<p>&nbsp;<\/p>\n","protected":false},"excerpt":{"rendered":"<p>LATAWIEC DU\u017bY DLA DZIECI U\u015aMIECH KOLOROWY 95CMLatawce, to fascynuj\u0105ce zabawki, kt\u00f3re nie wymagaj\u0105 u\u017cycia baterii, kabli czy Internetu. Latawce jednolinkowe dla dzieci s\u0105 proste w obs\u0142udze i potrzebuj\u0105 jedynie wiatru, by unios\u0142y si\u0119 w powietrzu!Zapewnij zdrow\u0105 rozrywk\u0119 swojemu dziecku i pozw\u00f3l mu spo\u017cytkowa\u0107 energi\u0119 na \u015bwie\u017cym powietrzu za spraw\u0105 naszego du\u017cego latawca z U\u015aMIECHEM!BEZPIECZNA I [&hellip;]<\/p>\n","protected":false},"featured_media":1041,"comment_status":"closed","ping_status":"open","template":"","meta":[],"product_cat":[336,120],"product_tag":[766,590,841],"class_list":["post-1040","product","type-product","status-publish","has-post-thumbnail","hentry","product_cat-artyk","product_cat-zabawki-i-gry-sportowe","product_tag-kira","product_tag-plac-zabaw-warszawa","product_tag-quiz-o-flagach"],"_links":{"self":[{"href":"http:\/\/klubmamgdynia.pl\/index.php\/wp-json\/wp\/v2\/product\/1040","targetHints":{"allow":["GET"]}}],"collection":[{"href":"http:\/\/klubmamgdynia.pl\/index.php\/wp-json\/wp\/v2\/product"}],"about":[{"href":"http:\/\/klubmamgdynia.pl\/index.php\/wp-json\/wp\/v2\/types\/product"}],"replies":[{"embeddable":true,"href":"http:\/\/klubmamgdynia.pl\/index.php\/wp-json\/wp\/v2\/comments?post=1040"}],"wp:featuredmedia":[{"embeddable":true,"href":"http:\/\/klubmamgdynia.pl\/index.php\/wp-json\/wp\/v2\/media\/1041"}],"wp:attachment":[{"href":"http:\/\/klubmamgdynia.pl\/index.php\/wp-json\/wp\/v2\/media?parent=1040"}],"wp:term":[{"taxonomy":"product_cat","embeddable":true,"href":"http:\/\/klubmamgdynia.pl\/index.php\/wp-json\/wp\/v2\/product_cat?post=1040"},{"taxonomy":"product_tag","embeddable":true,"href":"http:\/\/klubmamgdynia.pl\/index.php\/wp-json\/wp\/v2\/product_tag?post=1040"}],"curies":[{"name":"wp","href":"https:\/\/api.w.org\/{rel}","templated":true}]}}