{"id":10403,"date":"2017-10-28T00:04:22","date_gmt":"2017-10-27T22:04:22","guid":{"rendered":"http:\/\/klubmamgdynia.pl\/index.php\/produkt\/simba-steffi-animal-doktor-5737393\/"},"modified":"2026-04-04T11:43:08","modified_gmt":"2026-04-04T09:43:08","slug":"simba-steffi-animal-doktor-5737393","status":"publish","type":"product","link":"http:\/\/klubmamgdynia.pl\/index.php\/produkt\/simba-steffi-animal-doktor-5737393\/","title":{"rendered":"Simba Steffi Animal Doktor 5737393"},"content":{"rendered":"<p>Lalka Steffi w stroju lekarza, ze zwierz\u0105tkami i licznymi akcesoriami, w zestawie 24 elementy.<\/p>\n<h2>Simba Steffi Animal Doktor 5737393 Simba<\/h2>\n<p>malowanki do wydruku, karty pracy dla uczni\u00f3w z ukrainy, literki do pisania do druku, kajko i kokosz szko\u0142a latania test z odpowiedziami, fajne \u017carty na prima aprilis, kolorowanki minionki, kolorowanka kotka, pranki na prima aprilis dla rodzic\u00f3w, znaczenie imienia marcel, zagadki na logike, darmowe bajki dla dzieci, tekst kolysanek, maski dla dzieci do druku, najlepsze zarty na prima aprilis, kolorowanki na dzie\u0144 niepodleg\u0142o\u015bci do wydruku, z\u0142ote my\u015bli pedagogiczne, \u0142atwe ale podchwytliwe zagadki<\/p>\n<p>yyyyy<\/p>\n<p>&nbsp;<\/p>\n","protected":false},"excerpt":{"rendered":"<p>Lalka Steffi w stroju lekarza, ze zwierz\u0105tkami i licznymi akcesoriami, w zestawie 24 elementy. Simba Steffi Animal Doktor 5737393 Simba malowanki do wydruku, karty pracy dla uczni\u00f3w z ukrainy, literki do pisania do druku, kajko i kokosz szko\u0142a latania test z odpowiedziami, fajne \u017carty na prima aprilis, kolorowanki minionki, kolorowanka kotka, pranki na prima aprilis [&hellip;]<\/p>\n","protected":false},"featured_media":10404,"comment_status":"closed","ping_status":"open","template":"","meta":[],"product_cat":[65,279],"product_tag":[755,688,584,642,613,751],"class_list":["post-10403","product","type-product","status-publish","has-post-thumbnail","hentry","product_cat-lalki","product_cat-simba","product_tag-henryk","product_tag-kolysanki-tekst","product_tag-liwia","product_tag-mia-imie","product_tag-na-wyspach-bergamutach","product_tag-psi-patrol-kolorowanka"],"_links":{"self":[{"href":"http:\/\/klubmamgdynia.pl\/index.php\/wp-json\/wp\/v2\/product\/10403","targetHints":{"allow":["GET"]}}],"collection":[{"href":"http:\/\/klubmamgdynia.pl\/index.php\/wp-json\/wp\/v2\/product"}],"about":[{"href":"http:\/\/klubmamgdynia.pl\/index.php\/wp-json\/wp\/v2\/types\/product"}],"replies":[{"embeddable":true,"href":"http:\/\/klubmamgdynia.pl\/index.php\/wp-json\/wp\/v2\/comments?post=10403"}],"wp:featuredmedia":[{"embeddable":true,"href":"http:\/\/klubmamgdynia.pl\/index.php\/wp-json\/wp\/v2\/media\/10404"}],"wp:attachment":[{"href":"http:\/\/klubmamgdynia.pl\/index.php\/wp-json\/wp\/v2\/media?parent=10403"}],"wp:term":[{"taxonomy":"product_cat","embeddable":true,"href":"http:\/\/klubmamgdynia.pl\/index.php\/wp-json\/wp\/v2\/product_cat?post=10403"},{"taxonomy":"product_tag","embeddable":true,"href":"http:\/\/klubmamgdynia.pl\/index.php\/wp-json\/wp\/v2\/product_tag?post=10403"}],"curies":[{"name":"wp","href":"https:\/\/api.w.org\/{rel}","templated":true}]}}