{"id":10405,"date":"2013-09-19T14:18:04","date_gmt":"2013-09-19T12:18:04","guid":{"rendered":"http:\/\/klubmamgdynia.pl\/index.php\/produkt\/tablica-magnetyczna-kredowa-ukladanka-72-el-ym996\/"},"modified":"2026-04-04T18:29:13","modified_gmt":"2026-04-04T16:29:13","slug":"tablica-magnetyczna-kredowa-ukladanka-72-el-ym996","status":"publish","type":"product","link":"http:\/\/klubmamgdynia.pl\/index.php\/produkt\/tablica-magnetyczna-kredowa-ukladanka-72-el-ym996\/","title":{"rendered":"Tablica magnetyczna kredowa uk\u0142adanka 72 el. YM996"},"content":{"rendered":"<p>Tablica magnetyczna kredowa uk\u0142adanka w skrzynce z r\u0105czk\u0105, magnetyczne cyferki, literki, mazaki, kreda, g\u0105bka i znaki matematyczne 72 el.Tablica magnetyczna do rysownia z magnetycznymi cyferkami, literkami i znakami matematycznymi to \u015bwietny zestaw do nauki poprzez zabaw\u0119! Rozwijaj zdolno\u015bci swojego dziecka od najm\u0142odszych lat.Wymiary z\u0142o\u017conej tablicy: 33 x 31,5 x 4 cmWymiary roz\u0142o\u017conej tablicy: wys. 23 cm x szer. 33 cm x g\u0142. 31,5 cmWiek: 3+Zabawka posiada certyfikat CE, EN71.Dla ma\u0142ego artysty z jednej strony jest tradycyjna, kredowa tablica a z drugiej magnetyczna, sucho\u015bcieralna do pisania mazakami i przyczepiania magnes\u00f3w, kt\u00f3re s\u0105 w zestawie.Zabawka sk\u0142ada si\u0119 z dw\u00f3ch cz\u0119\u015bci. Na pierwszej &#8211; bia\u0142ej tablicy, dziecko mo\u017ce przyczepia\u0107 magnetyczne literki, cyferki i znaki matematyczne oraz rysowa\u0107 mazakami. Na drugiej stronie znajduje si\u0119 tablica kredowa, gdzie maluch wykorzystuj\u0105c kolorow\u0105 kred\u0119 mo\u017ce rozwija\u0107 swoje zdolno\u015bci manualne i plastyczne. To zabawka dla dziecka, kt\u00f3ra zapewni zabaw\u0119 na wiele d\u0142ugich godzin. Zar\u00f3wno mazaki jak i kred\u0119 mo\u017cna zmazywa\u0107 g\u0105bk\u0105, kt\u00f3ra jest w zestawie.W sk\u0142ad zestawu wchodzi:skrzynka sk\u0142adaj\u0105ca si\u0119 z postawy i tablicy26 literek magnetycznych20 cyferek matematycznych6 magnetycznych znak\u00f3w matematycznych5 mazak\u00f3w zako\u0144czonych g\u0105bkami do zmazywania12 kawa\u0142k\u00f3w kredyg\u0105bka do zmazywaniaDziecko dzi\u0119ki uk\u0142adance:uczy si\u0119 rozr\u00f3\u017cnia\u0107 kolory i kszta\u0142tyuczy si\u0119 rysowa\u0107uczy si\u0119 alfabetuuczy si\u0119 cyfruczy si\u0119 wykonywania prostych dzia\u0142a\u0144 matematycznychPoprzez zabaw\u0119 uk\u0142adank\u0105 i puzzlami dziecko rozwija:motoryk\u0119logiczne my\u015bleniewyobra\u017ani\u0119cierpliwo\u015b\u0107pami\u0119\u0107zmys\u0142 koncentracjikreatywno\u015b\u0107Tablica z jednej strony jest przeznaczona do rysowania (bia\u0142e pole) i jest magnetyczna:mo\u017cna po niej pisa\u0107 mazakami i zmazywa\u0107 narysowane obrazki g\u0105beczk\u0105z magnetycznych cyfr i znak\u00f3w matematycznych mo\u017cna uk\u0142ada\u0107 proste dzia\u0142ania matematyczneliterki mo\u017cna uk\u0142ada\u0107 w szeregu alfabetycznym i tworzy\u0107 proste s\u0142owaZ drugiej strony tablica jest kredowa (czarne pole)mo\u017cna na niej rysowa\u0107 za\u0142\u0105czon\u0105 do zestawu kred\u0105.Wszystkie elementy znajduj\u0105 si\u0119 w skrzynce, kt\u00f3ra jednocze\u015bnie s\u0142u\u017cy jako podstawka tablicy. Dzi\u0119ki temu znajduj\u0105 si\u0119 w jednym miejscu i si\u0119 nie pogubi\u0105.Skrzynka wyposa\u017cona jest w przegr\u00f3dki, w kt\u00f3rych mo\u017cna przechowywa\u0107 wszystkie elementy, aby si\u0119 nie miesza\u0142y. Skrzynka posiada uchwyt, dzi\u0119ki czemu mo\u017cna wygodnie przenosi\u0107 tablic\u0119.Wymiary opakowania: 44 x 32,5 x 4,5 cmWymiary powierzchni do rysowania: 27 x 18 cmWymiary cyfr i liter: ok. 2 x 2 cmWymiary mazak\u00f3w: 11,5 cmD\u0142ugo\u015b\u0107 kredy: 8 cmWymiary g\u0105beczki: 6 x 3,5 cmZabawka zapakowana w kolorowe pude\u0142ko z okienkiem i r\u0105czk\u0105. Idealnie nadaje si\u0119 na prezent&#8230;.<\/p>\n<h2>Tablica magnetyczna kredowa uk\u0142adanka 72 el. YM996 Luxma<\/h2>\n<p>prezent dla dziecka na roczek, trudne zagadki dla doros\u0142ych, uk\u0142ad s\u0142oneczny do druku, testy z lektury tajemniczy ogr\u00f3d, zabawka na roczek, choinka kolorowanka szablon, wr\u00f3\u017cby andrzejkowe dla dzieci zawody, zygzak mcqueen kolorowanka, zagadki slowne, poczytaj mi wiersz, proste origami dla dzieci, matylda imie, test z lektury miko\u0142ajek do druku, stolice europy quiz<\/p>\n<p>yyyyy<\/p>\n<p>&nbsp;<\/p>\n","protected":false},"excerpt":{"rendered":"<p>Tablica magnetyczna kredowa uk\u0142adanka w skrzynce z r\u0105czk\u0105, magnetyczne cyferki, literki, mazaki, kreda, g\u0105bka i znaki matematyczne 72 el.Tablica magnetyczna do rysownia z magnetycznymi cyferkami, literkami i znakami matematycznymi to \u015bwietny zestaw do nauki poprzez zabaw\u0119! Rozwijaj zdolno\u015bci swojego dziecka od najm\u0142odszych lat.Wymiary z\u0142o\u017conej tablicy: 33 x 31,5 x 4 cmWymiary roz\u0142o\u017conej tablicy: wys. 23 [&hellip;]<\/p>\n","protected":false},"featured_media":10406,"comment_status":"closed","ping_status":"open","template":"","meta":[],"product_cat":[327,21],"product_tag":[865,691,727,869],"class_list":["post-10405","product","type-product","status-publish","has-post-thumbnail","hentry","product_cat-luxma","product_cat-zabawki-plastyczne","product_tag-cytaty-o-dzieciach","product_tag-gabriel","product_tag-godlo-polski-do-druku","product_tag-zagadki-na-logike"],"_links":{"self":[{"href":"http:\/\/klubmamgdynia.pl\/index.php\/wp-json\/wp\/v2\/product\/10405","targetHints":{"allow":["GET"]}}],"collection":[{"href":"http:\/\/klubmamgdynia.pl\/index.php\/wp-json\/wp\/v2\/product"}],"about":[{"href":"http:\/\/klubmamgdynia.pl\/index.php\/wp-json\/wp\/v2\/types\/product"}],"replies":[{"embeddable":true,"href":"http:\/\/klubmamgdynia.pl\/index.php\/wp-json\/wp\/v2\/comments?post=10405"}],"wp:featuredmedia":[{"embeddable":true,"href":"http:\/\/klubmamgdynia.pl\/index.php\/wp-json\/wp\/v2\/media\/10406"}],"wp:attachment":[{"href":"http:\/\/klubmamgdynia.pl\/index.php\/wp-json\/wp\/v2\/media?parent=10405"}],"wp:term":[{"taxonomy":"product_cat","embeddable":true,"href":"http:\/\/klubmamgdynia.pl\/index.php\/wp-json\/wp\/v2\/product_cat?post=10405"},{"taxonomy":"product_tag","embeddable":true,"href":"http:\/\/klubmamgdynia.pl\/index.php\/wp-json\/wp\/v2\/product_tag?post=10405"}],"curies":[{"name":"wp","href":"https:\/\/api.w.org\/{rel}","templated":true}]}}