{"id":10407,"date":"2015-03-10T04:36:55","date_gmt":"2015-03-10T03:36:55","guid":{"rendered":"http:\/\/klubmamgdynia.pl\/index.php\/produkt\/clementoni-jaka-jest-twoja-praca\/"},"modified":"2026-04-04T15:19:10","modified_gmt":"2026-04-04T13:19:10","slug":"clementoni-jaka-jest-twoja-praca","status":"publish","type":"product","link":"http:\/\/klubmamgdynia.pl\/index.php\/produkt\/clementoni-jaka-jest-twoja-praca\/","title":{"rendered":"Clementoni Jaka Jest Twoja Praca?"},"content":{"rendered":"<p>Clementoni gra Edukcyjna Jak\u0105 prac\u0119 wykonujesz? 50085Super zabawna gra, kt\u00f3ra zach\u0119ca dzieci do odkrywania zawod\u00f3w! Gra sk\u0142ada si\u0119 z 24 p\u0142ytek, z kt\u00f3rych mo\u017cna utworzy\u0107 6 postaci. Dzieci podczas zabawy ucz\u0105 si\u0119 rozpoznawa\u0107 je, a tak\u017ce tworzy\u0107 nowe postacie. Oryginalna gra, kt\u00f3ra zapewnia przestrze\u0144 dla wyobra\u017ani Twoich dzieci. Stymuluje umiej\u0119tno\u015bci w zakresie obserwacji, logiki, wyobra\u017ani i kreatywno\u015bci.Clementoni powsta\u0142o, aby pom\u00f3c dzieciom uczy\u0107 si\u0119 poprzez wspieranie ich rozwoju za pomoc\u0105 j\u0119zyka, kt\u00f3ry znaj\u0105 najlepiej i co przychodzi do nich w spos\u00f3b naturalny &#8211; za pomoc\u0105 zabawy. Obecnie oferta Clementoni zawiera zabawki dla dzieci w wieku od 0 miesi\u0119cy do 12 lat i starszych, zaczynaj\u0105c od wczesnego dzieci\u0144stwa z Baby Clementoni, Disney Baby i linii Clemmy, nast\u0119pnie przechodz\u0105c do \u015bwiata przedszkola i gier edukacyjnych zdominowanych przez znan\u0105 mark\u0105 Sapientino, gry Naukowa Zabawa, ultranowoczesne tablety Made in Clementoni i mini komputery, zabawki kreatywne Crazy Chic, nie zapominaj\u0105c o &#8222;klasykach&#8221; \u2013 wysoko cenionych puzzlach. Niezwykle szeroki asortyment zabawek dla wszystkich grup wiekowych, kt\u00f3re dorasta\u0142y razem z ca\u0142ymi pokoleniami dzieci.<\/p>\n<h2>Clementoni Jaka Jest Twoja Praca? Clementoni<\/h2>\n<p>zagadki o psach, test z lektury kajko i kokosz szko\u0142a latania, malowanki \u015bwi\u0105teczne, zagadki wielkanocne do druku, mini zoo mazowieckie, ju\u017c blisko kol\u0119da tekst, znaczenie imiona justyna, filmy disneya, quiz stolice europy, zagadka nie do rozwi\u0105zania, cytaty o przyja\u017ani kr\u00f3tkie<\/p>\n<p>yyyyy<\/p>\n<p>&nbsp;<\/p>\n","protected":false},"excerpt":{"rendered":"<p>Clementoni gra Edukcyjna Jak\u0105 prac\u0119 wykonujesz? 50085Super zabawna gra, kt\u00f3ra zach\u0119ca dzieci do odkrywania zawod\u00f3w! Gra sk\u0142ada si\u0119 z 24 p\u0142ytek, z kt\u00f3rych mo\u017cna utworzy\u0107 6 postaci. Dzieci podczas zabawy ucz\u0105 si\u0119 rozpoznawa\u0107 je, a tak\u017ce tworzy\u0107 nowe postacie. Oryginalna gra, kt\u00f3ra zapewnia przestrze\u0144 dla wyobra\u017ani Twoich dzieci. Stymuluje umiej\u0119tno\u015bci w zakresie obserwacji, logiki, wyobra\u017ani [&hellip;]<\/p>\n","protected":false},"featured_media":10408,"comment_status":"closed","ping_status":"open","template":"","meta":[],"product_cat":[163,130],"product_tag":[582,589,705,773,782,869,756],"class_list":["post-10407","product","type-product","status-publish","has-post-thumbnail","hentry","product_cat-clementoni","product_cat-gry-dzieciece","product_tag-nauka-pisania-literek-do-wydruku-pdf","product_tag-prezent-dla-rocznego-dziecka","product_tag-prezent-na-roczek-dla-chlopca","product_tag-test-z-lektury-opowiesci-z-narnii-lew-czarownica-i-stara-szafa","product_tag-zagadki-dla-dzieci-z-odpowiedziami","product_tag-zagadki-na-logike","product_tag-zaproszenie-na-urodziny-do-druku"],"_links":{"self":[{"href":"http:\/\/klubmamgdynia.pl\/index.php\/wp-json\/wp\/v2\/product\/10407","targetHints":{"allow":["GET"]}}],"collection":[{"href":"http:\/\/klubmamgdynia.pl\/index.php\/wp-json\/wp\/v2\/product"}],"about":[{"href":"http:\/\/klubmamgdynia.pl\/index.php\/wp-json\/wp\/v2\/types\/product"}],"replies":[{"embeddable":true,"href":"http:\/\/klubmamgdynia.pl\/index.php\/wp-json\/wp\/v2\/comments?post=10407"}],"wp:featuredmedia":[{"embeddable":true,"href":"http:\/\/klubmamgdynia.pl\/index.php\/wp-json\/wp\/v2\/media\/10408"}],"wp:attachment":[{"href":"http:\/\/klubmamgdynia.pl\/index.php\/wp-json\/wp\/v2\/media?parent=10407"}],"wp:term":[{"taxonomy":"product_cat","embeddable":true,"href":"http:\/\/klubmamgdynia.pl\/index.php\/wp-json\/wp\/v2\/product_cat?post=10407"},{"taxonomy":"product_tag","embeddable":true,"href":"http:\/\/klubmamgdynia.pl\/index.php\/wp-json\/wp\/v2\/product_tag?post=10407"}],"curies":[{"name":"wp","href":"https:\/\/api.w.org\/{rel}","templated":true}]}}