{"id":10409,"date":"2015-01-11T14:02:17","date_gmt":"2015-01-11T13:02:17","guid":{"rendered":"http:\/\/klubmamgdynia.pl\/index.php\/produkt\/meri-meri-talerzyki-konfetti-zlote\/"},"modified":"2026-04-30T18:45:11","modified_gmt":"2026-04-30T16:45:11","slug":"meri-meri-talerzyki-konfetti-zlote","status":"publish","type":"product","link":"http:\/\/klubmamgdynia.pl\/index.php\/produkt\/meri-meri-talerzyki-konfetti-zlote\/","title":{"rendered":"Meri Meri Talerzyki Konfetti Z\u0142ote"},"content":{"rendered":"<p>Zestaw 8 papierowych talerzyk\u00f3w. Wymiary: 25,5 x 22 cm.<\/p>\n<h2>Meri Meri Talerzyki Konfetti Z\u0142ote Meri Meri<\/h2>\n<p>trudne zagadki na inteligencje, samolot z papieru, kr\u00f3tkie zagadki dla doros\u0142ych, test z lektury spos\u00f3b na alcybiadesa, kolorowanki do druku dla ch\u0142opc\u00f3w, kolorowe kredki tekst, zabawy z 7 latkiem, prezent dla 7 latki, lodowiska w warszawie, audiobooki dla dzieci za darmo, lol surprise kolorowanka, pola imie, zagadki kr\u00f3tkie, kajko i kokosz test z lektury, \u015bwi\u0119ta wielkanocne piosenka tekst<\/p>\n<p>yyyyy<\/p>\n<p>&nbsp;<\/p>\n","protected":false},"excerpt":{"rendered":"<p>Zestaw 8 papierowych talerzyk\u00f3w. Wymiary: 25,5 x 22 cm. Meri Meri Talerzyki Konfetti Z\u0142ote Meri Meri trudne zagadki na inteligencje, samolot z papieru, kr\u00f3tkie zagadki dla doros\u0142ych, test z lektury spos\u00f3b na alcybiadesa, kolorowanki do druku dla ch\u0142opc\u00f3w, kolorowe kredki tekst, zabawy z 7 latkiem, prezent dla 7 latki, lodowiska w warszawie, audiobooki dla dzieci [&hellip;]<\/p>\n","protected":false},"featured_media":10410,"comment_status":"closed","ping_status":"open","template":"","meta":[],"product_cat":[1902,215],"product_tag":[702,852,645,737,725],"class_list":["post-10409","product","type-product","status-publish","has-post-thumbnail","hentry","product_cat-meri-meri","product_cat-naczynia-i-sztucce-dla-dzieci","product_tag-co-kupic-na-roczek-dla-dziewczynki","product_tag-jak-zrobic-samolot-z-papieru","product_tag-latwe-zagadki","product_tag-test-z-lektury-felix-net-i-nika-oraz-gang-niewidzialnych-ludzi","product_tag-zgadywanki"],"_links":{"self":[{"href":"http:\/\/klubmamgdynia.pl\/index.php\/wp-json\/wp\/v2\/product\/10409","targetHints":{"allow":["GET"]}}],"collection":[{"href":"http:\/\/klubmamgdynia.pl\/index.php\/wp-json\/wp\/v2\/product"}],"about":[{"href":"http:\/\/klubmamgdynia.pl\/index.php\/wp-json\/wp\/v2\/types\/product"}],"replies":[{"embeddable":true,"href":"http:\/\/klubmamgdynia.pl\/index.php\/wp-json\/wp\/v2\/comments?post=10409"}],"wp:featuredmedia":[{"embeddable":true,"href":"http:\/\/klubmamgdynia.pl\/index.php\/wp-json\/wp\/v2\/media\/10410"}],"wp:attachment":[{"href":"http:\/\/klubmamgdynia.pl\/index.php\/wp-json\/wp\/v2\/media?parent=10409"}],"wp:term":[{"taxonomy":"product_cat","embeddable":true,"href":"http:\/\/klubmamgdynia.pl\/index.php\/wp-json\/wp\/v2\/product_cat?post=10409"},{"taxonomy":"product_tag","embeddable":true,"href":"http:\/\/klubmamgdynia.pl\/index.php\/wp-json\/wp\/v2\/product_tag?post=10409"}],"curies":[{"name":"wp","href":"https:\/\/api.w.org\/{rel}","templated":true}]}}