{"id":10411,"date":"2011-01-04T19:09:49","date_gmt":"2011-01-04T18:09:49","guid":{"rendered":"http:\/\/klubmamgdynia.pl\/index.php\/produkt\/luxma-pistolet-na-wode-armata-sikawka-plecak-rakieta-152\/"},"modified":"2026-04-14T18:40:37","modified_gmt":"2026-04-14T16:40:37","slug":"luxma-pistolet-na-wode-armata-sikawka-plecak-rakieta-152","status":"publish","type":"product","link":"http:\/\/klubmamgdynia.pl\/index.php\/produkt\/luxma-pistolet-na-wode-armata-sikawka-plecak-rakieta-152\/","title":{"rendered":"Luxma Pistolet Na Wod\u0119 Armata Sikawka Plecak Rakieta 152"},"content":{"rendered":"<p>Du\u017cy pistolet na wod\u0119 armata sikawka plecak rakieta\u015amigus dyngus ju\u017c za pasem. Zaopatrz si\u0119 w pistolet na wod\u0119 z plecakiem w kszta\u0142cie niebieskiej rakiety i baw si\u0119 dobrze na swoim podw\u00f3rku podczas bitwy wodnej.Pistolet przyda si\u0119 r\u00f3wnie\u017c w letnie, upalne dni zapewniaj\u0105c dzieciom i rodzicom \u015bwietn\u0105 zabaw\u0119.Wymiary plecaka rakiety: 29 x 23 x 10 cmWymiary pistoletu: 23 x 14 x 6 cmD\u0142ugo\u015b\u0107 w\u0119\u017ca: 75 cmD\u0142ugo\u015b\u0107 broni z w\u0119\u017cem: 98 cmWiek: 3+Certyfikaty: CE, EN71Pojemnik na wod\u0119 w kszta\u0142cie rakiety jest w \u015blicznym niebieskim kolorze, kt\u00f3ry przyci\u0105ga uwag\u0119 Twojego dziecka. Dodatkowo pojemnik posiada du\u017c\u0105 pojemno\u015b\u0107, dzi\u0119ki czemu zabawa b\u0119dzie trwa\u0142a d\u0142u\u017cej.Pistolet przeznaczony jest zar\u00f3wno do samodzielnej zabawy, jak i zabawy w grupie. Dzi\u0119ki temu Twoje dziecko zyska umiej\u0119tno\u015bci integracyjno-spo\u0142eczne.Pistolet z plecakiem w kszta\u0142cie niebieskiej rakiety jest bardzo \u0142atwy w obs\u0142udze. Odkr\u0119\u0107 pojemnik na wod\u0119 (plecak) i nape\u0142nij go, aby wydoby\u0107 wod\u0119 z pistoletu przesuwaj pomp\u0119 do przodu i do ty\u0142u. Woda b\u0119dzie wydobywa\u0142a si\u0119 z pistoletu pod ci\u015bnieniem. Zdziwisz si\u0119 jaki woda ma daleki zasi\u0119g.Plecak posiada regulowane szelki, dzi\u0119ki czemu dopasujesz go do dziecka.W sk\u0142ad zestawu wchodzi:Pojemnik plecak w kszta\u0142cie niebieskiej rakietyPistolet z pomp\u0105 i d\u0142ugim szlauchemNakr\u0119tka na pojemnikNakr\u0119tka \u0142\u0105cz\u0105ca pojemnik z w\u0119\u017cem na wod\u0119Regulowane szelkiWymiary plecaka rakiety: 29 x 23 x 10 cmWymiary pistoletu: 23 x 14 x 6 cmD\u0142ugo\u015b\u0107 w\u0119\u017ca: 75 cmD\u0142ugo\u015b\u0107 broni z w\u0119\u017cem: 98 cmWiek: 3+Certyfikaty: CE, EN71Zabawka zapakowania w worek foliowy zako\u0144czony etykiet\u0105. Idealnie nadaje si\u0119 na prezent.<\/p>\n<h2>Luxma Pistolet Na Wod\u0119 Armata Sikawka Plecak Rakieta 152 Luxma<\/h2>\n<p>bajki o ksi\u0119\u017cniczkach do czytania, kolorowanka lato, wiosenne zagadki, anio\u0142 rysunek prosty, atrakcje dla dzieci we wroc\u0142awiu, magiczne drzewo czerwone krzes\u0142o test, iwo, \u015bmigus dyngus lany poniedzia\u0142ek zyczenia, dziwne zagadki, co oznacza imi\u0119 alan, na roczek dla dziewczynki, prezent dla nastoletniego ch\u0142opca, maski na twarz dla dzieci do wydruku, \u017carty na prima aprilis dla rodzic\u00f3w, prezent dla rocznego ch\u0142opca, wr\u00f3\u017cby andrzejkowe online dla dzieci, stare piosenki<\/p>\n<p>yyyyy<\/p>\n<p>&nbsp;<\/p>\n","protected":false},"excerpt":{"rendered":"<p>Du\u017cy pistolet na wod\u0119 armata sikawka plecak rakieta\u015amigus dyngus ju\u017c za pasem. Zaopatrz si\u0119 w pistolet na wod\u0119 z plecakiem w kszta\u0142cie niebieskiej rakiety i baw si\u0119 dobrze na swoim podw\u00f3rku podczas bitwy wodnej.Pistolet przyda si\u0119 r\u00f3wnie\u017c w letnie, upalne dni zapewniaj\u0105c dzieciom i rodzicom \u015bwietn\u0105 zabaw\u0119.Wymiary plecaka rakiety: 29 x 23 x 10 cmWymiary [&hellip;]<\/p>\n","protected":false},"featured_media":10412,"comment_status":"closed","ping_status":"open","template":"","meta":[],"product_cat":[327,518],"product_tag":[668,707,583,870],"class_list":["post-10411","product","type-product","status-publish","has-post-thumbnail","hentry","product_cat-luxma","product_cat-zabawki-wodne","product_tag-atrakcje-dla-dzieci-wroclaw","product_tag-karty-pracy-dla-dzieci-z-ukrainy","product_tag-kolysanki-dla-dzieci-tekst","product_tag-prezent-dla-chlopca-na-roczek"],"_links":{"self":[{"href":"http:\/\/klubmamgdynia.pl\/index.php\/wp-json\/wp\/v2\/product\/10411","targetHints":{"allow":["GET"]}}],"collection":[{"href":"http:\/\/klubmamgdynia.pl\/index.php\/wp-json\/wp\/v2\/product"}],"about":[{"href":"http:\/\/klubmamgdynia.pl\/index.php\/wp-json\/wp\/v2\/types\/product"}],"replies":[{"embeddable":true,"href":"http:\/\/klubmamgdynia.pl\/index.php\/wp-json\/wp\/v2\/comments?post=10411"}],"wp:featuredmedia":[{"embeddable":true,"href":"http:\/\/klubmamgdynia.pl\/index.php\/wp-json\/wp\/v2\/media\/10412"}],"wp:attachment":[{"href":"http:\/\/klubmamgdynia.pl\/index.php\/wp-json\/wp\/v2\/media?parent=10411"}],"wp:term":[{"taxonomy":"product_cat","embeddable":true,"href":"http:\/\/klubmamgdynia.pl\/index.php\/wp-json\/wp\/v2\/product_cat?post=10411"},{"taxonomy":"product_tag","embeddable":true,"href":"http:\/\/klubmamgdynia.pl\/index.php\/wp-json\/wp\/v2\/product_tag?post=10411"}],"curies":[{"name":"wp","href":"https:\/\/api.w.org\/{rel}","templated":true}]}}