{"id":10413,"date":"2019-08-12T17:42:11","date_gmt":"2019-08-12T15:42:11","guid":{"rendered":"http:\/\/klubmamgdynia.pl\/index.php\/produkt\/elektryczna-lapka-packa-na-muchy-komary-owady-cmy-2590\/"},"modified":"2026-05-17T20:53:22","modified_gmt":"2026-05-17T18:53:22","slug":"elektryczna-lapka-packa-na-muchy-komary-owady-cmy-2590","status":"publish","type":"product","link":"http:\/\/klubmamgdynia.pl\/index.php\/produkt\/elektryczna-lapka-packa-na-muchy-komary-owady-cmy-2590\/","title":{"rendered":"Elektryczna \u0141apka Packa Na Muchy Komary Owady \u0106my (2590)"},"content":{"rendered":"<p>ELEKTRYCZNA \u0141APKA PACKA NA MUCHY KOMARY OWADY \u0106MY NA PR\u0104D!!!Urz\u0105dzenie wyposa\u017cone jest w dwa 1,5V akumulatory, kt\u00f3re \u0142aduje si\u0119 bezpo\u015brednio z gniazdka elektrycznego!ELEKTRYCZNA PACKANa pewno masz ju\u017c do\u015b\u0107 biegania po domu z pack\u0105, kapciem czy gazet\u0105 obijaj\u0105c meble i \u015bciany.T\u0105 elektryczn\u0105 pack\u0105 zlikwidujesz bezbole\u015bnie owada w powietrzu.Elektryczna \u0142apka\/paralizator zwalczaj\u0105ca wszelkiego rodzaju owady lataj\u0105cem.in.: muchy, osy, pszczo\u0142y, komary, szerszenie, mole, insekty i wiele innych.Idealne urz\u0105dzenie do domu.Najmocniejsze tego typu urz\u0105dzenie na rynku!Wystarczy zbli\u017cy\u0107 urz\u0105dzenie do owada kt\u00f3ry jest wabiony i po zetkni\u0119ciu zsiatk\u0105 natychmiast ginie pora\u017cony pr\u0105dem, zamieniaj\u0105c si\u0119 w py\u0142\u0141apk\u0119 uruchamia si\u0119 prze\u0142\u0105cznikiem a dioda LED sygnalizuje prac\u0119 paralizatora.Urz\u0105dzenie to posiada specjaln\u0105 dwubiegunow\u0105 3-warstwow\u0105 metalow\u0105 siatk\u0119przez kt\u00f3r\u0105 przep\u0142ywaj\u0105 impulsy elektryczne.Wygodna antypo\u015blizgowa r\u0119koje\u015b\u0107.Urz\u0105dzenie ca\u0142kowicie bezpieczne dla ludzi lecz zab\u00f3jcze dla owad\u00f3w.Banalnie prosta obs\u0142uga.Elektryczna \u0142apka na owadypozwoli szybko i w \u0142atwy spos\u00f3b pozby\u0107 si\u0119 insekt\u00f3w w mieszkaniu bez zb\u0119dnych \u015blad\u00f3w na \u015bcianach czy meblach.Produkt wykonany zosta\u0142 z tworzywa sztucznego, dzi\u0119ki czemu jest trwa\u0142y i \u0142atwy w utrzymaniu czysto\u015bci, a tak\u017ce lekki i por\u0119czny.BRAK MO\u017bLIWO\u015aCI WYBORU KOLORU.<\/p>\n<h2>Elektryczna \u0141apka Packa Na Muchy Komary Owady \u0106my (2590) Martom<\/h2>\n<p>kolorowanki do druku peppa, jesienne zagadki, rysunki dla pocz\u0105tkuj\u0105cych, rymowanki o pisankach, calineczka test z odpowiedziami, znaczenie imiona pola, kolorowanki pokemon, zagadki<\/p>\n<p>yyyyy<\/p>\n<p>&nbsp;<\/p>\n","protected":false},"excerpt":{"rendered":"<p>ELEKTRYCZNA \u0141APKA PACKA NA MUCHY KOMARY OWADY \u0106MY NA PR\u0104D!!!Urz\u0105dzenie wyposa\u017cone jest w dwa 1,5V akumulatory, kt\u00f3re \u0142aduje si\u0119 bezpo\u015brednio z gniazdka elektrycznego!ELEKTRYCZNA PACKANa pewno masz ju\u017c do\u015b\u0107 biegania po domu z pack\u0105, kapciem czy gazet\u0105 obijaj\u0105c meble i \u015bciany.T\u0105 elektryczn\u0105 pack\u0105 zlikwidujesz bezbole\u015bnie owada w powietrzu.Elektryczna \u0142apka\/paralizator zwalczaj\u0105ca wszelkiego rodzaju owady lataj\u0105cem.in.: muchy, osy, [&hellip;]<\/p>\n","protected":false},"featured_media":10414,"comment_status":"closed","ping_status":"open","template":"","meta":[],"product_cat":[1911,313],"product_tag":[776,719,590,806,771,736],"class_list":["post-10413","product","type-product","status-publish","has-post-thumbnail","hentry","product_cat-martom","product_cat-zwalczanie-i-odstraszanie-szkodnikow","product_tag-dobrej-nocy","product_tag-dziecko-cytaty-zlote-mysli","product_tag-plac-zabaw-warszawa","product_tag-prezent-dla-dziecka-na-roczek","product_tag-stolice-europy-quiz","product_tag-zabawki-na-roczek"],"_links":{"self":[{"href":"http:\/\/klubmamgdynia.pl\/index.php\/wp-json\/wp\/v2\/product\/10413","targetHints":{"allow":["GET"]}}],"collection":[{"href":"http:\/\/klubmamgdynia.pl\/index.php\/wp-json\/wp\/v2\/product"}],"about":[{"href":"http:\/\/klubmamgdynia.pl\/index.php\/wp-json\/wp\/v2\/types\/product"}],"replies":[{"embeddable":true,"href":"http:\/\/klubmamgdynia.pl\/index.php\/wp-json\/wp\/v2\/comments?post=10413"}],"wp:featuredmedia":[{"embeddable":true,"href":"http:\/\/klubmamgdynia.pl\/index.php\/wp-json\/wp\/v2\/media\/10414"}],"wp:attachment":[{"href":"http:\/\/klubmamgdynia.pl\/index.php\/wp-json\/wp\/v2\/media?parent=10413"}],"wp:term":[{"taxonomy":"product_cat","embeddable":true,"href":"http:\/\/klubmamgdynia.pl\/index.php\/wp-json\/wp\/v2\/product_cat?post=10413"},{"taxonomy":"product_tag","embeddable":true,"href":"http:\/\/klubmamgdynia.pl\/index.php\/wp-json\/wp\/v2\/product_tag?post=10413"}],"curies":[{"name":"wp","href":"https:\/\/api.w.org\/{rel}","templated":true}]}}