{"id":10415,"date":"2014-03-10T14:38:21","date_gmt":"2014-03-10T13:38:21","guid":{"rendered":"http:\/\/klubmamgdynia.pl\/index.php\/produkt\/djeco-spirale-motywy-zestaw-artystyczny-ze-spirografem\/"},"modified":"2026-04-19T03:54:01","modified_gmt":"2026-04-19T01:54:01","slug":"djeco-spirale-motywy-zestaw-artystyczny-ze-spirografem","status":"publish","type":"product","link":"http:\/\/klubmamgdynia.pl\/index.php\/produkt\/djeco-spirale-motywy-zestaw-artystyczny-ze-spirografem\/","title":{"rendered":"Djeco Spirale Motywy Zestaw Artystyczny Ze Spirografem"},"content":{"rendered":"<p>Zestaw artystyczny do tworzenia pi\u0119knych spiral i wzor\u00f3w za pomoc\u0105 spirograf\u00f3w. Na p\u0142ytce magnetycznej nale\u017cy umie\u015bci\u0107 rysunek i wybra\u0107 kr\u0105\u017cek, aby stworzy\u0107 kolorowe wzory na ilustracjach.W zestawie znajduj\u0105 si\u0119:- blok z 30 kolorowymi ilustracjami do ozdobienia (10 motyw\u00f3w)- 5 kr\u0105\u017ck\u00f3w spirograf\u00f3w- 5 kolorowych \u017celowych d\u0142ugopis\u00f3w- podk\u0142adka magnetyczna- 2 tabliczki mini i maxi do spirograf\u00f3wWiek: 7-13 latWymiary ilustracji: 21 x 28 cmWymiary opakowania: 29,5 x 23 x 4cmhttps:\/\/www.youtube.com\/watch?v=5MSSTvFi9gQ<\/p>\n<h2>Djeco Spirale Motywy Zestaw Artystyczny Ze Spirografem Djeco<\/h2>\n<p>quizy dla dzieci, quiz o ro\u015blinach, prezent na roczek nie zabawka, rysunki do druku, pa\u0144stwa europy i ich stolice quiz, bajki do czytania dla dzieci, kr\u00f3tkie zagadki dla doros\u0142ych, karty pracy dla dzieci z ukrainy, trudne zagadki logiczne, jak namalowa\u0107 kota, \u015bmigus dyngus wiersz dla dzieci<\/p>\n<p>yyyyy<\/p>\n<p>&nbsp;<\/p>\n","protected":false},"excerpt":{"rendered":"<p>Zestaw artystyczny do tworzenia pi\u0119knych spiral i wzor\u00f3w za pomoc\u0105 spirograf\u00f3w. Na p\u0142ytce magnetycznej nale\u017cy umie\u015bci\u0107 rysunek i wybra\u0107 kr\u0105\u017cek, aby stworzy\u0107 kolorowe wzory na ilustracjach.W zestawie znajduj\u0105 si\u0119:- blok z 30 kolorowymi ilustracjami do ozdobienia (10 motyw\u00f3w)- 5 kr\u0105\u017ck\u00f3w spirograf\u00f3w- 5 kolorowych \u017celowych d\u0142ugopis\u00f3w- podk\u0142adka magnetyczna- 2 tabliczki mini i maxi do spirograf\u00f3wWiek: 7-13 [&hellip;]<\/p>\n","protected":false},"featured_media":10416,"comment_status":"closed","ping_status":"open","template":"","meta":[],"product_cat":[434,21],"product_tag":[755,624,582,869],"class_list":["post-10415","product","type-product","status-publish","has-post-thumbnail","hentry","product_cat-djeco","product_cat-zabawki-plastyczne","product_tag-henryk","product_tag-krotkie-zagadki","product_tag-nauka-pisania-literek-do-wydruku-pdf","product_tag-zagadki-na-logike"],"_links":{"self":[{"href":"http:\/\/klubmamgdynia.pl\/index.php\/wp-json\/wp\/v2\/product\/10415","targetHints":{"allow":["GET"]}}],"collection":[{"href":"http:\/\/klubmamgdynia.pl\/index.php\/wp-json\/wp\/v2\/product"}],"about":[{"href":"http:\/\/klubmamgdynia.pl\/index.php\/wp-json\/wp\/v2\/types\/product"}],"replies":[{"embeddable":true,"href":"http:\/\/klubmamgdynia.pl\/index.php\/wp-json\/wp\/v2\/comments?post=10415"}],"wp:featuredmedia":[{"embeddable":true,"href":"http:\/\/klubmamgdynia.pl\/index.php\/wp-json\/wp\/v2\/media\/10416"}],"wp:attachment":[{"href":"http:\/\/klubmamgdynia.pl\/index.php\/wp-json\/wp\/v2\/media?parent=10415"}],"wp:term":[{"taxonomy":"product_cat","embeddable":true,"href":"http:\/\/klubmamgdynia.pl\/index.php\/wp-json\/wp\/v2\/product_cat?post=10415"},{"taxonomy":"product_tag","embeddable":true,"href":"http:\/\/klubmamgdynia.pl\/index.php\/wp-json\/wp\/v2\/product_tag?post=10415"}],"curies":[{"name":"wp","href":"https:\/\/api.w.org\/{rel}","templated":true}]}}