{"id":10417,"date":"2024-12-29T07:46:47","date_gmt":"2024-12-29T06:46:47","guid":{"rendered":"http:\/\/klubmamgdynia.pl\/?post_type=product&#038;p=10417"},"modified":"2026-04-07T10:54:24","modified_gmt":"2026-04-07T08:54:24","slug":"ses-creative-pink-city-pierscionki-z-kolorowych-drucikow-14321","status":"publish","type":"product","link":"http:\/\/klubmamgdynia.pl\/index.php\/produkt\/ses-creative-pink-city-pierscionki-z-kolorowych-drucikow-14321\/","title":{"rendered":"Ses Creative Pink City &#8211; Pier\u015bcionki Z Kolorowych Drucik\u00f3w (14321)"},"content":{"rendered":"<p>Pink city Pier\u015bcionki z kolorowych drucik\u00f3w marki Ses to znakomity prezent dla kreatywnych dzieci. Tworzenie bi\u017cuterii z mi\u0119kkiego drutu i metalowych kulek nie jest obarczone \u017cadnymi ograniczeniami. Mo\u017cna popu\u015bci\u0107 wodze wyobra\u017ani i zaskoczy\u0107 rodzin\u0119 oraz znajomych.<\/p>\n<h2>Ses Creative Pink City &#8211; Pier\u015bcionki Z Kolorowych Drucik\u00f3w (14321) Ses Creative<\/h2>\n<p>filmy disneya, uk\u0142ad s\u0142oneczny do druku, prezenty dla m\u0142odzie\u017cy, \u015bwinka peppa kolorowanka, dzie\u0144 pluszowego misia 2021, co oznacza imi\u0119 alan, kwiecie\u0144 plecie\u0144 wiersz, kwiatek kwiaty do druku szablony, kinderbal przepisy, bajki do czytania na dobranoc, wiersz o wakacjach, zagatki matematyczne, przyja\u017a\u0144 cytaty, prezent dla 14 latki, elzbieta imie, opowiadanie o jesieni dla dzieci, kolorowanka lol, jesienne zagadki, zagadki logiczne dla dzieci<\/p>\n<p>yyyyy<\/p>\n<p>&nbsp;<\/p>\n","protected":false},"excerpt":{"rendered":"<p>Pink city Pier\u015bcionki z kolorowych drucik\u00f3w marki Ses to znakomity prezent dla kreatywnych dzieci. Tworzenie bi\u017cuterii z mi\u0119kkiego drutu i metalowych kulek nie jest obarczone \u017cadnymi ograniczeniami. Mo\u017cna popu\u015bci\u0107 wodze wyobra\u017ani i zaskoczy\u0107 rodzin\u0119 oraz znajomych. Ses Creative Pink City &#8211; Pier\u015bcionki Z Kolorowych Drucik\u00f3w (14321) Ses Creative filmy disneya, uk\u0142ad s\u0142oneczny do druku, prezenty [&hellip;]<\/p>\n","protected":false},"featured_media":10418,"comment_status":"closed","ping_status":"open","template":"","meta":[],"product_cat":[1072,21],"product_tag":[696,768,599,576],"class_list":["post-10417","product","type-product","status-publish","has-post-thumbnail","hentry","product_cat-ses-creative","product_cat-zabawki-plastyczne","product_tag-film-rodzinny-o-swietach","product_tag-krotkie-zagadki-logiczne","product_tag-prezent-dla-nastolatkow-2021","product_tag-trudne-zagadki"],"_links":{"self":[{"href":"http:\/\/klubmamgdynia.pl\/index.php\/wp-json\/wp\/v2\/product\/10417","targetHints":{"allow":["GET"]}}],"collection":[{"href":"http:\/\/klubmamgdynia.pl\/index.php\/wp-json\/wp\/v2\/product"}],"about":[{"href":"http:\/\/klubmamgdynia.pl\/index.php\/wp-json\/wp\/v2\/types\/product"}],"replies":[{"embeddable":true,"href":"http:\/\/klubmamgdynia.pl\/index.php\/wp-json\/wp\/v2\/comments?post=10417"}],"wp:featuredmedia":[{"embeddable":true,"href":"http:\/\/klubmamgdynia.pl\/index.php\/wp-json\/wp\/v2\/media\/10418"}],"wp:attachment":[{"href":"http:\/\/klubmamgdynia.pl\/index.php\/wp-json\/wp\/v2\/media?parent=10417"}],"wp:term":[{"taxonomy":"product_cat","embeddable":true,"href":"http:\/\/klubmamgdynia.pl\/index.php\/wp-json\/wp\/v2\/product_cat?post=10417"},{"taxonomy":"product_tag","embeddable":true,"href":"http:\/\/klubmamgdynia.pl\/index.php\/wp-json\/wp\/v2\/product_tag?post=10417"}],"curies":[{"name":"wp","href":"https:\/\/api.w.org\/{rel}","templated":true}]}}