{"id":1042,"date":"2025-03-11T15:59:20","date_gmt":"2025-03-11T14:59:20","guid":{"rendered":"http:\/\/klubmamgdynia.pl\/?post_type=product&#038;p=1042"},"modified":"2026-04-30T03:26:52","modified_gmt":"2026-04-30T01:26:52","slug":"simba-chi-chi-love-puszysty-przyjaciel","status":"publish","type":"product","link":"http:\/\/klubmamgdynia.pl\/index.php\/produkt\/simba-chi-chi-love-puszysty-przyjaciel\/","title":{"rendered":"Simba Chi Chi Love Puszysty Przyjaciel"},"content":{"rendered":"<p>Co to jest, co siedzi w tej uroczej torebce? Weso\u0142e Chi Chi LOVE Fluffy Friend z Simba ! Uroczy piesek Chihuahua ChiChi ma na sobie \u015bliczn\u0105 r\u00f3\u017cow\u0105 czapeczk\u0119 z zabawn\u0105 buzi\u0105, bia\u0142ym pomponem i du\u017cymi r\u00f3\u017cowymi uszami do przytulania. Piesek mo\u017ce rozgo\u015bci\u0107 si\u0119 w puszystym r\u00f3\u017cowym worku i jest mu tam mi\u0142o i ciep\u0142o. Tak jak piesek, torba jest mi\u0119ciutka, ma du\u017ce r\u00f3\u017cowe uszy i urocz\u0105 buzi\u0119. Dzi\u0119ki niemu w\u0142a\u015bciciele ma\u0142ych ps\u00f3w mog\u0105 wybiera\u0107 si\u0119 na wspania\u0142e spacery i przechadzki po parku. ChiChi LOVE Fluffy Friend z Simba Toys ma 20 cm wysoko\u015bci i jest odpowiedni dla dzieci w wieku od trzech lat. Szczeg\u00f3\u0142y produktu: Wymiary (wysoko\u015b\u0107): ok. 20 cm Puszysty pluszowy piesek z pasuj\u0105c\u0105 czapeczk\u0105 i torb\u0105 Materia\u0142: tworzywo sztuczne, poliester Wiek: od 3 lat<\/p>\n<h2>Simba Chi Chi Love Puszysty Przyjaciel Simba<\/h2>\n<p>dary jesieni kolorowanki jesie\u0144, p\u0142onie ognisko w lesie, zagadki rymowanki dla dzieci, karty pracy polsko ukrai\u0144skie, roza imie, quiz o zwierz\u0119tach domowych, gdzie strumyk p\u0142ynie z wolna, jesienne zagadki, kawa\u0142y na prima aprilis dla rodzic\u00f3w, karty pracy dla uczni\u00f3w z ukrainy, zagadki matematyczne dla dzieci, prezent dla 15 latka, lol kolorowanki do druku, cytaty korczak<\/p>\n<p>yyyyy<\/p>\n<p>&nbsp;<\/p>\n","protected":false},"excerpt":{"rendered":"<p>Co to jest, co siedzi w tej uroczej torebce? Weso\u0142e Chi Chi LOVE Fluffy Friend z Simba ! Uroczy piesek Chihuahua ChiChi ma na sobie \u015bliczn\u0105 r\u00f3\u017cow\u0105 czapeczk\u0119 z zabawn\u0105 buzi\u0105, bia\u0142ym pomponem i du\u017cymi r\u00f3\u017cowymi uszami do przytulania. Piesek mo\u017ce rozgo\u015bci\u0107 si\u0119 w puszystym r\u00f3\u017cowym worku i jest mu tam mi\u0142o i ciep\u0142o. Tak [&hellip;]<\/p>\n","protected":false},"featured_media":1043,"comment_status":"closed","ping_status":"open","template":"","meta":[],"product_cat":[42,279],"product_tag":[784,750,612,602,600],"class_list":["post-1042","product","type-product","status-publish","has-post-thumbnail","hentry","product_cat-maskotki","product_cat-simba","product_tag-hymn-gorniczy","product_tag-imie-kostek","product_tag-kolorowanki-do-druku","product_tag-quiz-o-zwierzetach-domowych","product_tag-zaproszenia-na-urodziny-do-druku"],"_links":{"self":[{"href":"http:\/\/klubmamgdynia.pl\/index.php\/wp-json\/wp\/v2\/product\/1042","targetHints":{"allow":["GET"]}}],"collection":[{"href":"http:\/\/klubmamgdynia.pl\/index.php\/wp-json\/wp\/v2\/product"}],"about":[{"href":"http:\/\/klubmamgdynia.pl\/index.php\/wp-json\/wp\/v2\/types\/product"}],"replies":[{"embeddable":true,"href":"http:\/\/klubmamgdynia.pl\/index.php\/wp-json\/wp\/v2\/comments?post=1042"}],"wp:featuredmedia":[{"embeddable":true,"href":"http:\/\/klubmamgdynia.pl\/index.php\/wp-json\/wp\/v2\/media\/1043"}],"wp:attachment":[{"href":"http:\/\/klubmamgdynia.pl\/index.php\/wp-json\/wp\/v2\/media?parent=1042"}],"wp:term":[{"taxonomy":"product_cat","embeddable":true,"href":"http:\/\/klubmamgdynia.pl\/index.php\/wp-json\/wp\/v2\/product_cat?post=1042"},{"taxonomy":"product_tag","embeddable":true,"href":"http:\/\/klubmamgdynia.pl\/index.php\/wp-json\/wp\/v2\/product_tag?post=1042"}],"curies":[{"name":"wp","href":"https:\/\/api.w.org\/{rel}","templated":true}]}}