{"id":10421,"date":"2021-04-04T16:51:54","date_gmt":"2021-04-04T14:51:54","guid":{"rendered":"http:\/\/klubmamgdynia.pl\/index.php\/produkt\/b-toys-toulouse-lap-trec-magnetyczny-szkicownik-znikopis\/"},"modified":"2026-04-03T20:09:38","modified_gmt":"2026-04-03T18:09:38","slug":"b-toys-toulouse-lap-trec-magnetyczny-szkicownik-znikopis","status":"publish","type":"product","link":"http:\/\/klubmamgdynia.pl\/index.php\/produkt\/b-toys-toulouse-lap-trec-magnetyczny-szkicownik-znikopis\/","title":{"rendered":"B Toys Toulouse Lap Trec Magnetyczny Szkicownik Znikopis"},"content":{"rendered":"<p>Idealna zabawka dla ma\u0142ego artysty. Mo\u017ce tworzy\u0107 setki prac gdziekolwiek chce, poniewa\u017c znikopis nie gniecie si\u0119 jak zwyk\u0142a kartka papieru i mo\u017cna go zabra\u0107 na ka\u017cd\u0105 wycieczk\u0119 :)obrazki zmazuje si\u0119 za pomoc\u0105 przesuni\u0119cia ga\u0142kiszkicownik jest wygodny dla dziecka poniewa\u017c d\u00f3\u0142 to ala poduszka4 magnetyczne piecz\u0105tki-zwierz\u0105tka do odbijania, rysowania i zmazywaniarysik do malowaniar\u0105czka do przenoszeniaNIE ZAWIERA FTALAN\u00d3W, BPA oraz PVC,wymiar: 31,2 x 10,2 x 30,5 cmwiek: 18 miesi\u0119cy +<\/p>\n<h2>B Toys Toulouse Lap Trec Magnetyczny Szkicownik Znikopis B.Toys<\/h2>\n<p>zosia samosia, quiz minecraft, dzie\u0144 misia 2021, \u0142atwe ale podchwytliwe zagadki, jakie prezenty na roczek, pranki na prima aprilis dla rodzic\u00f3w, lew czarownica i stara szafa test, quiz minecraft, zings kolorowanka, warszawa atrakcje dla dzieci, zagadki logiczne dla doros\u0142ych<\/p>\n<p>yyyyy<\/p>\n<p>&nbsp;<\/p>\n","protected":false},"excerpt":{"rendered":"<p>Idealna zabawka dla ma\u0142ego artysty. Mo\u017ce tworzy\u0107 setki prac gdziekolwiek chce, poniewa\u017c znikopis nie gniecie si\u0119 jak zwyk\u0142a kartka papieru i mo\u017cna go zabra\u0107 na ka\u017cd\u0105 wycieczk\u0119 :)obrazki zmazuje si\u0119 za pomoc\u0105 przesuni\u0119cia ga\u0142kiszkicownik jest wygodny dla dziecka poniewa\u017c d\u00f3\u0142 to ala poduszka4 magnetyczne piecz\u0105tki-zwierz\u0105tka do odbijania, rysowania i zmazywaniarysik do malowaniar\u0105czka do przenoszeniaNIE ZAWIERA [&hellip;]<\/p>\n","protected":false},"featured_media":10422,"comment_status":"closed","ping_status":"open","template":"","meta":[],"product_cat":[143,21],"product_tag":[839,670,769],"class_list":["post-10421","product","type-product","status-publish","has-post-thumbnail","hentry","product_cat-b-toys","product_cat-zabawki-plastyczne","product_tag-bajki-na-dobranoc-do-czytania","product_tag-irma","product_tag-psi-patrol-do-czytania"],"_links":{"self":[{"href":"http:\/\/klubmamgdynia.pl\/index.php\/wp-json\/wp\/v2\/product\/10421","targetHints":{"allow":["GET"]}}],"collection":[{"href":"http:\/\/klubmamgdynia.pl\/index.php\/wp-json\/wp\/v2\/product"}],"about":[{"href":"http:\/\/klubmamgdynia.pl\/index.php\/wp-json\/wp\/v2\/types\/product"}],"replies":[{"embeddable":true,"href":"http:\/\/klubmamgdynia.pl\/index.php\/wp-json\/wp\/v2\/comments?post=10421"}],"wp:featuredmedia":[{"embeddable":true,"href":"http:\/\/klubmamgdynia.pl\/index.php\/wp-json\/wp\/v2\/media\/10422"}],"wp:attachment":[{"href":"http:\/\/klubmamgdynia.pl\/index.php\/wp-json\/wp\/v2\/media?parent=10421"}],"wp:term":[{"taxonomy":"product_cat","embeddable":true,"href":"http:\/\/klubmamgdynia.pl\/index.php\/wp-json\/wp\/v2\/product_cat?post=10421"},{"taxonomy":"product_tag","embeddable":true,"href":"http:\/\/klubmamgdynia.pl\/index.php\/wp-json\/wp\/v2\/product_tag?post=10421"}],"curies":[{"name":"wp","href":"https:\/\/api.w.org\/{rel}","templated":true}]}}