{"id":10423,"date":"2017-03-29T18:09:45","date_gmt":"2017-03-29T16:09:45","guid":{"rendered":"http:\/\/klubmamgdynia.pl\/index.php\/produkt\/ses-nl-domek-do-karmienia-ptakow\/"},"modified":"2026-04-16T10:37:04","modified_gmt":"2026-04-16T08:37:04","slug":"ses-nl-domek-do-karmienia-ptakow","status":"publish","type":"product","link":"http:\/\/klubmamgdynia.pl\/index.php\/produkt\/ses-nl-domek-do-karmienia-ptakow\/","title":{"rendered":"Ses Nl Domek Do Karmienia Ptak\u00f3w"},"content":{"rendered":"<p>Domek do karmienia ptak\u00f3w NAZWA DOMEK DO KARMIENIA PTAK\u00d3W PRODUCENT SES NL WIEK 3+ EAN 8710341251147 Znajd\u017a podobne wed\u0142ug klucza: SES_NL DOMEK (447582)<\/p>\n<h2>Ses Nl Domek Do Karmienia Ptak\u00f3w Ses Creative<\/h2>\n<p>cytat dziecko, mi\u0142osz imi\u0119, mapa polski do druku, spos\u00f3b na elfa test, filmy na \u015bwi\u0119ta bo\u017cego narodzenia, cytaty korczaka<\/p>\n<p>yyyyy<\/p>\n<p>&nbsp;<\/p>\n","protected":false},"excerpt":{"rendered":"<p>Domek do karmienia ptak\u00f3w NAZWA DOMEK DO KARMIENIA PTAK\u00d3W PRODUCENT SES NL WIEK 3+ EAN 8710341251147 Znajd\u017a podobne wed\u0142ug klucza: SES_NL DOMEK (447582) Ses Nl Domek Do Karmienia Ptak\u00f3w Ses Creative cytat dziecko, mi\u0142osz imi\u0119, mapa polski do druku, spos\u00f3b na elfa test, filmy na \u015bwi\u0119ta bo\u017cego narodzenia, cytaty korczaka yyyyy &nbsp;<\/p>\n","protected":false},"featured_media":10424,"comment_status":"closed","ping_status":"open","template":"","meta":[],"product_cat":[1072,21],"product_tag":[844,854,657],"class_list":["post-10423","product","type-product","status-publish","has-post-thumbnail","hentry","product_cat-ses-creative","product_cat-zabawki-plastyczne","product_tag-co-kupic-na-roczek","product_tag-cytaty-rodzina","product_tag-lol-kolorowanka"],"_links":{"self":[{"href":"http:\/\/klubmamgdynia.pl\/index.php\/wp-json\/wp\/v2\/product\/10423","targetHints":{"allow":["GET"]}}],"collection":[{"href":"http:\/\/klubmamgdynia.pl\/index.php\/wp-json\/wp\/v2\/product"}],"about":[{"href":"http:\/\/klubmamgdynia.pl\/index.php\/wp-json\/wp\/v2\/types\/product"}],"replies":[{"embeddable":true,"href":"http:\/\/klubmamgdynia.pl\/index.php\/wp-json\/wp\/v2\/comments?post=10423"}],"wp:featuredmedia":[{"embeddable":true,"href":"http:\/\/klubmamgdynia.pl\/index.php\/wp-json\/wp\/v2\/media\/10424"}],"wp:attachment":[{"href":"http:\/\/klubmamgdynia.pl\/index.php\/wp-json\/wp\/v2\/media?parent=10423"}],"wp:term":[{"taxonomy":"product_cat","embeddable":true,"href":"http:\/\/klubmamgdynia.pl\/index.php\/wp-json\/wp\/v2\/product_cat?post=10423"},{"taxonomy":"product_tag","embeddable":true,"href":"http:\/\/klubmamgdynia.pl\/index.php\/wp-json\/wp\/v2\/product_tag?post=10423"}],"curies":[{"name":"wp","href":"https:\/\/api.w.org\/{rel}","templated":true}]}}