{"id":10431,"date":"2020-05-15T01:25:02","date_gmt":"2020-05-14T23:25:02","guid":{"rendered":"http:\/\/klubmamgdynia.pl\/index.php\/produkt\/tytoo-zestaw-disney-princesses\/"},"modified":"2026-04-30T16:52:32","modified_gmt":"2026-04-30T14:52:32","slug":"tytoo-zestaw-disney-princesses","status":"publish","type":"product","link":"http:\/\/klubmamgdynia.pl\/index.php\/produkt\/tytoo-zestaw-disney-princesses\/","title":{"rendered":"Tytoo Zestaw Disney Princesses"},"content":{"rendered":"<p>Zestaw tatua\u017cy z motywem ksi\u0119\u017cniczek Disney \u2013 TyToo Disney Princesses. Tw\u00f3rz niesamowite i modne tatua\u017ce, to naprawd\u0119 proste! Wystarczy szablon, odrobina kleju i brokat. W opakowaniu znajduje si\u0119 r\u00f3wnie\u017c p\u0119dzelek u\u0142atwiaj\u0105cy aplikacj\u0119 brokatu. B\u0142yszcz\u0105cy tatua\u017c jest wodoodporny!<\/p>\n<h2>Tytoo Zestaw Disney Princesses Dante<\/h2>\n<p>zagadki o zwierz\u0119tach, cytat o rodzinie, bajka krecik, lokomotywa kolorowanka, bajki dla dzieci czytane, opisy o rodzinie, cookie dough przepis, z\u0142ote my\u015bli pedagogiczne, lol surprise kolorowanka, szablon choinki do wydruku, opowie\u015bci z narni lew czarownica i stara szafa test, kartka walentynkowa zrobiona przez dzieci, ignacy znaczenie imienia, lego ninjago kolorowanki, papuga kolorowanka<\/p>\n<p>yyyyy<\/p>\n<p>&nbsp;<\/p>\n","protected":false},"excerpt":{"rendered":"<p>Zestaw tatua\u017cy z motywem ksi\u0119\u017cniczek Disney \u2013 TyToo Disney Princesses. Tw\u00f3rz niesamowite i modne tatua\u017ce, to naprawd\u0119 proste! Wystarczy szablon, odrobina kleju i brokat. W opakowaniu znajduje si\u0119 r\u00f3wnie\u017c p\u0119dzelek u\u0142atwiaj\u0105cy aplikacj\u0119 brokatu. B\u0142yszcz\u0105cy tatua\u017c jest wodoodporny! Tytoo Zestaw Disney Princesses Dante zagadki o zwierz\u0119tach, cytat o rodzinie, bajka krecik, lokomotywa kolorowanka, bajki dla dzieci [&hellip;]<\/p>\n","protected":false},"featured_media":10432,"comment_status":"closed","ping_status":"open","template":"","meta":[],"product_cat":[249,21],"product_tag":[680,618,584,726,694],"class_list":["post-10431","product","type-product","status-publish","has-post-thumbnail","hentry","product_cat-dante","product_cat-zabawki-plastyczne","product_tag-cytaty-z-malego-ksiecia","product_tag-lato-lato-lato-czeka-tekst","product_tag-liwia","product_tag-quiz-zemsta","product_tag-zagadki-swiateczne-dla-dzieci"],"_links":{"self":[{"href":"http:\/\/klubmamgdynia.pl\/index.php\/wp-json\/wp\/v2\/product\/10431","targetHints":{"allow":["GET"]}}],"collection":[{"href":"http:\/\/klubmamgdynia.pl\/index.php\/wp-json\/wp\/v2\/product"}],"about":[{"href":"http:\/\/klubmamgdynia.pl\/index.php\/wp-json\/wp\/v2\/types\/product"}],"replies":[{"embeddable":true,"href":"http:\/\/klubmamgdynia.pl\/index.php\/wp-json\/wp\/v2\/comments?post=10431"}],"wp:featuredmedia":[{"embeddable":true,"href":"http:\/\/klubmamgdynia.pl\/index.php\/wp-json\/wp\/v2\/media\/10432"}],"wp:attachment":[{"href":"http:\/\/klubmamgdynia.pl\/index.php\/wp-json\/wp\/v2\/media?parent=10431"}],"wp:term":[{"taxonomy":"product_cat","embeddable":true,"href":"http:\/\/klubmamgdynia.pl\/index.php\/wp-json\/wp\/v2\/product_cat?post=10431"},{"taxonomy":"product_tag","embeddable":true,"href":"http:\/\/klubmamgdynia.pl\/index.php\/wp-json\/wp\/v2\/product_tag?post=10431"}],"curies":[{"name":"wp","href":"https:\/\/api.w.org\/{rel}","templated":true}]}}