{"id":10435,"date":"2012-10-26T06:43:28","date_gmt":"2012-10-26T04:43:28","guid":{"rendered":"http:\/\/klubmamgdynia.pl\/index.php\/produkt\/aladine-koraliki-aqua-pearl-300szt-szare\/"},"modified":"2026-04-30T04:22:07","modified_gmt":"2026-04-30T02:22:07","slug":"aladine-koraliki-aqua-pearl-300szt-szare","status":"publish","type":"product","link":"http:\/\/klubmamgdynia.pl\/index.php\/produkt\/aladine-koraliki-aqua-pearl-300szt-szare\/","title":{"rendered":"Aladine Koraliki Aqua Pearl 300Szt Szare"},"content":{"rendered":"<p>Aqua pearl to koraliki \u0142\u0105cz\u0105ce si\u0119 ze sob\u0105 tylko przy u\u017cyciu wody, co pozwala dziecku na samodzieln\u0105 zabaw\u0119. Torebka zawiera oko\u0142o 300 sztuk w jednym kolorze. Koraliki s\u0105 w kszta\u0142cie walca o d\u0142ugo\u015bci 6 mm i \u015brednicy 5 mm (otw\u00f3r 3 mm).Polecane od sz\u00f3stego roku \u017cycia.<\/p>\n<h2>Aladine Koraliki Aqua Pearl 300Szt Szare Aladine<\/h2>\n<p>kolorowanki wed\u0142ug kodu do druku, psi patrol kolorowanka do druku, pytania do lektury asiunia, gry i zabawy dla dzieci, aurora imi\u0119, co kupic na roczek, lodowiska w warszawie, bajki do czytania, kotek kolorowanka do druku, \u015bmigus dyngus lany poniedzia\u0142ek zyczenia, sentencje o przyja\u017ani, co mo\u017cna zrobi\u0107 na prima aprilis, kolorowanka spongebob, szlaczki, sonia imi\u0119, kolorowanka ksi\u0119\u017cniczka, choinka z bibu\u0142y, znaczenie imienia julian<\/p>\n<p>yyyyy<\/p>\n<p>&nbsp;<\/p>\n","protected":false},"excerpt":{"rendered":"<p>Aqua pearl to koraliki \u0142\u0105cz\u0105ce si\u0119 ze sob\u0105 tylko przy u\u017cyciu wody, co pozwala dziecku na samodzieln\u0105 zabaw\u0119. Torebka zawiera oko\u0142o 300 sztuk w jednym kolorze. Koraliki s\u0105 w kszta\u0142cie walca o d\u0142ugo\u015bci 6 mm i \u015brednicy 5 mm (otw\u00f3r 3 mm).Polecane od sz\u00f3stego roku \u017cycia. Aladine Koraliki Aqua Pearl 300Szt Szare Aladine kolorowanki wed\u0142ug [&hellip;]<\/p>\n","protected":false},"featured_media":10436,"comment_status":"closed","ping_status":"open","template":"","meta":[],"product_cat":[1880,21],"product_tag":[719,760,714,615],"class_list":["post-10435","product","type-product","status-publish","has-post-thumbnail","hentry","product_cat-aladine","product_cat-zabawki-plastyczne","product_tag-dziecko-cytaty-zlote-mysli","product_tag-zagadka-matematyczna","product_tag-zagadki-logiczne","product_tag-znane-misie-z-filmow-animowanych"],"_links":{"self":[{"href":"http:\/\/klubmamgdynia.pl\/index.php\/wp-json\/wp\/v2\/product\/10435","targetHints":{"allow":["GET"]}}],"collection":[{"href":"http:\/\/klubmamgdynia.pl\/index.php\/wp-json\/wp\/v2\/product"}],"about":[{"href":"http:\/\/klubmamgdynia.pl\/index.php\/wp-json\/wp\/v2\/types\/product"}],"replies":[{"embeddable":true,"href":"http:\/\/klubmamgdynia.pl\/index.php\/wp-json\/wp\/v2\/comments?post=10435"}],"wp:featuredmedia":[{"embeddable":true,"href":"http:\/\/klubmamgdynia.pl\/index.php\/wp-json\/wp\/v2\/media\/10436"}],"wp:attachment":[{"href":"http:\/\/klubmamgdynia.pl\/index.php\/wp-json\/wp\/v2\/media?parent=10435"}],"wp:term":[{"taxonomy":"product_cat","embeddable":true,"href":"http:\/\/klubmamgdynia.pl\/index.php\/wp-json\/wp\/v2\/product_cat?post=10435"},{"taxonomy":"product_tag","embeddable":true,"href":"http:\/\/klubmamgdynia.pl\/index.php\/wp-json\/wp\/v2\/product_tag?post=10435"}],"curies":[{"name":"wp","href":"https:\/\/api.w.org\/{rel}","templated":true}]}}