{"id":10439,"date":"2019-10-16T22:45:07","date_gmt":"2019-10-16T20:45:07","guid":{"rendered":"http:\/\/klubmamgdynia.pl\/index.php\/produkt\/aladine-zestaw-aqua-pearl-wyscigowka-ala47018\/"},"modified":"2026-04-27T15:30:11","modified_gmt":"2026-04-27T13:30:11","slug":"aladine-zestaw-aqua-pearl-wyscigowka-ala47018","status":"publish","type":"product","link":"http:\/\/klubmamgdynia.pl\/index.php\/produkt\/aladine-zestaw-aqua-pearl-wyscigowka-ala47018\/","title":{"rendered":"Aladine Zestaw Aqua Pearl Wy\u015bcig\u00f3wka (Ala47018)"},"content":{"rendered":"<p>Aqua Pearl to wyj\u0105tkowe koraliki, kt\u00f3re \u0142\u0105cz\u0105 si\u0119 ze sob\u0105 tylko przy u\u017cyciu wody! Stw\u00f3rz \u015bwietn\u0105 zabaw\u0119.<\/p>\n<h2>Aladine Zestaw Aqua Pearl Wy\u015bcig\u00f3wka (Ala47018) Aladine<\/h2>\n<p>atrakcje warszawa dla dzieci, atrakcje dla nastolatk\u00f3w warszawa, co kupi\u0107 na roczek dla dziewczynki, szlaczki do druku, zagadki o wielkanocy, p\u0142ywalnie warszawa, opis do zdj\u0119cia z dzieckiem, pa\u0144stwa europy i ich stolice quiz, cytaty korczaka, pia, kuba imi\u0119, imie kuba, dobranoc zimowo, opis do zdj\u0119cia dziecka, pytania do lektury asiunia, opowie\u015bci z narni lew czarownica i stara szafa test, przysz\u0142a zima bia\u0142a, przyjed\u017a do nas miko\u0142aju tekst, prezent na roczek dla dziecka<\/p>\n<p>yyyyy<\/p>\n<p>&nbsp;<\/p>\n","protected":false},"excerpt":{"rendered":"<p>Aqua Pearl to wyj\u0105tkowe koraliki, kt\u00f3re \u0142\u0105cz\u0105 si\u0119 ze sob\u0105 tylko przy u\u017cyciu wody! Stw\u00f3rz \u015bwietn\u0105 zabaw\u0119. Aladine Zestaw Aqua Pearl Wy\u015bcig\u00f3wka (Ala47018) Aladine atrakcje warszawa dla dzieci, atrakcje dla nastolatk\u00f3w warszawa, co kupi\u0107 na roczek dla dziewczynki, szlaczki do druku, zagadki o wielkanocy, p\u0142ywalnie warszawa, opis do zdj\u0119cia z dzieckiem, pa\u0144stwa europy i ich [&hellip;]<\/p>\n","protected":false},"featured_media":10440,"comment_status":"closed","ping_status":"open","template":"","meta":[],"product_cat":[1880,21],"product_tag":[668,802,854,705,659,588],"class_list":["post-10439","product","type-product","status-publish","has-post-thumbnail","hentry","product_cat-aladine","product_cat-zabawki-plastyczne","product_tag-atrakcje-dla-dzieci-wroclaw","product_tag-co-kupic-dziewczynce-na-roczek","product_tag-cytaty-rodzina","product_tag-prezent-na-roczek-dla-chlopca","product_tag-tupu-tup-po-sniegu-tekst","product_tag-wzruszajace-slowa-dla-przyjaciela"],"_links":{"self":[{"href":"http:\/\/klubmamgdynia.pl\/index.php\/wp-json\/wp\/v2\/product\/10439","targetHints":{"allow":["GET"]}}],"collection":[{"href":"http:\/\/klubmamgdynia.pl\/index.php\/wp-json\/wp\/v2\/product"}],"about":[{"href":"http:\/\/klubmamgdynia.pl\/index.php\/wp-json\/wp\/v2\/types\/product"}],"replies":[{"embeddable":true,"href":"http:\/\/klubmamgdynia.pl\/index.php\/wp-json\/wp\/v2\/comments?post=10439"}],"wp:featuredmedia":[{"embeddable":true,"href":"http:\/\/klubmamgdynia.pl\/index.php\/wp-json\/wp\/v2\/media\/10440"}],"wp:attachment":[{"href":"http:\/\/klubmamgdynia.pl\/index.php\/wp-json\/wp\/v2\/media?parent=10439"}],"wp:term":[{"taxonomy":"product_cat","embeddable":true,"href":"http:\/\/klubmamgdynia.pl\/index.php\/wp-json\/wp\/v2\/product_cat?post=10439"},{"taxonomy":"product_tag","embeddable":true,"href":"http:\/\/klubmamgdynia.pl\/index.php\/wp-json\/wp\/v2\/product_tag?post=10439"}],"curies":[{"name":"wp","href":"https:\/\/api.w.org\/{rel}","templated":true}]}}