{"id":1044,"date":"2015-03-11T06:46:25","date_gmt":"2015-03-11T05:46:25","guid":{"rendered":"http:\/\/klubmamgdynia.pl\/index.php\/produkt\/eurobaby-zabawka-lokomotywa-556891-ebz86086\/"},"modified":"2026-04-05T23:58:40","modified_gmt":"2026-04-05T21:58:40","slug":"eurobaby-zabawka-lokomotywa-556891-ebz86086","status":"publish","type":"product","link":"http:\/\/klubmamgdynia.pl\/index.php\/produkt\/eurobaby-zabawka-lokomotywa-556891-ebz86086\/","title":{"rendered":"Eurobaby Zabawka Lokomotywa 556891 (Ebz86086)"},"content":{"rendered":"<p>EBZ 86086Zabawka lokomotywa z elementami edukacyjnymi. Uczy dziecko rozpoznawania kszta\u0142t\u00f3w oraz literek i nazw zwierz\u0105t za pomoc\u0105 r\u00f3\u017cnorakich klock\u00f3w. Na dachu lokomotywy umieszczone s\u0105 ruchome ko\u0142a z\u0119bate.Produkt dost\u0119pny w dw\u00f3ch kolorach:- niebieski- czerwonyInformacja technicznaWymiary opakowania:Wysoko\u015b\u0107: 28cmSzeroko\u015b\u0107: 17cmD\u0142ugo\u015b\u0107: 32,5cmProdukt przeznaczony dla dzieci powy\u017cej 12 miesi\u0105ca \u017cycia.<\/p>\n<h2>Eurobaby Zabawka Lokomotywa 556891 (Ebz86086) Eurobaby<\/h2>\n<p>prezent na roczek, jak si\u0119 rysuje kota, cytaty o dzieciach, milan imie, anastazja imi\u0119, przyja\u017a\u0144<\/p>\n<p>yyyyy<\/p>\n<p>&nbsp;<\/p>\n","protected":false},"excerpt":{"rendered":"<p>EBZ 86086Zabawka lokomotywa z elementami edukacyjnymi. Uczy dziecko rozpoznawania kszta\u0142t\u00f3w oraz literek i nazw zwierz\u0105t za pomoc\u0105 r\u00f3\u017cnorakich klock\u00f3w. Na dachu lokomotywy umieszczone s\u0105 ruchome ko\u0142a z\u0119bate.Produkt dost\u0119pny w dw\u00f3ch kolorach:- niebieski- czerwonyInformacja technicznaWymiary opakowania:Wysoko\u015b\u0107: 28cmSzeroko\u015b\u0107: 17cmD\u0142ugo\u015b\u0107: 32,5cmProdukt przeznaczony dla dzieci powy\u017cej 12 miesi\u0105ca \u017cycia. Eurobaby Zabawka Lokomotywa 556891 (Ebz86086) Eurobaby prezent na roczek, jak [&hellip;]<\/p>\n","protected":false},"featured_media":1045,"comment_status":"closed","ping_status":"open","template":"","meta":[],"product_cat":[83,128],"product_tag":[664,858,682,708],"class_list":["post-1044","product","type-product","status-publish","has-post-thumbnail","hentry","product_cat-auta-i-inne-pojazdy-do-zabawy","product_cat-eurobaby","product_tag-atrakcje-dla-dzieci-trojmiasto","product_tag-podchwytliwe-zagadki","product_tag-przyjazn-cytaty","product_tag-zabawy-ruchowe-dla-dzieci"],"_links":{"self":[{"href":"http:\/\/klubmamgdynia.pl\/index.php\/wp-json\/wp\/v2\/product\/1044","targetHints":{"allow":["GET"]}}],"collection":[{"href":"http:\/\/klubmamgdynia.pl\/index.php\/wp-json\/wp\/v2\/product"}],"about":[{"href":"http:\/\/klubmamgdynia.pl\/index.php\/wp-json\/wp\/v2\/types\/product"}],"replies":[{"embeddable":true,"href":"http:\/\/klubmamgdynia.pl\/index.php\/wp-json\/wp\/v2\/comments?post=1044"}],"wp:featuredmedia":[{"embeddable":true,"href":"http:\/\/klubmamgdynia.pl\/index.php\/wp-json\/wp\/v2\/media\/1045"}],"wp:attachment":[{"href":"http:\/\/klubmamgdynia.pl\/index.php\/wp-json\/wp\/v2\/media?parent=1044"}],"wp:term":[{"taxonomy":"product_cat","embeddable":true,"href":"http:\/\/klubmamgdynia.pl\/index.php\/wp-json\/wp\/v2\/product_cat?post=1044"},{"taxonomy":"product_tag","embeddable":true,"href":"http:\/\/klubmamgdynia.pl\/index.php\/wp-json\/wp\/v2\/product_tag?post=1044"}],"curies":[{"name":"wp","href":"https:\/\/api.w.org\/{rel}","templated":true}]}}