{"id":10441,"date":"2013-01-18T18:10:04","date_gmt":"2013-01-18T17:10:04","guid":{"rendered":"http:\/\/klubmamgdynia.pl\/index.php\/produkt\/aladine-koraliki-aqua-pearl-300szt-niebieskie\/"},"modified":"2026-05-17T22:29:25","modified_gmt":"2026-05-17T20:29:25","slug":"aladine-koraliki-aqua-pearl-300szt-niebieskie","status":"publish","type":"product","link":"http:\/\/klubmamgdynia.pl\/index.php\/produkt\/aladine-koraliki-aqua-pearl-300szt-niebieskie\/","title":{"rendered":"Aladine Koraliki Aqua Pearl 300Szt Niebieskie"},"content":{"rendered":"<p>Aqua pearl to koraliki \u0142\u0105cz\u0105ce si\u0119 ze sob\u0105 tylko przy u\u017cyciu wody, co pozwala dziecku na samodzieln\u0105 zabaw\u0119. Torebka zawiera oko\u0142o 300 sztuk w jednym kolorze. Koraliki s\u0105 w kszta\u0142cie walca o d\u0142ugo\u015bci 6 mm i \u015brednicy 5 mm (otw\u00f3r 3 mm).Polecane od sz\u00f3stego roku \u017cycia.<\/p>\n<h2>Aladine Koraliki Aqua Pearl 300Szt Niebieskie Aladine<\/h2>\n<p>teksty o rodzinie, liwia znaczenie imienia, imi\u0119 miriam, bajka o \u017cabie, \u017c\u0105rty na prima aprilis, bardzo trudne zagadki, test z narnii lew czarownica i stara szafa, kolorowanki lego ninjago, test opowie\u015b\u0107 wigilijna, kolorowe ciasto, quizy dla dzieci o zwierz\u0119tach, pi\u0119kne cytaty o synku, malowanki \u015bwi\u0105teczne, prezent dla 15 latka, papierowe ozdoby \u015bwi\u0105teczne, quiz flagi \u015bwiata<\/p>\n<p>yyyyy<\/p>\n<p>&nbsp;<\/p>\n","protected":false},"excerpt":{"rendered":"<p>Aqua pearl to koraliki \u0142\u0105cz\u0105ce si\u0119 ze sob\u0105 tylko przy u\u017cyciu wody, co pozwala dziecku na samodzieln\u0105 zabaw\u0119. Torebka zawiera oko\u0142o 300 sztuk w jednym kolorze. Koraliki s\u0105 w kszta\u0142cie walca o d\u0142ugo\u015bci 6 mm i \u015brednicy 5 mm (otw\u00f3r 3 mm).Polecane od sz\u00f3stego roku \u017cycia. Aladine Koraliki Aqua Pearl 300Szt Niebieskie Aladine teksty o [&hellip;]<\/p>\n","protected":false},"featured_media":10442,"comment_status":"closed","ping_status":"open","template":"","meta":[],"product_cat":[1880,21],"product_tag":[683,748,870,876],"class_list":["post-10441","product","type-product","status-publish","has-post-thumbnail","hentry","product_cat-aladine","product_cat-zabawki-plastyczne","product_tag-karaluchy-pod-poduchy","product_tag-okolice-wroclawia-atrakcje","product_tag-prezent-dla-chlopca-na-roczek","product_tag-przyjazn"],"_links":{"self":[{"href":"http:\/\/klubmamgdynia.pl\/index.php\/wp-json\/wp\/v2\/product\/10441","targetHints":{"allow":["GET"]}}],"collection":[{"href":"http:\/\/klubmamgdynia.pl\/index.php\/wp-json\/wp\/v2\/product"}],"about":[{"href":"http:\/\/klubmamgdynia.pl\/index.php\/wp-json\/wp\/v2\/types\/product"}],"replies":[{"embeddable":true,"href":"http:\/\/klubmamgdynia.pl\/index.php\/wp-json\/wp\/v2\/comments?post=10441"}],"wp:featuredmedia":[{"embeddable":true,"href":"http:\/\/klubmamgdynia.pl\/index.php\/wp-json\/wp\/v2\/media\/10442"}],"wp:attachment":[{"href":"http:\/\/klubmamgdynia.pl\/index.php\/wp-json\/wp\/v2\/media?parent=10441"}],"wp:term":[{"taxonomy":"product_cat","embeddable":true,"href":"http:\/\/klubmamgdynia.pl\/index.php\/wp-json\/wp\/v2\/product_cat?post=10441"},{"taxonomy":"product_tag","embeddable":true,"href":"http:\/\/klubmamgdynia.pl\/index.php\/wp-json\/wp\/v2\/product_tag?post=10441"}],"curies":[{"name":"wp","href":"https:\/\/api.w.org\/{rel}","templated":true}]}}