{"id":10443,"date":"2011-11-04T23:15:29","date_gmt":"2011-11-04T22:15:29","guid":{"rendered":"http:\/\/klubmamgdynia.pl\/index.php\/produkt\/aladine-stempelki-do-tkanin-kwiaty-i-liscie\/"},"modified":"2026-05-17T22:18:14","modified_gmt":"2026-05-17T20:18:14","slug":"aladine-stempelki-do-tkanin-kwiaty-i-liscie","status":"publish","type":"product","link":"http:\/\/klubmamgdynia.pl\/index.php\/produkt\/aladine-stempelki-do-tkanin-kwiaty-i-liscie\/","title":{"rendered":"Aladine Stempelki Do Tkanin Kwiaty I Li\u015bcie"},"content":{"rendered":"<p>Zestaw 19 gumowych stempelk\u00f3w z piankowymi r\u0105czkami i 1 g\u0105beczka z czarnym tuszem do tkanin.Pozwalaj\u0105 na ozdobienie koszulek, d\u017cins\u00f3w, but\u00f3w z tkaniny, toreb na zakupy itp. Tusz nadaje si\u0119 do stemplowania na jasnych tkaninach. Po wyschni\u0119ciu tuszu i utrwaleniu go termicznie (za pomoc\u0105 \u017celazka) tkaniny mo\u017cna pra\u0107 w temperaturze 40 stopni Celsjusza.G\u0105beczka ma osobny plastikowy pojemniczek z pokrywk\u0105, aby zapobiec wysychaniu tuszu kiedy nie jest on u\u017cywany. G\u0105beczka wystaje ponad kraw\u0119d\u017a pojemniczka aby mo\u017cna by\u0142o pokry\u0107 tuszem stempelki o wi\u0119kszych wymiarach ni\u017c g\u0105beczka.Nieodpowiednie dla dzieci w wieku poni\u017cej 36 miesi\u0119cy.Wymiary stempelk\u00f3w 2 &#8211; 7 cm. Wymiary g\u0105beczki z tuszem D: 7,5 cm.Wymiary zestawu D: 10 cm, H: 11 cm. Made in China.<\/p>\n<h2>Aladine Stempelki Do Tkanin Kwiaty I Li\u015bcie Aladine<\/h2>\n<p>wierszyki na lany poniedzia\u0142ek, stare wiersze dla dzieci, wszystkie kraje \u015bwiata quiz, pokemony kolorowanka, krotkie zagadki, quizy dla przedszkolak\u00f3w, opisy do zdj\u0119\u0107 dziecka, tajemniczy ogr\u00f3d test z odpowiedziami, najpi\u0119kniejsze piosenki \u015bwi\u0105teczne dla dzieci, eksperymenty dla dzieci wulkan, zabawy ruchowe dla dzieci w przedszkolu, zagadki dla dzieci 10-12 lat, ba\u0142wanek do druku, test czerwone krzes\u0142o, zgadywanki, uk\u0142ad s\u0142oneczny dla dzieci do druku, kolorowanki do druku<\/p>\n<p>yyyyy<\/p>\n<p>&nbsp;<\/p>\n","protected":false},"excerpt":{"rendered":"<p>Zestaw 19 gumowych stempelk\u00f3w z piankowymi r\u0105czkami i 1 g\u0105beczka z czarnym tuszem do tkanin.Pozwalaj\u0105 na ozdobienie koszulek, d\u017cins\u00f3w, but\u00f3w z tkaniny, toreb na zakupy itp. Tusz nadaje si\u0119 do stemplowania na jasnych tkaninach. Po wyschni\u0119ciu tuszu i utrwaleniu go termicznie (za pomoc\u0105 \u017celazka) tkaniny mo\u017cna pra\u0107 w temperaturze 40 stopni Celsjusza.G\u0105beczka ma osobny plastikowy [&hellip;]<\/p>\n","protected":false},"featured_media":10444,"comment_status":"closed","ping_status":"open","template":"","meta":[],"product_cat":[1880,21],"product_tag":[666,775,821,687],"class_list":["post-10443","product","type-product","status-publish","has-post-thumbnail","hentry","product_cat-aladine","product_cat-zabawki-plastyczne","product_tag-afrykanskie-imiona","product_tag-kolorowanki-do-druku-pokemon","product_tag-marianna","product_tag-podchwytliwe-zagadki-matematyczne"],"_links":{"self":[{"href":"http:\/\/klubmamgdynia.pl\/index.php\/wp-json\/wp\/v2\/product\/10443","targetHints":{"allow":["GET"]}}],"collection":[{"href":"http:\/\/klubmamgdynia.pl\/index.php\/wp-json\/wp\/v2\/product"}],"about":[{"href":"http:\/\/klubmamgdynia.pl\/index.php\/wp-json\/wp\/v2\/types\/product"}],"replies":[{"embeddable":true,"href":"http:\/\/klubmamgdynia.pl\/index.php\/wp-json\/wp\/v2\/comments?post=10443"}],"wp:featuredmedia":[{"embeddable":true,"href":"http:\/\/klubmamgdynia.pl\/index.php\/wp-json\/wp\/v2\/media\/10444"}],"wp:attachment":[{"href":"http:\/\/klubmamgdynia.pl\/index.php\/wp-json\/wp\/v2\/media?parent=10443"}],"wp:term":[{"taxonomy":"product_cat","embeddable":true,"href":"http:\/\/klubmamgdynia.pl\/index.php\/wp-json\/wp\/v2\/product_cat?post=10443"},{"taxonomy":"product_tag","embeddable":true,"href":"http:\/\/klubmamgdynia.pl\/index.php\/wp-json\/wp\/v2\/product_tag?post=10443"}],"curies":[{"name":"wp","href":"https:\/\/api.w.org\/{rel}","templated":true}]}}