{"id":10447,"date":"2018-11-23T13:38:39","date_gmt":"2018-11-23T12:38:39","guid":{"rendered":"http:\/\/klubmamgdynia.pl\/index.php\/produkt\/aladine-koraliki-aqua-pearl-300szt-jasno-rozowe\/"},"modified":"2026-04-06T01:34:52","modified_gmt":"2026-04-05T23:34:52","slug":"aladine-koraliki-aqua-pearl-300szt-jasno-rozowe","status":"publish","type":"product","link":"http:\/\/klubmamgdynia.pl\/index.php\/produkt\/aladine-koraliki-aqua-pearl-300szt-jasno-rozowe\/","title":{"rendered":"Aladine Koraliki Aqua Pearl 300Szt Jasno R\u00f3\u017cowe"},"content":{"rendered":"<p>Aqua pearl to koraliki \u0142\u0105cz\u0105ce si\u0119 ze sob\u0105 tylko przy u\u017cyciu wody, co pozwala dziecku na samodzieln\u0105 zabaw\u0119. Torebka zawiera oko\u0142o 300 sztuk w jednym kolorze. Koraliki s\u0105 w kszta\u0142cie walca o d\u0142ugo\u015bci 6 mm i \u015brednicy 5 mm (otw\u00f3r 3 mm).Polecane od sz\u00f3stego roku \u017cycia.<\/p>\n<h2>Aladine Koraliki Aqua Pearl 300Szt Jasno R\u00f3\u017cowe Aladine<\/h2>\n<p>malgorzata imi\u0119, wielkanocne zagadki, maciej imie, opis o rodzinie, choinka z bibu\u0142y<\/p>\n<p>yyyyy<\/p>\n<p>&nbsp;<\/p>\n","protected":false},"excerpt":{"rendered":"<p>Aqua pearl to koraliki \u0142\u0105cz\u0105ce si\u0119 ze sob\u0105 tylko przy u\u017cyciu wody, co pozwala dziecku na samodzieln\u0105 zabaw\u0119. Torebka zawiera oko\u0142o 300 sztuk w jednym kolorze. Koraliki s\u0105 w kszta\u0142cie walca o d\u0142ugo\u015bci 6 mm i \u015brednicy 5 mm (otw\u00f3r 3 mm).Polecane od sz\u00f3stego roku \u017cycia. Aladine Koraliki Aqua Pearl 300Szt Jasno R\u00f3\u017cowe Aladine malgorzata [&hellip;]<\/p>\n","protected":false},"featured_media":10448,"comment_status":"closed","ping_status":"open","template":"","meta":[],"product_cat":[1880,21],"product_tag":[864,755,644,850],"class_list":["post-10447","product","type-product","status-publish","has-post-thumbnail","hentry","product_cat-aladine","product_cat-zabawki-plastyczne","product_tag-basen-warszawa","product_tag-henryk","product_tag-mia","product_tag-wroclaw-atrakcje-dla-dzieci"],"_links":{"self":[{"href":"http:\/\/klubmamgdynia.pl\/index.php\/wp-json\/wp\/v2\/product\/10447","targetHints":{"allow":["GET"]}}],"collection":[{"href":"http:\/\/klubmamgdynia.pl\/index.php\/wp-json\/wp\/v2\/product"}],"about":[{"href":"http:\/\/klubmamgdynia.pl\/index.php\/wp-json\/wp\/v2\/types\/product"}],"replies":[{"embeddable":true,"href":"http:\/\/klubmamgdynia.pl\/index.php\/wp-json\/wp\/v2\/comments?post=10447"}],"wp:featuredmedia":[{"embeddable":true,"href":"http:\/\/klubmamgdynia.pl\/index.php\/wp-json\/wp\/v2\/media\/10448"}],"wp:attachment":[{"href":"http:\/\/klubmamgdynia.pl\/index.php\/wp-json\/wp\/v2\/media?parent=10447"}],"wp:term":[{"taxonomy":"product_cat","embeddable":true,"href":"http:\/\/klubmamgdynia.pl\/index.php\/wp-json\/wp\/v2\/product_cat?post=10447"},{"taxonomy":"product_tag","embeddable":true,"href":"http:\/\/klubmamgdynia.pl\/index.php\/wp-json\/wp\/v2\/product_tag?post=10447"}],"curies":[{"name":"wp","href":"https:\/\/api.w.org\/{rel}","templated":true}]}}