{"id":10449,"date":"2017-11-29T20:23:55","date_gmt":"2017-11-29T19:23:55","guid":{"rendered":"http:\/\/klubmamgdynia.pl\/index.php\/produkt\/addo-zestaw-salon-stylizacji-do-malowania-paznokci\/"},"modified":"2026-04-28T18:59:06","modified_gmt":"2026-04-28T16:59:06","slug":"addo-zestaw-salon-stylizacji-do-malowania-paznokci","status":"publish","type":"product","link":"http:\/\/klubmamgdynia.pl\/index.php\/produkt\/addo-zestaw-salon-stylizacji-do-malowania-paznokci\/","title":{"rendered":"Addo Zestaw Salon Stylizacji Do Malowania Paznokci"},"content":{"rendered":"<p>Salon do stylizacji paznokci wprowadzi Twoje dziecko w \u015bwiat kosmetyki i pozwoli na samodzielne wykonanie modnego manicure.Zestaw zawiera wszystkie niezb\u0119dne akcesoria.Wa\u017cnym elementem zestawu jest prawdziwa suszarka do paznokci, dzi\u0119ki czemu zabawa staje si\u0119 jeszcze bardziej atrakcyjna.Salon stylizacji paznokci sprawi, \u017ce ma\u0142a dama poczuje si\u0119 jak prawdziwa doros\u0142a kobietka.Produkt rozwija r\u00f3wnie\u017c kreatywno\u015b\u0107 oraz wyobra\u017anie.Otw\u00f3rz swoje domowe studio i tw\u00f3rz niesamowite kolorowe paznokcie swoim przyjaci\u00f3\u0142kom!ZAWARTO\u015a\u0106:- 1 suszarka do paznokci,- 5 lakier\u00f3w do paznokci,- 1 brokatowy lakier do paznokci,- 2 pojemniki z brokatem,- 3 zestawy tips\u00f3w,- 3 arkusze pask\u00f3w na paznokcie,- 1 arkusz naklejek,- 1 separator,- 1 pilniczek.WIEK:6 lat +WAGA:495 gWYMIARY:opakowania 40 x 30 x 7,5 cmZASILANIE:2 x bateria AA 1,5 V.Instrukcja z u\u017cytkowania baterii w regulaminie.UWAGI:Nieodpowiednie dla dzieci w wieku poni\u017cej 3 lat.Produkt zalecany dla dzieci w wieku powy\u017cej 6 lat.U\u017cywa\u0107 pod nadzorem doros\u0142ych i zgodnie z ich zaleceniami.Tylko do u\u017cytku zewn\u0119trznego.Przed zabaw\u0105 nale\u017cy wykona\u0107 test sk\u00f3rny na niewielkim obszarze.W celu zmycia makija\u017cu nale\u017cy, nale\u017cy wody i delikatnego myd\u0142a.W razie kontaktu z oczami nale\u017cy je przep\u0142uka\u0107 du\u017c\u0105 ilo\u015bci\u0105 wody.Zawarte kosmetyki nie s\u0105 jadalne.<\/p>\n<h2>Addo Zestaw Salon Stylizacji Do Malowania Paznokci Russell<\/h2>\n<p>test ze znak\u00f3w drogowych, kolorowanki dla ch\u0142opc\u00f3w, bajki do czytania, rysowanki<\/p>\n<p>yyyyy<\/p>\n<p>&nbsp;<\/p>\n","protected":false},"excerpt":{"rendered":"<p>Salon do stylizacji paznokci wprowadzi Twoje dziecko w \u015bwiat kosmetyki i pozwoli na samodzielne wykonanie modnego manicure.Zestaw zawiera wszystkie niezb\u0119dne akcesoria.Wa\u017cnym elementem zestawu jest prawdziwa suszarka do paznokci, dzi\u0119ki czemu zabawa staje si\u0119 jeszcze bardziej atrakcyjna.Salon stylizacji paznokci sprawi, \u017ce ma\u0142a dama poczuje si\u0119 jak prawdziwa doros\u0142a kobietka.Produkt rozwija r\u00f3wnie\u017c kreatywno\u015b\u0107 oraz wyobra\u017anie.Otw\u00f3rz swoje domowe [&hellip;]<\/p>\n","protected":false},"featured_media":10450,"comment_status":"closed","ping_status":"open","template":"","meta":[],"product_cat":[422,21],"product_tag":[664,813,703,606,577],"class_list":["post-10449","product","type-product","status-publish","has-post-thumbnail","hentry","product_cat-russell","product_cat-zabawki-plastyczne","product_tag-atrakcje-dla-dzieci-trojmiasto","product_tag-krotkie-zagadki-matematyczne-z-odpowiedziami","product_tag-prezent-dla-nastolatki","product_tag-stala-pod-sniegiem","product_tag-znaki-drogowe-test"],"_links":{"self":[{"href":"http:\/\/klubmamgdynia.pl\/index.php\/wp-json\/wp\/v2\/product\/10449","targetHints":{"allow":["GET"]}}],"collection":[{"href":"http:\/\/klubmamgdynia.pl\/index.php\/wp-json\/wp\/v2\/product"}],"about":[{"href":"http:\/\/klubmamgdynia.pl\/index.php\/wp-json\/wp\/v2\/types\/product"}],"replies":[{"embeddable":true,"href":"http:\/\/klubmamgdynia.pl\/index.php\/wp-json\/wp\/v2\/comments?post=10449"}],"wp:featuredmedia":[{"embeddable":true,"href":"http:\/\/klubmamgdynia.pl\/index.php\/wp-json\/wp\/v2\/media\/10450"}],"wp:attachment":[{"href":"http:\/\/klubmamgdynia.pl\/index.php\/wp-json\/wp\/v2\/media?parent=10449"}],"wp:term":[{"taxonomy":"product_cat","embeddable":true,"href":"http:\/\/klubmamgdynia.pl\/index.php\/wp-json\/wp\/v2\/product_cat?post=10449"},{"taxonomy":"product_tag","embeddable":true,"href":"http:\/\/klubmamgdynia.pl\/index.php\/wp-json\/wp\/v2\/product_tag?post=10449"}],"curies":[{"name":"wp","href":"https:\/\/api.w.org\/{rel}","templated":true}]}}