{"id":10451,"date":"2016-12-23T10:40:51","date_gmt":"2016-12-23T09:40:51","guid":{"rendered":"http:\/\/klubmamgdynia.pl\/index.php\/produkt\/aladine-stampo-kids-zwierzeta-a03305\/"},"modified":"2026-05-01T18:57:22","modified_gmt":"2026-05-01T16:57:22","slug":"aladine-stampo-kids-zwierzeta-a03305","status":"publish","type":"product","link":"http:\/\/klubmamgdynia.pl\/index.php\/produkt\/aladine-stampo-kids-zwierzeta-a03305\/","title":{"rendered":"Aladine Stampo Kids Zwierz\u0119ta (A03305)"},"content":{"rendered":"<p>Drewniane stempelki dla dzieci s\u0105 bardzo starannie wykonane i u\u0142atwiaj\u0105 robienie piecz\u0105tek.Motyw na stempelku jest wyci\u0119ty &#8211; nie posiada gumy dooko\u0142a, dzi\u0119ki temu nie odbija si\u0119 ramka i motyw \u0142adnie wygl\u0105da na kartce. Pomi\u0119dzy motywem a drewnianym uchwytem znajduje si\u0119 czarna mi\u0119kka pianka, kt\u00f3ra u\u0142atwia r\u00f3wnomierne odci\u015bni\u0119cie stempelka.Na ka\u017cdym stempelku jest umieszczona naklejka z obrazkiem.Tusz jest zmywalny i bezpieczny<br \/>\nW zestawie jest 15 stempelk\u00f3w i poduszeczka z czarnym tuszem.Wiek: 6+<\/p>\n<h2>Aladine Stampo Kids Zwierz\u0119ta (A03305) Aladine<\/h2>\n<p>zagadki o zwierz\u0119tach le\u015bnych dla dzieci, rysowanie po \u015bladzie pdf, test z lektury asiunia joanna papuzi\u0144ska, kolorowanki my little pony, kolorowanka kotki do druku, traktor z przyczep\u0105 kolorowanka, piosenki dla dzieci o jesieni, kajko i kokosz szko\u0142a latania &#8211; test do wydruku, co kupi\u0107 nastolatce na urodziny, aniela imie, prank na prima aprilis, dla nastolatk\u00f3w prezenty<\/p>\n<p>yyyyy<\/p>\n<p>&nbsp;<\/p>\n","protected":false},"excerpt":{"rendered":"<p>Drewniane stempelki dla dzieci s\u0105 bardzo starannie wykonane i u\u0142atwiaj\u0105 robienie piecz\u0105tek.Motyw na stempelku jest wyci\u0119ty &#8211; nie posiada gumy dooko\u0142a, dzi\u0119ki temu nie odbija si\u0119 ramka i motyw \u0142adnie wygl\u0105da na kartce. Pomi\u0119dzy motywem a drewnianym uchwytem znajduje si\u0119 czarna mi\u0119kka pianka, kt\u00f3ra u\u0142atwia r\u00f3wnomierne odci\u015bni\u0119cie stempelka.Na ka\u017cdym stempelku jest umieszczona naklejka z obrazkiem.Tusz [&hellip;]<\/p>\n","protected":false},"featured_media":10452,"comment_status":"closed","ping_status":"open","template":"","meta":[],"product_cat":[1880,21],"product_tag":[854,723,718,602,811,694],"class_list":["post-10451","product","type-product","status-publish","has-post-thumbnail","hentry","product_cat-aladine","product_cat-zabawki-plastyczne","product_tag-cytaty-rodzina","product_tag-krotkie-bajki-do-czytania-na-dobranoc","product_tag-prezent-na-roczek-dla-chrzesniaka","product_tag-quiz-o-zwierzetach-domowych","product_tag-zagadki-logiczne-dla-dzieci","product_tag-zagadki-swiateczne-dla-dzieci"],"_links":{"self":[{"href":"http:\/\/klubmamgdynia.pl\/index.php\/wp-json\/wp\/v2\/product\/10451","targetHints":{"allow":["GET"]}}],"collection":[{"href":"http:\/\/klubmamgdynia.pl\/index.php\/wp-json\/wp\/v2\/product"}],"about":[{"href":"http:\/\/klubmamgdynia.pl\/index.php\/wp-json\/wp\/v2\/types\/product"}],"replies":[{"embeddable":true,"href":"http:\/\/klubmamgdynia.pl\/index.php\/wp-json\/wp\/v2\/comments?post=10451"}],"wp:featuredmedia":[{"embeddable":true,"href":"http:\/\/klubmamgdynia.pl\/index.php\/wp-json\/wp\/v2\/media\/10452"}],"wp:attachment":[{"href":"http:\/\/klubmamgdynia.pl\/index.php\/wp-json\/wp\/v2\/media?parent=10451"}],"wp:term":[{"taxonomy":"product_cat","embeddable":true,"href":"http:\/\/klubmamgdynia.pl\/index.php\/wp-json\/wp\/v2\/product_cat?post=10451"},{"taxonomy":"product_tag","embeddable":true,"href":"http:\/\/klubmamgdynia.pl\/index.php\/wp-json\/wp\/v2\/product_tag?post=10451"}],"curies":[{"name":"wp","href":"https:\/\/api.w.org\/{rel}","templated":true}]}}