{"id":10453,"date":"2025-06-29T08:19:35","date_gmt":"2025-06-29T06:19:35","guid":{"rendered":"http:\/\/klubmamgdynia.pl\/?post_type=product&#038;p=10453"},"modified":"2026-04-07T01:34:51","modified_gmt":"2026-04-06T23:34:51","slug":"trefl-puzzle-54el-psi-patrol-psia-misja-19604","status":"publish","type":"product","link":"http:\/\/klubmamgdynia.pl\/index.php\/produkt\/trefl-puzzle-54el-psi-patrol-psia-misja-19604\/","title":{"rendered":"Trefl Puzzle 54el. Psi Patrol Psia Misja 19604"},"content":{"rendered":"<p>Trefl Puzzle 54el. Psi Patrol Psia Misja 19604Puzzle dla najm\u0142odszych w ma\u0142ych, wygodnych pude\u0142eczkach, kt\u00f3re swobodnie zmieszcz\u0105 si\u0119 w dzieci\u0119cym plecaczku i na p\u00f3\u0142ce z zabawkami. Ka\u017cda uk\u0142adanka to inny obrazek, z\u0142o\u017cony z 54 element\u00f3w.                            <\/p>\n<p>Wiemy, jak wa\u017cne jest bezpiecze\u0144stwo Twojego dziecka. Dok\u0142adamy wszelkich stara\u0144, aby nasze puzzle by\u0142y nie tylko atrakcyjne i stymuluj\u0105ce rozw\u00f3j na ka\u017cdym etapie jego edukacji, lecz tak\u017ce spe\u0142nia\u0142y najwy\u017csze normy bezpiecze\u0144stwa.\u00a0                            <\/p>\n<p>Uk\u0142adanie puzzli uczy dziecko\u00a0cierpliwo\u015bci, zr\u0119czno\u015bci manualnej i spostrzegawczo\u015bci potrzebnej, by dopasowa\u0107 do siebie pasuj\u0105ce elementy. To tak\u017ce doskona\u0142y trening wspomagaj\u0105cy\u00a0koordynacj\u0119 wzrokowo &#8211; ruchow\u0105, a tak\u017ce okazja do kreatywnego sp\u0119dzania czasu z maluszkiem.\u00a0<\/p>\n<h2>Trefl Puzzle 54el. Psi Patrol Psia Misja 19604 Trefl<\/h2>\n<p>kolorowanki do druku kotki, choinka kolorowanka szablon, asiunia &#8211; test z lektury pdf, cytaty o dziecku i mamie, test na znaki drogowe, zagadki o zwierz\u0119tach le\u015bnych dla dzieci, najpi\u0119kniejsze cytaty o przyja\u017ani, pokemony do druku, pomys\u0142 na prezent dla nastolatka, gabriel, prezent dla dziewczynki 7 lat, p\u0142atki \u015bniegu szablon, trudne zagadki i odpowiedzi, cytaty dla dzieci, piosenka na dzie\u0144 mamy tekst, wiersz na wielkanocnym stole, labirynt dla dzieci, nadia imie, cytat o dzieciach, quiz psi patrol, kolorowanki<\/p>\n<p>yyyyy<\/p>\n<p>&nbsp;<\/p>\n","protected":false},"excerpt":{"rendered":"<p>Trefl Puzzle 54el. Psi Patrol Psia Misja 19604Puzzle dla najm\u0142odszych w ma\u0142ych, wygodnych pude\u0142eczkach, kt\u00f3re swobodnie zmieszcz\u0105 si\u0119 w dzieci\u0119cym plecaczku i na p\u00f3\u0142ce z zabawkami. Ka\u017cda uk\u0142adanka to inny obrazek, z\u0142o\u017cony z 54 element\u00f3w. Wiemy, jak wa\u017cne jest bezpiecze\u0144stwo Twojego dziecka. Dok\u0142adamy wszelkich stara\u0144, aby nasze puzzle by\u0142y nie tylko atrakcyjne i stymuluj\u0105ce rozw\u00f3j [&hellip;]<\/p>\n","protected":false},"featured_media":10454,"comment_status":"closed","ping_status":"open","template":"","meta":[],"product_cat":[90,104],"product_tag":[686,744,621,771,823],"class_list":["post-10453","product","type-product","status-publish","has-post-thumbnail","hentry","product_cat-puzzle","product_cat-trefl","product_tag-co-na-roczek-dla-chlopca","product_tag-kolorowanki-swiateczne-do-wydruku","product_tag-prezenty-roczek","product_tag-stolice-europy-quiz","product_tag-zagadki-dla-dzieci-7-lat"],"_links":{"self":[{"href":"http:\/\/klubmamgdynia.pl\/index.php\/wp-json\/wp\/v2\/product\/10453","targetHints":{"allow":["GET"]}}],"collection":[{"href":"http:\/\/klubmamgdynia.pl\/index.php\/wp-json\/wp\/v2\/product"}],"about":[{"href":"http:\/\/klubmamgdynia.pl\/index.php\/wp-json\/wp\/v2\/types\/product"}],"replies":[{"embeddable":true,"href":"http:\/\/klubmamgdynia.pl\/index.php\/wp-json\/wp\/v2\/comments?post=10453"}],"wp:featuredmedia":[{"embeddable":true,"href":"http:\/\/klubmamgdynia.pl\/index.php\/wp-json\/wp\/v2\/media\/10454"}],"wp:attachment":[{"href":"http:\/\/klubmamgdynia.pl\/index.php\/wp-json\/wp\/v2\/media?parent=10453"}],"wp:term":[{"taxonomy":"product_cat","embeddable":true,"href":"http:\/\/klubmamgdynia.pl\/index.php\/wp-json\/wp\/v2\/product_cat?post=10453"},{"taxonomy":"product_tag","embeddable":true,"href":"http:\/\/klubmamgdynia.pl\/index.php\/wp-json\/wp\/v2\/product_tag?post=10453"}],"curies":[{"name":"wp","href":"https:\/\/api.w.org\/{rel}","templated":true}]}}