{"id":10455,"date":"2023-03-06T23:14:22","date_gmt":"2023-03-06T22:14:22","guid":{"rendered":"http:\/\/klubmamgdynia.pl\/?post_type=product&#038;p=10455"},"modified":"2026-05-17T23:08:23","modified_gmt":"2026-05-17T21:08:23","slug":"melissa-doug-teczowy-sznurek-kreator-obrazow","status":"publish","type":"product","link":"http:\/\/klubmamgdynia.pl\/index.php\/produkt\/melissa-doug-teczowy-sznurek-kreator-obrazow\/","title":{"rendered":"Melissa &amp; Doug T\u0119czowy Sznurek Kreator Obraz\u00f3w"},"content":{"rendered":"<p>Melissa &amp; Doug &#8211; T\u0119czowe sznurki 40619 T\u0119czowe sznurki marki Melissa &amp; Doug 40619 to zestaw kreatywny zaprojektowany z my\u015bl\u0105 o czteroletnich dzieciach wkraczaj\u0105cych w \u015bwiat wykonywania artystycznych zada\u0144. Tym razem maluchy mog\u0105 samodzielnie tworzy\u0107 rozmaite obrazki bez u\u017cycia farb, kredek czy pisak\u00f3w, a pos\u0142uguj\u0105c si\u0119 jedynie kolorowymi sznureczkami! Opakowanie skrywa 5 podw\u00f3jnych plansz z zarysami konkretnych kszta\u0142t\u00f3w \u2013 aby je uzupe\u0142ni\u0107 nale\u017cy pos\u0142u\u017cy\u0107 si\u0119 sznurkami zapakowanymi w specjalny pojemniczek imituj\u0105cy d\u0142ugopis. Taki spos\u00f3b \u201erysowania\u201d zapewni komfortowy trening precyzji i skupienia, a gotowe obrazki nie tylko przyci\u0105gn\u0105 uwag\u0119 wszystkich dooko\u0142a, ale stan\u0105 si\u0119 r\u00f3wnie\u017c pi\u0119kn\u0105 ozdob\u0105 ka\u017cdego pokoju. Zestaw kreatywny T\u0119czowe sznurki marki Melissa &amp; Doug 40619 zawiera sznureczki w dw\u00f3ch r\u00f3\u017cnych d\u0142ugo\u015bciach i a\u017c 13 rozmaitych kolorach. Narysuj przy pomocy sznureczk\u00f3w ilustracje przedstawiaj\u0105ce kotka, kr\u00f3wk\u0119, motylka, \u017c\u00f3\u0142wika i wielu, wielu innych postaci, a z pewno\u015bci\u0105 zyskasz miano najbardziej kreatywnej pociechy! Zestaw przeznaczony jest dla dzieci powy\u017cej 4. roku \u017cycia. T\u0119czowe sznurki &#8211; zestaw kreatywny dla dzieci &#8211; informacje dodatkowe: Producent: Melissa &amp; Doug Numer katalogowy: 40619 Wiek dziecka: + 4 lata Wymiary zabawki: 33 cm x 30 cm x 6 cm Zabawki ameryka\u0144skiej marki Melissa &amp; Doug gwarantuj\u0105 ogrom frajdy, szczeg\u00f3lnie \u017ce ich kontrukcje dopasowane zosta\u0142y do mo\u017cliwo\u015bci maluch\u00f3w w r\u00f3\u017cnym wieku. Ka\u017cda z propozycji charakteryzuje si\u0119 wysok\u0105 jako\u015bci\u0105 wykonania, dzi\u0119ki czemu produkty mog\u0105 s\u0142u\u017cy\u0107 przez d\u0142ugi czas bez obaw, \u017ce szybko si\u0119 uszkodz\u0105. Dodatkowym atutem zabawek jest ciekawa stylistyka oraz wiele mo\u017cliwo\u015bci zabawy &#8211; maluchy mog\u0105 odgrywa\u0107 rozmaite role, uk\u0142ada\u0107 budowle z klock\u00f3w czy wciela\u0107 si\u0119 w r\u00f3\u017cne postacie dzi\u0119ki kolorowym kostiumom!<\/p>\n<h2>Melissa &amp; Doug T\u0119czowy Sznurek Kreator Obraz\u00f3w Melissa &amp; Doug<\/h2>\n<p>beniamin imi\u0119, filmy na \u015bwi\u0119ta bo\u017cego narodzenia, jak zrobi\u0107 samolot z papieru, janusz korczak cytaty, spongebob kolorowanka, iwo imi\u0119, bajka na dobranoc do czytania, maska do druku, proste zagadki logiczne, zagadki matematyczne, szablony do wyklejania plastelin\u0105, malowane kamienie, \u0142atwe laurki, gry i zabawy dla dzieci, zagadki slowne<\/p>\n<p>yyyyy<\/p>\n<p>&nbsp;<\/p>\n","protected":false},"excerpt":{"rendered":"<p>Melissa &amp; Doug &#8211; T\u0119czowe sznurki 40619 T\u0119czowe sznurki marki Melissa &amp; Doug 40619 to zestaw kreatywny zaprojektowany z my\u015bl\u0105 o czteroletnich dzieciach wkraczaj\u0105cych w \u015bwiat wykonywania artystycznych zada\u0144. Tym razem maluchy mog\u0105 samodzielnie tworzy\u0107 rozmaite obrazki bez u\u017cycia farb, kredek czy pisak\u00f3w, a pos\u0142uguj\u0105c si\u0119 jedynie kolorowymi sznureczkami! Opakowanie skrywa 5 podw\u00f3jnych plansz z [&hellip;]<\/p>\n","protected":false},"featured_media":10456,"comment_status":"closed","ping_status":"open","template":"","meta":[],"product_cat":[1204,21],"product_tag":[784,710,823,782,725],"class_list":["post-10455","product","type-product","status-publish","has-post-thumbnail","hentry","product_cat-melissa-doug","product_cat-zabawki-plastyczne","product_tag-hymn-gorniczy","product_tag-zagadki-dla-dzieci-10-12-lat","product_tag-zagadki-dla-dzieci-7-lat","product_tag-zagadki-dla-dzieci-z-odpowiedziami","product_tag-zgadywanki"],"_links":{"self":[{"href":"http:\/\/klubmamgdynia.pl\/index.php\/wp-json\/wp\/v2\/product\/10455","targetHints":{"allow":["GET"]}}],"collection":[{"href":"http:\/\/klubmamgdynia.pl\/index.php\/wp-json\/wp\/v2\/product"}],"about":[{"href":"http:\/\/klubmamgdynia.pl\/index.php\/wp-json\/wp\/v2\/types\/product"}],"replies":[{"embeddable":true,"href":"http:\/\/klubmamgdynia.pl\/index.php\/wp-json\/wp\/v2\/comments?post=10455"}],"wp:featuredmedia":[{"embeddable":true,"href":"http:\/\/klubmamgdynia.pl\/index.php\/wp-json\/wp\/v2\/media\/10456"}],"wp:attachment":[{"href":"http:\/\/klubmamgdynia.pl\/index.php\/wp-json\/wp\/v2\/media?parent=10455"}],"wp:term":[{"taxonomy":"product_cat","embeddable":true,"href":"http:\/\/klubmamgdynia.pl\/index.php\/wp-json\/wp\/v2\/product_cat?post=10455"},{"taxonomy":"product_tag","embeddable":true,"href":"http:\/\/klubmamgdynia.pl\/index.php\/wp-json\/wp\/v2\/product_tag?post=10455"}],"curies":[{"name":"wp","href":"https:\/\/api.w.org\/{rel}","templated":true}]}}