{"id":10457,"date":"2015-12-20T09:43:34","date_gmt":"2015-12-20T08:43:34","guid":{"rendered":"http:\/\/klubmamgdynia.pl\/index.php\/produkt\/aladine-koraliki-aqua-big-pearl-80szt-czerwone\/"},"modified":"2026-04-03T17:06:18","modified_gmt":"2026-04-03T15:06:18","slug":"aladine-koraliki-aqua-big-pearl-80szt-czerwone","status":"publish","type":"product","link":"http:\/\/klubmamgdynia.pl\/index.php\/produkt\/aladine-koraliki-aqua-big-pearl-80szt-czerwone\/","title":{"rendered":"Aladine Koraliki Aqua Big Pearl 80Szt Czerwone"},"content":{"rendered":"<p>Aqua pearl to koraliki \u0142\u0105cz\u0105ce si\u0119 ze sob\u0105 tylko przy u\u017cyciu wody, co pozwala dziecku na samodzieln\u0105 zabaw\u0119.Koraliki Aqua Big pearl s\u0105 w kszta\u0142cie kopu\u0142ki o wysoko\u015bci 8 mm i \u015brednicy podstawy 10 mm (otw\u00f3r u do\u0142u 8 mm, u g\u00f3ry 3 mm) co pozwala na uk\u0142adanie ich bez specjalnej podk\u0142adki. Torebka zawiera oko\u0142o 80 sztuk w jednym kolorze.Polecane od trzeciego roku \u017cycia.<\/p>\n<h2>Aladine Koraliki Aqua Big Pearl 80Szt Czerwone Aladine<\/h2>\n<p>laurka na urodziny do druku, liwia imi\u0119, fajne zagadki, ch\u0142opcy z placu broni &#8211; test z odpowiedziami, cytat o dziecku, nauka j\u0119zyka polskiego dla dzieci z ukrainy materia\u0142y, skye psi patrol kolorowanka, stolice europy quiz, wiosenne zagadki, super zings kolorowanki, dyplomy szablony pdf, kolorowanka do wydruku, star wars kolorowanka, test z lektury ania z zielonego wzg\u00f3rza klasa 6 z odpowiedziami, jak narysowa\u0107 sanie miko\u0142aja<\/p>\n<p>yyyyy<\/p>\n<p>&nbsp;<\/p>\n","protected":false},"excerpt":{"rendered":"<p>Aqua pearl to koraliki \u0142\u0105cz\u0105ce si\u0119 ze sob\u0105 tylko przy u\u017cyciu wody, co pozwala dziecku na samodzieln\u0105 zabaw\u0119.Koraliki Aqua Big pearl s\u0105 w kszta\u0142cie kopu\u0142ki o wysoko\u015bci 8 mm i \u015brednicy podstawy 10 mm (otw\u00f3r u do\u0142u 8 mm, u g\u00f3ry 3 mm) co pozwala na uk\u0142adanie ich bez specjalnej podk\u0142adki. Torebka zawiera oko\u0142o 80 [&hellip;]<\/p>\n","protected":false},"featured_media":10458,"comment_status":"closed","ping_status":"open","template":"","meta":[],"product_cat":[1880,21],"product_tag":[610,753,866,594,737],"class_list":["post-10457","product","type-product","status-publish","has-post-thumbnail","hentry","product_cat-aladine","product_cat-zabawki-plastyczne","product_tag-co-na-prezent-dla-nastolatkow","product_tag-kamila","product_tag-opis-do-zdjecia-dziecka-na-fb","product_tag-podchwytliwe-zagadki-dla-dzieci","product_tag-test-z-lektury-felix-net-i-nika-oraz-gang-niewidzialnych-ludzi"],"_links":{"self":[{"href":"http:\/\/klubmamgdynia.pl\/index.php\/wp-json\/wp\/v2\/product\/10457","targetHints":{"allow":["GET"]}}],"collection":[{"href":"http:\/\/klubmamgdynia.pl\/index.php\/wp-json\/wp\/v2\/product"}],"about":[{"href":"http:\/\/klubmamgdynia.pl\/index.php\/wp-json\/wp\/v2\/types\/product"}],"replies":[{"embeddable":true,"href":"http:\/\/klubmamgdynia.pl\/index.php\/wp-json\/wp\/v2\/comments?post=10457"}],"wp:featuredmedia":[{"embeddable":true,"href":"http:\/\/klubmamgdynia.pl\/index.php\/wp-json\/wp\/v2\/media\/10458"}],"wp:attachment":[{"href":"http:\/\/klubmamgdynia.pl\/index.php\/wp-json\/wp\/v2\/media?parent=10457"}],"wp:term":[{"taxonomy":"product_cat","embeddable":true,"href":"http:\/\/klubmamgdynia.pl\/index.php\/wp-json\/wp\/v2\/product_cat?post=10457"},{"taxonomy":"product_tag","embeddable":true,"href":"http:\/\/klubmamgdynia.pl\/index.php\/wp-json\/wp\/v2\/product_tag?post=10457"}],"curies":[{"name":"wp","href":"https:\/\/api.w.org\/{rel}","templated":true}]}}