{"id":1046,"date":"2013-01-19T15:01:41","date_gmt":"2013-01-19T14:01:41","guid":{"rendered":"http:\/\/klubmamgdynia.pl\/index.php\/produkt\/sowka-design-tipi-dla-dzieci-bawelna-okienko-poduszka-labedzi-wiatr\/"},"modified":"2026-04-22T08:58:50","modified_gmt":"2026-04-22T06:58:50","slug":"sowka-design-tipi-dla-dzieci-bawelna-okienko-poduszka-labedzi-wiatr","status":"publish","type":"product","link":"http:\/\/klubmamgdynia.pl\/index.php\/produkt\/sowka-design-tipi-dla-dzieci-bawelna-okienko-poduszka-labedzi-wiatr\/","title":{"rendered":"S\u00f3wka Design Tipi Dla Dzieci Bawe\u0142na Okienko Poduszka \u0141ab\u0119dzi Wiatr"},"content":{"rendered":"<p>Namiot Tipi dla ma\u0142ego wodza mata poduszkiEstetycznie wykonany i bezpieczny w u\u017cyciu namiot Tipi dla ma\u0142ego wodza mata poduszki, to produkt polski, dost\u0119pny w kilku wersjach kolorystycznych \u2013 \u00e9cru, niebieskiej, szarej, r\u00f3\u017cowej lub fioletowej. To doskona\u0142e miejsce do zabawy. Wyr\u00f3b mo\u017ce znajdowa\u0107 si\u0119 w pokoju zajmowanym przez pociech\u0119. Podstawa oferowanego przez nas namiotu Tipi, posiada nast\u0119puj\u0105ce wymiary: 110 cm x 110 cm, wysoko\u015b\u0107 ca\u0142kowita to 160 cm. Drewniane kijki, tworz\u0105ce konstrukcj\u0119, maj\u0105 d\u0142ugo\u015b\u0107 175 cm.6 zalet, kt\u00f3rymi wyr\u00f3\u017cnia si\u0119 namiot tipi dla ma\u0142ego wodza mata poduszkiZastosowanie bawe\u0142ny z certyfikatem jako\u015bci.Okienko z imitacj\u0105 szyby.Drewniany stela\u017c namiotu.Mato ko\u0142derka, zapewniaj\u0105ca doskona\u0142e w\u0142a\u015bciwo\u015bci izolacyjne.Dwie poduszki w zestawie.Namiot tipi posiada stabilizator, kt\u00f3ry usztywnia ca\u0142\u0105 jego konstrukcj\u0119.Dlaczego warto kupi\u0107 namiot tipi dla ma\u0142ego wodza mata poduszki?Nowoczesny namiot Tipi, to produkt, kt\u00f3rego poszycie i mata zosta\u0142y wykonane ze starannie dobranych materia\u0142\u00f3w, przyjemnych dla sk\u00f3ry. Wyr\u00f3b dost\u0119pny w wersji g\u0142adkiej i z nadrukiem. Wszystkie bawe\u0142niane elementy mo\u017cna pra\u0107 w pralce z dodatkiem \u0142agodnych detergent\u00f3w. Oferowany namiot Tipi jest \u0142atwy do monta\u017cu i demonta\u017cu. Okienko zosta\u0142o ozdobione urocz\u0105 kokard\u0105, co podwy\u017csza walory estetyczne wyrobu.Cudowny namiot Tipi z mat\u0105 i poduszk\u0105 &#8211; wyr\u00f3b stworzony z my\u015bl\u0105 o najm\u0142odszych!<\/p>\n<h2>S\u00f3wka Design Tipi Dla Dzieci Bawe\u0142na Okienko Poduszka \u0141ab\u0119dzi Wiatr S\u00f3wka Design<\/h2>\n<p>o\u015brodki wczasowe nad morzem dla rodzin z dzie\u0107mi, super zings kolorowanki, zabawki na roczek dla dziewczynki, farma dyni poznan, mandala kolorowanka, smok wawelski kolorowanka, flagi do druku, kolorowanka prezent, wzruszaj\u0105c\u0105 piosenka dla taty, kolorowanki pikachu, zadania dla dzieci z ukrainy, m\u0105dre cytaty dla dzieci, szymon znaczenie imiona<\/p>\n<p>yyyyy<\/p>\n<p>&nbsp;<\/p>\n","protected":false},"excerpt":{"rendered":"<p>Namiot Tipi dla ma\u0142ego wodza mata poduszkiEstetycznie wykonany i bezpieczny w u\u017cyciu namiot Tipi dla ma\u0142ego wodza mata poduszki, to produkt polski, dost\u0119pny w kilku wersjach kolorystycznych \u2013 \u00e9cru, niebieskiej, szarej, r\u00f3\u017cowej lub fioletowej. To doskona\u0142e miejsce do zabawy. Wyr\u00f3b mo\u017ce znajdowa\u0107 si\u0119 w pokoju zajmowanym przez pociech\u0119. Podstawa oferowanego przez nas namiotu Tipi, posiada [&hellip;]<\/p>\n","protected":false},"featured_media":1047,"comment_status":"closed","ping_status":"open","template":"","meta":[],"product_cat":[282,288],"product_tag":[598,866,735,717,675,733],"class_list":["post-1046","product","type-product","status-publish","has-post-thumbnail","hentry","product_cat-domki-i-namioty-dla-dzieci","product_cat-sowka-design","product_tag-co-na-roczek-dla-dziewczynki","product_tag-opis-do-zdjecia-dziecka-na-fb","product_tag-prezent-na-roczek-dziewczynka","product_tag-prezent-roczek","product_tag-test-z-lektury-kajko-i-kokosz-szkola-latania","product_tag-zarty-na-prima-aprilis"],"_links":{"self":[{"href":"http:\/\/klubmamgdynia.pl\/index.php\/wp-json\/wp\/v2\/product\/1046","targetHints":{"allow":["GET"]}}],"collection":[{"href":"http:\/\/klubmamgdynia.pl\/index.php\/wp-json\/wp\/v2\/product"}],"about":[{"href":"http:\/\/klubmamgdynia.pl\/index.php\/wp-json\/wp\/v2\/types\/product"}],"replies":[{"embeddable":true,"href":"http:\/\/klubmamgdynia.pl\/index.php\/wp-json\/wp\/v2\/comments?post=1046"}],"wp:featuredmedia":[{"embeddable":true,"href":"http:\/\/klubmamgdynia.pl\/index.php\/wp-json\/wp\/v2\/media\/1047"}],"wp:attachment":[{"href":"http:\/\/klubmamgdynia.pl\/index.php\/wp-json\/wp\/v2\/media?parent=1046"}],"wp:term":[{"taxonomy":"product_cat","embeddable":true,"href":"http:\/\/klubmamgdynia.pl\/index.php\/wp-json\/wp\/v2\/product_cat?post=1046"},{"taxonomy":"product_tag","embeddable":true,"href":"http:\/\/klubmamgdynia.pl\/index.php\/wp-json\/wp\/v2\/product_tag?post=1046"}],"curies":[{"name":"wp","href":"https:\/\/api.w.org\/{rel}","templated":true}]}}