{"id":10461,"date":"2020-09-07T18:19:54","date_gmt":"2020-09-07T16:19:54","guid":{"rendered":"http:\/\/klubmamgdynia.pl\/index.php\/produkt\/miletoys-projektor-piesek-do-rysowania-rzutnik-niebieski\/"},"modified":"2026-05-17T20:58:03","modified_gmt":"2026-05-17T18:58:03","slug":"miletoys-projektor-piesek-do-rysowania-rzutnik-niebieski","status":"publish","type":"product","link":"http:\/\/klubmamgdynia.pl\/index.php\/produkt\/miletoys-projektor-piesek-do-rysowania-rzutnik-niebieski\/","title":{"rendered":"Miletoys Projektor Piesek Do Rysowania Rzutnik Niebieski"},"content":{"rendered":"<p>Wspania\u0142y projektor w kszta\u0142cie pieska.Specjalny projektorek w kszta\u0142cie pieska wy\u015bwietla na tablicy obrazki,kt\u00f3re dzieci obrysuj\u0105 za pomoc\u0105 do\u0142\u0105czonych mazak\u00f3w.Projektor piesek to rewelacyjna zabawka i fajny gad\u017cet dla wszystkich dzieciaczk\u00f3w uwielbiaj\u0105cych rysowanie.Zabawa jest bardzo prosta:Wsu\u0144 do g\u0142owy pieska jeden ze slajd\u00f3w.W\u0142\u0105cz projektor przesuwaj\u0105c w\u0142\u0105cznik umieszczon\u0105 w g\u00f3rnej cz\u0119\u015bci.Projektor wy\u015bwietli na tablicy obrazek znajduj\u0105cy si\u0119 na slajdzie.Aby wyregulowa\u0107 ostro\u015b\u0107 obrazka nale\u017cy odpowiednio nastawi\u0107 g\u00f3rn\u0105 cz\u0119\u015b\u0107 projektor.Wykonaj rysunek na tablicy za pomoc\u0105 za\u0142\u0105czonych mazak\u00f3w.Mo\u017cesz te\u017c wykona\u0107 malunek w do\u0142\u0105czonym notesiku.Jeden slajd to a\u017c 7 r\u00f3\u017cnych rysunk\u00f3w do wy\u015bwietlenia.Na slajdach wy\u015bwietlaj\u0105 si\u0119 rysunki warzyw, owoc\u00f3w, zwierz\u0105tek czy pojazd\u00f3w.Projektor wykonany z materia\u0142\u00f3w najwy\u017cszej jako\u015bci , idealny na prezent.ZAWARTO\u015a\u0106:\u2013 projektor\u2013 slajdy przedstawiaj\u0105ce 28 obrazk\u00f3w \u2013 4 sztuk\u2013 8 mazak\u00f3w\u2013 notatnikWIEK:3+WYMIARY:opakowania 25 x 20 x 5 cmZASILENIE:wymaga baterii 3 x LR44 1,5V-za\u0142\u0105czone<\/p>\n<h2>Miletoys Projektor Piesek Do Rysowania Rzutnik Niebieski <\/h2>\n<p>wroc\u0142aw atrakcje dla dzieci, karyna, zagadki i odpowiedzi, zagadki logiczne na inteligencj\u0119<\/p>\n<p>yyyyy<\/p>\n<p>&nbsp;<\/p>\n","protected":false},"excerpt":{"rendered":"<p>Wspania\u0142y projektor w kszta\u0142cie pieska.Specjalny projektorek w kszta\u0142cie pieska wy\u015bwietla na tablicy obrazki,kt\u00f3re dzieci obrysuj\u0105 za pomoc\u0105 do\u0142\u0105czonych mazak\u00f3w.Projektor piesek to rewelacyjna zabawka i fajny gad\u017cet dla wszystkich dzieciaczk\u00f3w uwielbiaj\u0105cych rysowanie.Zabawa jest bardzo prosta:Wsu\u0144 do g\u0142owy pieska jeden ze slajd\u00f3w.W\u0142\u0105cz projektor przesuwaj\u0105c w\u0142\u0105cznik umieszczon\u0105 w g\u00f3rnej cz\u0119\u015bci.Projektor wy\u015bwietli na tablicy obrazek znajduj\u0105cy si\u0119 na slajdzie.Aby [&hellip;]<\/p>\n","protected":false},"featured_media":10462,"comment_status":"closed","ping_status":"open","template":"","meta":[],"product_cat":[21],"product_tag":[832,774,620,721],"class_list":["post-10461","product","type-product","status-publish","has-post-thumbnail","hentry","product_cat-zabawki-plastyczne","product_tag-desery-dla-dzieci","product_tag-prezent-na-roczek-nie-zabawka","product_tag-quiz-opowiesci-z-narnii","product_tag-zagadki-matematyczne"],"_links":{"self":[{"href":"http:\/\/klubmamgdynia.pl\/index.php\/wp-json\/wp\/v2\/product\/10461","targetHints":{"allow":["GET"]}}],"collection":[{"href":"http:\/\/klubmamgdynia.pl\/index.php\/wp-json\/wp\/v2\/product"}],"about":[{"href":"http:\/\/klubmamgdynia.pl\/index.php\/wp-json\/wp\/v2\/types\/product"}],"replies":[{"embeddable":true,"href":"http:\/\/klubmamgdynia.pl\/index.php\/wp-json\/wp\/v2\/comments?post=10461"}],"wp:featuredmedia":[{"embeddable":true,"href":"http:\/\/klubmamgdynia.pl\/index.php\/wp-json\/wp\/v2\/media\/10462"}],"wp:attachment":[{"href":"http:\/\/klubmamgdynia.pl\/index.php\/wp-json\/wp\/v2\/media?parent=10461"}],"wp:term":[{"taxonomy":"product_cat","embeddable":true,"href":"http:\/\/klubmamgdynia.pl\/index.php\/wp-json\/wp\/v2\/product_cat?post=10461"},{"taxonomy":"product_tag","embeddable":true,"href":"http:\/\/klubmamgdynia.pl\/index.php\/wp-json\/wp\/v2\/product_tag?post=10461"}],"curies":[{"name":"wp","href":"https:\/\/api.w.org\/{rel}","templated":true}]}}