{"id":10463,"date":"2015-09-25T19:03:23","date_gmt":"2015-09-25T17:03:23","guid":{"rendered":"http:\/\/klubmamgdynia.pl\/index.php\/produkt\/aladine-koszulka-do-pokolorowania-dzungla\/"},"modified":"2026-04-05T19:38:24","modified_gmt":"2026-04-05T17:38:24","slug":"aladine-koszulka-do-pokolorowania-dzungla","status":"publish","type":"product","link":"http:\/\/klubmamgdynia.pl\/index.php\/produkt\/aladine-koszulka-do-pokolorowania-dzungla\/","title":{"rendered":"Aladine Koszulka Do Pokolorowania D\u017cungla"},"content":{"rendered":"<p>Koszulka bia\u0142a bawe\u0142niana z nadrukiem i pi\u0119cioma flamastrami do tkanin w zestawie. Rozmiar koszulki odpowiedni dla dziecka w wieku 5 lat. Po wyschni\u0119ciu tuszu i utrwaleniu go termicznie (za pomoc\u0105 \u017celazka) tkaniny mo\u017cna pra\u0107 w temperaturze 40 stopni Celsjusza. Wymiary zestawu 27x21x3,5 cm.<\/p>\n<h2>Aladine Koszulka Do Pokolorowania D\u017cungla Aladine<\/h2>\n<p>zagadki z odpowiedziami, kr\u00f3tkie bajki dla dzieci do czytania, motto dla nauczyciela, \u0142\u00f3d\u017a atrakcje dla dzieci, trudne zagadki i odpowiedzi, karty pracy dla dzieci z ukrainy pdf, z\u0142ote my\u015bli o przyja\u017ani, quiz flagi \u015bwiata, kolorowanka minionki, psi patrol kolorowanki, jak narysowa\u0107 oko, znaczenie imienia julian, cytat z kubusia puchatka o mi\u0142o\u015bci, zagadki o bo\u017cym narodzeniu, wielkanocne zagadki dla dzieci, praktyczny prezent dla rocznego dziecka<\/p>\n<p>yyyyy<\/p>\n<p>&nbsp;<\/p>\n","protected":false},"excerpt":{"rendered":"<p>Koszulka bia\u0142a bawe\u0142niana z nadrukiem i pi\u0119cioma flamastrami do tkanin w zestawie. Rozmiar koszulki odpowiedni dla dziecka w wieku 5 lat. Po wyschni\u0119ciu tuszu i utrwaleniu go termicznie (za pomoc\u0105 \u017celazka) tkaniny mo\u017cna pra\u0107 w temperaturze 40 stopni Celsjusza. Wymiary zestawu 27x21x3,5 cm. Aladine Koszulka Do Pokolorowania D\u017cungla Aladine zagadki z odpowiedziami, kr\u00f3tkie bajki dla [&hellip;]<\/p>\n","protected":false},"featured_media":10464,"comment_status":"closed","ping_status":"open","template":"","meta":[],"product_cat":[1880,21],"product_tag":[656,745,735,796],"class_list":["post-10463","product","type-product","status-publish","has-post-thumbnail","hentry","product_cat-aladine","product_cat-zabawki-plastyczne","product_tag-kolorowanki-lol","product_tag-prezent-dla-15-latki","product_tag-prezent-na-roczek-dziewczynka","product_tag-zagatki"],"_links":{"self":[{"href":"http:\/\/klubmamgdynia.pl\/index.php\/wp-json\/wp\/v2\/product\/10463","targetHints":{"allow":["GET"]}}],"collection":[{"href":"http:\/\/klubmamgdynia.pl\/index.php\/wp-json\/wp\/v2\/product"}],"about":[{"href":"http:\/\/klubmamgdynia.pl\/index.php\/wp-json\/wp\/v2\/types\/product"}],"replies":[{"embeddable":true,"href":"http:\/\/klubmamgdynia.pl\/index.php\/wp-json\/wp\/v2\/comments?post=10463"}],"wp:featuredmedia":[{"embeddable":true,"href":"http:\/\/klubmamgdynia.pl\/index.php\/wp-json\/wp\/v2\/media\/10464"}],"wp:attachment":[{"href":"http:\/\/klubmamgdynia.pl\/index.php\/wp-json\/wp\/v2\/media?parent=10463"}],"wp:term":[{"taxonomy":"product_cat","embeddable":true,"href":"http:\/\/klubmamgdynia.pl\/index.php\/wp-json\/wp\/v2\/product_cat?post=10463"},{"taxonomy":"product_tag","embeddable":true,"href":"http:\/\/klubmamgdynia.pl\/index.php\/wp-json\/wp\/v2\/product_tag?post=10463"}],"curies":[{"name":"wp","href":"https:\/\/api.w.org\/{rel}","templated":true}]}}