{"id":10465,"date":"2016-04-25T21:24:00","date_gmt":"2016-04-25T19:24:00","guid":{"rendered":"http:\/\/klubmamgdynia.pl\/index.php\/produkt\/aladine-stempelki-do-scrapa-kwiaty-ala03722\/"},"modified":"2026-04-30T14:38:09","modified_gmt":"2026-04-30T12:38:09","slug":"aladine-stempelki-do-scrapa-kwiaty-ala03722","status":"publish","type":"product","link":"http:\/\/klubmamgdynia.pl\/index.php\/produkt\/aladine-stempelki-do-scrapa-kwiaty-ala03722\/","title":{"rendered":"Aladine Stempelki Do Scrapa Kwiaty (Ala03722)"},"content":{"rendered":"<p>Idealny zestaw stempelk\u00f3w dla dziewczynki o wzorach kwiat\u00f3w. Zapewni du\u017co rado\u015bci i przyjemno\u015bci z zabawy.<\/p>\n<h2>Aladine Stempelki Do Scrapa Kwiaty (Ala03722) Aladine<\/h2>\n<p>aron, zagadki logiczne dla dzieci, opis rodzina, kolorowanki dla dziewczynek do druku, trudne zagadki, bajki do czytania na dobranoc, prezent roczek, szlaczki, cytaty o przyja\u017ani ma\u0142y ksi\u0105\u017c\u0119, zagadki i odpowiedzi, bajka dla dzieci do czytania, wycinanki dla dzieci do druku, myszka minnie kolorowanka, imi\u0119 liwia, impreza halloween 2021 dla dzieci, wierszyki na dobranoc dla dzieci, malgorzata znaczenie imienia, bajki dla dziewczynek, test lew czarownica i stara szafa, na wyspach bergamuta, quizy dla dzieci z bajek<\/p>\n<p>yyyyy<\/p>\n<p>&nbsp;<\/p>\n","protected":false},"excerpt":{"rendered":"<p>Idealny zestaw stempelk\u00f3w dla dziewczynki o wzorach kwiat\u00f3w. Zapewni du\u017co rado\u015bci i przyjemno\u015bci z zabawy. Aladine Stempelki Do Scrapa Kwiaty (Ala03722) Aladine aron, zagadki logiczne dla dzieci, opis rodzina, kolorowanki dla dziewczynek do druku, trudne zagadki, bajki do czytania na dobranoc, prezent roczek, szlaczki, cytaty o przyja\u017ani ma\u0142y ksi\u0105\u017c\u0119, zagadki i odpowiedzi, bajka dla dzieci [&hellip;]<\/p>\n","protected":false},"featured_media":10466,"comment_status":"closed","ping_status":"open","template":"","meta":[],"product_cat":[1880,21],"product_tag":[854,731,774],"class_list":["post-10465","product","type-product","status-publish","has-post-thumbnail","hentry","product_cat-aladine","product_cat-zabawki-plastyczne","product_tag-cytaty-rodzina","product_tag-maly-ksiaze-cytaty","product_tag-prezent-na-roczek-nie-zabawka"],"_links":{"self":[{"href":"http:\/\/klubmamgdynia.pl\/index.php\/wp-json\/wp\/v2\/product\/10465","targetHints":{"allow":["GET"]}}],"collection":[{"href":"http:\/\/klubmamgdynia.pl\/index.php\/wp-json\/wp\/v2\/product"}],"about":[{"href":"http:\/\/klubmamgdynia.pl\/index.php\/wp-json\/wp\/v2\/types\/product"}],"replies":[{"embeddable":true,"href":"http:\/\/klubmamgdynia.pl\/index.php\/wp-json\/wp\/v2\/comments?post=10465"}],"wp:featuredmedia":[{"embeddable":true,"href":"http:\/\/klubmamgdynia.pl\/index.php\/wp-json\/wp\/v2\/media\/10466"}],"wp:attachment":[{"href":"http:\/\/klubmamgdynia.pl\/index.php\/wp-json\/wp\/v2\/media?parent=10465"}],"wp:term":[{"taxonomy":"product_cat","embeddable":true,"href":"http:\/\/klubmamgdynia.pl\/index.php\/wp-json\/wp\/v2\/product_cat?post=10465"},{"taxonomy":"product_tag","embeddable":true,"href":"http:\/\/klubmamgdynia.pl\/index.php\/wp-json\/wp\/v2\/product_tag?post=10465"}],"curies":[{"name":"wp","href":"https:\/\/api.w.org\/{rel}","templated":true}]}}