{"id":10467,"date":"2025-07-02T12:25:54","date_gmt":"2025-07-02T10:25:54","guid":{"rendered":"http:\/\/klubmamgdynia.pl\/?post_type=product&#038;p=10467"},"modified":"2026-05-17T22:05:28","modified_gmt":"2026-05-17T20:05:28","slug":"quercetti-kolki-niebieskie-mozaika-pixel-art-1706","status":"publish","type":"product","link":"http:\/\/klubmamgdynia.pl\/index.php\/produkt\/quercetti-kolki-niebieskie-mozaika-pixel-art-1706\/","title":{"rendered":"Quercetti Ko\u0142ki niebieskie Mozaika Pixel art (1706)"},"content":{"rendered":"<p>KO\u0141KI MOZAIKA PIXEL ART NIEBIESKI 400 SZT.Zestaw uzupe\u0142niaj\u0105cy do mozaik z serii Pixel Art, zawieraj\u0105cy 400 niebieskich ko\u0142eczk\u00f3w o \u015brednicy 4 mmWyprodukowano we W\u0142oszechZAWARTO\u015a\u0106:400 ko\u0142k\u00f3wWIEK:5 lat+UWAGI:nieodpowiednie dla dzieci poni\u017cej 3 lat, z uwagi na ma\u0142e elementy.<\/p>\n<h2>Quercetti Ko\u0142ki niebieskie Mozaika Pixel art (1706) Dante<\/h2>\n<p>kolorowanki do wydruku postacie z bajek, misie z film\u00f3w animowanych, dinozaur bajka, szlaczki dla dzieci do druku, prezent dla dwunastolatka, znaczenie imiona justyna, lato lato lato czeka, mariola, rozrywka dla dzieci, imie nadia, bajka o dinozaurach do czytania<\/p>\n<p>yyyyy<\/p>\n<p>&nbsp;<\/p>\n","protected":false},"excerpt":{"rendered":"<p>KO\u0141KI MOZAIKA PIXEL ART NIEBIESKI 400 SZT.Zestaw uzupe\u0142niaj\u0105cy do mozaik z serii Pixel Art, zawieraj\u0105cy 400 niebieskich ko\u0142eczk\u00f3w o \u015brednicy 4 mmWyprodukowano we W\u0142oszechZAWARTO\u015a\u0106:400 ko\u0142k\u00f3wWIEK:5 lat+UWAGI:nieodpowiednie dla dzieci poni\u017cej 3 lat, z uwagi na ma\u0142e elementy. Quercetti Ko\u0142ki niebieskie Mozaika Pixel art (1706) Dante kolorowanki do wydruku postacie z bajek, misie z film\u00f3w animowanych, dinozaur [&hellip;]<\/p>\n","protected":false},"featured_media":10468,"comment_status":"closed","ping_status":"open","template":"","meta":[],"product_cat":[249,21],"product_tag":[654,745,841,840,824],"class_list":["post-10467","product","type-product","status-publish","has-post-thumbnail","hentry","product_cat-dante","product_cat-zabawki-plastyczne","product_tag-krotkie-bajki-dla-dzieci-do-czytania","product_tag-prezent-dla-15-latki","product_tag-quiz-o-flagach","product_tag-stare-bajki","product_tag-warszawa-atrakcje-dla-dzieci"],"_links":{"self":[{"href":"http:\/\/klubmamgdynia.pl\/index.php\/wp-json\/wp\/v2\/product\/10467","targetHints":{"allow":["GET"]}}],"collection":[{"href":"http:\/\/klubmamgdynia.pl\/index.php\/wp-json\/wp\/v2\/product"}],"about":[{"href":"http:\/\/klubmamgdynia.pl\/index.php\/wp-json\/wp\/v2\/types\/product"}],"replies":[{"embeddable":true,"href":"http:\/\/klubmamgdynia.pl\/index.php\/wp-json\/wp\/v2\/comments?post=10467"}],"wp:featuredmedia":[{"embeddable":true,"href":"http:\/\/klubmamgdynia.pl\/index.php\/wp-json\/wp\/v2\/media\/10468"}],"wp:attachment":[{"href":"http:\/\/klubmamgdynia.pl\/index.php\/wp-json\/wp\/v2\/media?parent=10467"}],"wp:term":[{"taxonomy":"product_cat","embeddable":true,"href":"http:\/\/klubmamgdynia.pl\/index.php\/wp-json\/wp\/v2\/product_cat?post=10467"},{"taxonomy":"product_tag","embeddable":true,"href":"http:\/\/klubmamgdynia.pl\/index.php\/wp-json\/wp\/v2\/product_tag?post=10467"}],"curies":[{"name":"wp","href":"https:\/\/api.w.org\/{rel}","templated":true}]}}